{"id":14982,"date":"2025-07-28T11:09:13","date_gmt":"2025-07-28T09:09:13","guid":{"rendered":"https:\/\/www.pekarna-pecjak.si\/?post_type=product&#038;p=14982"},"modified":"2026-04-20T09:11:39","modified_gmt":"2026-04-20T07:11:39","slug":"pirina-ribana-kasa","status":"publish","type":"product","link":"https:\/\/www.pekarna-pecjak.si\/en\/trgovina\/pirina-ribana-kasa\/","title":{"rendered":"Pirina ribana ka\u0161a"},"content":{"rendered":"<p>Su\u0161ene jaj\u010dne testenine, z dodano polnozrnato pirino moko, ki jih je potrebno termi\u010dno obdelati po navodilih proizvajalca.<\/p>\n","protected":false},"excerpt":{"rendered":"<p>Ribana ka\u0161a, tradicionalna priljubljena zakuha &#8211; v razli\u010dici iz pirine moke. Se ne razkuha in ne motni, zato jo lahko zakuhate neposredno v juho. Z jajci talne reje.<\/p>\n","protected":false},"featured_media":14987,"template":"","meta":{"_acf_changed":false},"product_brand":[],"product_cat":[40],"product_tag":[],"class_list":{"0":"post-14982","1":"product","2":"type-product","3":"status-publish","4":"has-post-thumbnail","6":"product_cat-testenine","8":"first","9":"instock","10":"taxable","11":"shipping-taxable","12":"purchasable","13":"product-type-variable"},"acf":[],"yoast_head":"<!-- This site is optimized with the Yoast SEO plugin v27.2 - https:\/\/yoast.com\/product\/yoast-seo-wordpress\/ -->\n<title>Pirina ribana ka\u0161a - Pekarna Pe\u010djak<\/title>\n<meta name=\"description\" content=\"Ribana ka\u0161a, tradicionalna priljubljena zakuha - v razli\u010dici iz pirine moke. Se ne razkuha in ne motni, zato jo lahko zakuhate neposredno v juho. Z jajci talne reje.\" \/>\n<meta name=\"robots\" content=\"index, follow, max-snippet:-1, max-image-preview:large, max-video-preview:-1\" \/>\n<link rel=\"canonical\" href=\"https:\/\/www.pekarna-pecjak.si\/en\/trgovina\/pirina-ribana-kasa\/\" \/>\n<meta property=\"og:locale\" content=\"en_US\" \/>\n<meta property=\"og:type\" content=\"article\" \/>\n<meta property=\"og:title\" content=\"Pirina ribana ka\u0161a - Pekarna Pe\u010djak\" \/>\n<meta property=\"og:description\" content=\"Ribana ka\u0161a, tradicionalna priljubljena zakuha - v razli\u010dici iz pirine moke. Se ne razkuha in ne motni, zato jo lahko zakuhate neposredno v juho. Z jajci talne reje.\" \/>\n<meta property=\"og:url\" content=\"https:\/\/www.pekarna-pecjak.si\/en\/trgovina\/pirina-ribana-kasa\/\" \/>\n<meta property=\"og:site_name\" content=\"Pekarna Pe\u010djak\" \/>\n<meta property=\"article:modified_time\" content=\"2026-04-20T07:11:39+00:00\" \/>\n<meta property=\"og:image\" content=\"https:\/\/www.pekarna-pecjak.si\/wp-content\/uploads\/2025\/07\/Pecjak-produkt-pirina-ribana-kasa.jpg\" \/>\n\t<meta property=\"og:image:width\" content=\"1725\" \/>\n\t<meta property=\"og:image:height\" content=\"800\" \/>\n\t<meta property=\"og:image:type\" content=\"image\/jpeg\" \/>\n<meta name=\"twitter:card\" content=\"summary_large_image\" \/>\n<script type=\"application\/ld+json\" class=\"yoast-schema-graph\">{\"@context\":\"https:\/\/schema.org\",\"@graph\":[{\"@type\":\"WebPage\",\"@id\":\"https:\/\/www.pekarna-pecjak.si\/en\/trgovina\/pirina-ribana-kasa\/\",\"url\":\"https:\/\/www.pekarna-pecjak.si\/en\/trgovina\/pirina-ribana-kasa\/\",\"name\":\"Pirina ribana ka\u0161a - Pekarna Pe\u010djak\",\"isPartOf\":{\"@id\":\"https:\/\/www.pekarna-pecjak.si\/en\/#website\"},\"primaryImageOfPage\":{\"@id\":\"https:\/\/www.pekarna-pecjak.si\/en\/trgovina\/pirina-ribana-kasa\/#primaryimage\"},\"image\":{\"@id\":\"https:\/\/www.pekarna-pecjak.si\/en\/trgovina\/pirina-ribana-kasa\/#primaryimage\"},\"thumbnailUrl\":\"https:\/\/www.pekarna-pecjak.si\/wp-content\/uploads\/2025\/07\/Pecjak-produkt-pirina-ribana-kasa.jpg\",\"datePublished\":\"2025-07-28T09:09:13+00:00\",\"dateModified\":\"2026-04-20T07:11:39+00:00\",\"description\":\"Ribana ka\u0161a, tradicionalna priljubljena zakuha - v razli\u010dici iz pirine moke. Se ne razkuha in ne motni, zato jo lahko zakuhate neposredno v juho. Z jajci talne reje.\",\"breadcrumb\":{\"@id\":\"https:\/\/www.pekarna-pecjak.si\/en\/trgovina\/pirina-ribana-kasa\/#breadcrumb\"},\"inLanguage\":\"en-US\",\"potentialAction\":[{\"@type\":\"ReadAction\",\"target\":[\"https:\/\/www.pekarna-pecjak.si\/en\/trgovina\/pirina-ribana-kasa\/\"]}]},{\"@type\":\"ImageObject\",\"inLanguage\":\"en-US\",\"@id\":\"https:\/\/www.pekarna-pecjak.si\/en\/trgovina\/pirina-ribana-kasa\/#primaryimage\",\"url\":\"https:\/\/www.pekarna-pecjak.si\/wp-content\/uploads\/2025\/07\/Pecjak-produkt-pirina-ribana-kasa.jpg\",\"contentUrl\":\"https:\/\/www.pekarna-pecjak.si\/wp-content\/uploads\/2025\/07\/Pecjak-produkt-pirina-ribana-kasa.jpg\",\"width\":1725,\"height\":800,\"caption\":\"Pirina ribana ka\u0161a\"},{\"@type\":\"BreadcrumbList\",\"@id\":\"https:\/\/www.pekarna-pecjak.si\/en\/trgovina\/pirina-ribana-kasa\/#breadcrumb\",\"itemListElement\":[{\"@type\":\"ListItem\",\"position\":1,\"name\":\"Home\",\"item\":\"https:\/\/www.pekarna-pecjak.si\/en\/\"},{\"@type\":\"ListItem\",\"position\":2,\"name\":\"Spletna trgovina\",\"item\":\"https:\/\/www.pekarna-pecjak.si\/trgovina\/\"},{\"@type\":\"ListItem\",\"position\":3,\"name\":\"Pirina ribana ka\u0161a\"}]},{\"@type\":\"WebSite\",\"@id\":\"https:\/\/www.pekarna-pecjak.si\/en\/#website\",\"url\":\"https:\/\/www.pekarna-pecjak.si\/en\/\",\"name\":\"Pekarna Pe\u010djak\",\"description\":\"\",\"potentialAction\":[{\"@type\":\"SearchAction\",\"target\":{\"@type\":\"EntryPoint\",\"urlTemplate\":\"https:\/\/www.pekarna-pecjak.si\/en\/?s={search_term_string}\"},\"query-input\":{\"@type\":\"PropertyValueSpecification\",\"valueRequired\":true,\"valueName\":\"search_term_string\"}}],\"inLanguage\":\"en-US\"}]}<\/script>\n<!-- \/ Yoast SEO plugin. -->","yoast_head_json":{"title":"Pirina ribana ka\u0161a - Pekarna Pe\u010djak","description":"Ribana ka\u0161a, tradicionalna priljubljena zakuha - v razli\u010dici iz pirine moke. Se ne razkuha in ne motni, zato jo lahko zakuhate neposredno v juho. Z jajci talne reje.","robots":{"index":"index","follow":"follow","max-snippet":"max-snippet:-1","max-image-preview":"max-image-preview:large","max-video-preview":"max-video-preview:-1"},"canonical":"https:\/\/www.pekarna-pecjak.si\/en\/trgovina\/pirina-ribana-kasa\/","og_locale":"en_US","og_type":"article","og_title":"Pirina ribana ka\u0161a - Pekarna Pe\u010djak","og_description":"Ribana ka\u0161a, tradicionalna priljubljena zakuha - v razli\u010dici iz pirine moke. Se ne razkuha in ne motni, zato jo lahko zakuhate neposredno v juho. Z jajci talne reje.","og_url":"https:\/\/www.pekarna-pecjak.si\/en\/trgovina\/pirina-ribana-kasa\/","og_site_name":"Pekarna Pe\u010djak","article_modified_time":"2026-04-20T07:11:39+00:00","og_image":[{"width":1725,"height":800,"url":"https:\/\/www.pekarna-pecjak.si\/wp-content\/uploads\/2025\/07\/Pecjak-produkt-pirina-ribana-kasa.jpg","type":"image\/jpeg"}],"twitter_card":"summary_large_image","schema":{"@context":"https:\/\/schema.org","@graph":[{"@type":"WebPage","@id":"https:\/\/www.pekarna-pecjak.si\/en\/trgovina\/pirina-ribana-kasa\/","url":"https:\/\/www.pekarna-pecjak.si\/en\/trgovina\/pirina-ribana-kasa\/","name":"Pirina ribana ka\u0161a - Pekarna Pe\u010djak","isPartOf":{"@id":"https:\/\/www.pekarna-pecjak.si\/en\/#website"},"primaryImageOfPage":{"@id":"https:\/\/www.pekarna-pecjak.si\/en\/trgovina\/pirina-ribana-kasa\/#primaryimage"},"image":{"@id":"https:\/\/www.pekarna-pecjak.si\/en\/trgovina\/pirina-ribana-kasa\/#primaryimage"},"thumbnailUrl":"https:\/\/www.pekarna-pecjak.si\/wp-content\/uploads\/2025\/07\/Pecjak-produkt-pirina-ribana-kasa.jpg","datePublished":"2025-07-28T09:09:13+00:00","dateModified":"2026-04-20T07:11:39+00:00","description":"Ribana ka\u0161a, tradicionalna priljubljena zakuha - v razli\u010dici iz pirine moke. Se ne razkuha in ne motni, zato jo lahko zakuhate neposredno v juho. Z jajci talne reje.","breadcrumb":{"@id":"https:\/\/www.pekarna-pecjak.si\/en\/trgovina\/pirina-ribana-kasa\/#breadcrumb"},"inLanguage":"en-US","potentialAction":[{"@type":"ReadAction","target":["https:\/\/www.pekarna-pecjak.si\/en\/trgovina\/pirina-ribana-kasa\/"]}]},{"@type":"ImageObject","inLanguage":"en-US","@id":"https:\/\/www.pekarna-pecjak.si\/en\/trgovina\/pirina-ribana-kasa\/#primaryimage","url":"https:\/\/www.pekarna-pecjak.si\/wp-content\/uploads\/2025\/07\/Pecjak-produkt-pirina-ribana-kasa.jpg","contentUrl":"https:\/\/www.pekarna-pecjak.si\/wp-content\/uploads\/2025\/07\/Pecjak-produkt-pirina-ribana-kasa.jpg","width":1725,"height":800,"caption":"Pirina ribana ka\u0161a"},{"@type":"BreadcrumbList","@id":"https:\/\/www.pekarna-pecjak.si\/en\/trgovina\/pirina-ribana-kasa\/#breadcrumb","itemListElement":[{"@type":"ListItem","position":1,"name":"Home","item":"https:\/\/www.pekarna-pecjak.si\/en\/"},{"@type":"ListItem","position":2,"name":"Spletna trgovina","item":"https:\/\/www.pekarna-pecjak.si\/trgovina\/"},{"@type":"ListItem","position":3,"name":"Pirina ribana ka\u0161a"}]},{"@type":"WebSite","@id":"https:\/\/www.pekarna-pecjak.si\/en\/#website","url":"https:\/\/www.pekarna-pecjak.si\/en\/","name":"Pekarna Pe\u010djak","description":"","potentialAction":[{"@type":"SearchAction","target":{"@type":"EntryPoint","urlTemplate":"https:\/\/www.pekarna-pecjak.si\/en\/?s={search_term_string}"},"query-input":{"@type":"PropertyValueSpecification","valueRequired":true,"valueName":"search_term_string"}}],"inLanguage":"en-US"}]}},"_links":{"self":[{"href":"https:\/\/www.pekarna-pecjak.si\/en\/wp-json\/wp\/v2\/product\/14982","targetHints":{"allow":["GET"]}}],"collection":[{"href":"https:\/\/www.pekarna-pecjak.si\/en\/wp-json\/wp\/v2\/product"}],"about":[{"href":"https:\/\/www.pekarna-pecjak.si\/en\/wp-json\/wp\/v2\/types\/product"}],"wp:featuredmedia":[{"embeddable":true,"href":"https:\/\/www.pekarna-pecjak.si\/en\/wp-json\/wp\/v2\/media\/14987"}],"wp:attachment":[{"href":"https:\/\/www.pekarna-pecjak.si\/en\/wp-json\/wp\/v2\/media?parent=14982"}],"wp:term":[{"taxonomy":"product_brand","embeddable":true,"href":"https:\/\/www.pekarna-pecjak.si\/en\/wp-json\/wp\/v2\/product_brand?post=14982"},{"taxonomy":"product_cat","embeddable":true,"href":"https:\/\/www.pekarna-pecjak.si\/en\/wp-json\/wp\/v2\/product_cat?post=14982"},{"taxonomy":"product_tag","embeddable":true,"href":"https:\/\/www.pekarna-pecjak.si\/en\/wp-json\/wp\/v2\/product_tag?post=14982"}],"curies":[{"name":"wp","href":"https:\/\/api.w.org\/{rel}","templated":true}]}}