{"id":15336,"date":"2025-09-08T07:51:32","date_gmt":"2025-09-08T05:51:32","guid":{"rendered":"https:\/\/www.pekarna-pecjak.si\/?post_type=product&#038;p=15336"},"modified":"2026-04-21T06:36:25","modified_gmt":"2026-04-21T04:36:25","slug":"listnato-testo-4x","status":"publish","type":"product","link":"https:\/\/www.pekarna-pecjak.si\/en\/trgovina\/listnato-testo-4x\/","title":{"rendered":"Listnato testo (3 + 1 gratis)"},"content":{"rendered":"<p>Hitro zamrznjeno listnato testo, ki ga je treba termi\u010dno obdelati po navodilih proizvajalca.<\/p>\n","protected":false},"excerpt":{"rendered":"<p>Odli\u010dno testo za va\u0161e sladke in slane domislice. Obi\u010dajno se ne zavija,<br \/>\nv primeru nadevov se plasti ena za drugo zlagajo v pladenj.<br \/>\n&#x2714; primerno za: slano pecivo, krem rezine, zavitke<\/p>\n","protected":false},"featured_media":15340,"template":"","meta":{"_acf_changed":false},"product_brand":[],"product_cat":[39],"product_tag":[],"class_list":{"0":"post-15336","1":"product","2":"type-product","3":"status-publish","4":"has-post-thumbnail","6":"product_cat-testa","8":"first","9":"instock","10":"sale","11":"taxable","12":"shipping-taxable","13":"purchasable","14":"product-type-variable"},"acf":[],"yoast_head":"<!-- This site is optimized with the Yoast SEO plugin v27.2 - https:\/\/yoast.com\/product\/yoast-seo-wordpress\/ -->\n<title>Listnato testo (3 + 1 gratis) - Pekarna Pe\u010djak<\/title>\n<meta name=\"description\" content=\"Listnato testo uporabite za krem\u0161nite in zavitke. Zamrznjeno, \u017ee pripravljeno vam skraj\u0161a \u010das priprave in je pri roki. Preverite nasvete za uporabo!\" \/>\n<meta name=\"robots\" content=\"index, follow, max-snippet:-1, max-image-preview:large, max-video-preview:-1\" \/>\n<link rel=\"canonical\" href=\"https:\/\/www.pekarna-pecjak.si\/en\/trgovina\/listnato-testo-4x\/\" \/>\n<meta property=\"og:locale\" content=\"en_US\" \/>\n<meta property=\"og:type\" content=\"article\" \/>\n<meta property=\"og:title\" content=\"Listnato testo (3 + 1 gratis) - Pekarna Pe\u010djak\" \/>\n<meta property=\"og:description\" content=\"Listnato testo uporabite za krem\u0161nite in zavitke. Zamrznjeno, \u017ee pripravljeno vam skraj\u0161a \u010das priprave in je pri roki. Preverite nasvete za uporabo!\" \/>\n<meta property=\"og:url\" content=\"https:\/\/www.pekarna-pecjak.si\/en\/trgovina\/listnato-testo-4x\/\" \/>\n<meta property=\"og:site_name\" content=\"Pekarna Pe\u010djak\" \/>\n<meta property=\"article:modified_time\" content=\"2026-04-21T04:36:25+00:00\" \/>\n<meta property=\"og:image\" content=\"https:\/\/www.pekarna-pecjak.si\/wp-content\/uploads\/2025\/09\/Pecjak-testo-listnato-31gratis_hero.jpg\" \/>\n\t<meta property=\"og:image:width\" content=\"1725\" \/>\n\t<meta property=\"og:image:height\" content=\"800\" \/>\n\t<meta property=\"og:image:type\" content=\"image\/jpeg\" \/>\n<meta name=\"twitter:card\" content=\"summary_large_image\" \/>\n<script type=\"application\/ld+json\" class=\"yoast-schema-graph\">{\"@context\":\"https:\/\/schema.org\",\"@graph\":[{\"@type\":\"WebPage\",\"@id\":\"https:\/\/www.pekarna-pecjak.si\/en\/trgovina\/listnato-testo-4x\/\",\"url\":\"https:\/\/www.pekarna-pecjak.si\/en\/trgovina\/listnato-testo-4x\/\",\"name\":\"Listnato testo (3 + 1 gratis) - Pekarna Pe\u010djak\",\"isPartOf\":{\"@id\":\"https:\/\/www.pekarna-pecjak.si\/en\/#website\"},\"primaryImageOfPage\":{\"@id\":\"https:\/\/www.pekarna-pecjak.si\/en\/trgovina\/listnato-testo-4x\/#primaryimage\"},\"image\":{\"@id\":\"https:\/\/www.pekarna-pecjak.si\/en\/trgovina\/listnato-testo-4x\/#primaryimage\"},\"thumbnailUrl\":\"https:\/\/www.pekarna-pecjak.si\/wp-content\/uploads\/2025\/09\/Pecjak-testo-listnato-31gratis_hero.jpg\",\"datePublished\":\"2025-09-08T05:51:32+00:00\",\"dateModified\":\"2026-04-21T04:36:25+00:00\",\"description\":\"Listnato testo uporabite za krem\u0161nite in zavitke. Zamrznjeno, \u017ee pripravljeno vam skraj\u0161a \u010das priprave in je pri roki. Preverite nasvete za uporabo!\",\"breadcrumb\":{\"@id\":\"https:\/\/www.pekarna-pecjak.si\/en\/trgovina\/listnato-testo-4x\/#breadcrumb\"},\"inLanguage\":\"en-US\",\"potentialAction\":[{\"@type\":\"ReadAction\",\"target\":[\"https:\/\/www.pekarna-pecjak.si\/en\/trgovina\/listnato-testo-4x\/\"]}]},{\"@type\":\"ImageObject\",\"inLanguage\":\"en-US\",\"@id\":\"https:\/\/www.pekarna-pecjak.si\/en\/trgovina\/listnato-testo-4x\/#primaryimage\",\"url\":\"https:\/\/www.pekarna-pecjak.si\/wp-content\/uploads\/2025\/09\/Pecjak-testo-listnato-31gratis_hero.jpg\",\"contentUrl\":\"https:\/\/www.pekarna-pecjak.si\/wp-content\/uploads\/2025\/09\/Pecjak-testo-listnato-31gratis_hero.jpg\",\"width\":1725,\"height\":800,\"caption\":\"Listnato testo (3 + 1 gratis)\"},{\"@type\":\"BreadcrumbList\",\"@id\":\"https:\/\/www.pekarna-pecjak.si\/en\/trgovina\/listnato-testo-4x\/#breadcrumb\",\"itemListElement\":[{\"@type\":\"ListItem\",\"position\":1,\"name\":\"Home\",\"item\":\"https:\/\/www.pekarna-pecjak.si\/en\/\"},{\"@type\":\"ListItem\",\"position\":2,\"name\":\"Spletna trgovina\",\"item\":\"https:\/\/www.pekarna-pecjak.si\/trgovina\/\"},{\"@type\":\"ListItem\",\"position\":3,\"name\":\"Listnato testo (3 + 1 gratis)\"}]},{\"@type\":\"WebSite\",\"@id\":\"https:\/\/www.pekarna-pecjak.si\/en\/#website\",\"url\":\"https:\/\/www.pekarna-pecjak.si\/en\/\",\"name\":\"Pekarna Pe\u010djak\",\"description\":\"\",\"potentialAction\":[{\"@type\":\"SearchAction\",\"target\":{\"@type\":\"EntryPoint\",\"urlTemplate\":\"https:\/\/www.pekarna-pecjak.si\/en\/?s={search_term_string}\"},\"query-input\":{\"@type\":\"PropertyValueSpecification\",\"valueRequired\":true,\"valueName\":\"search_term_string\"}}],\"inLanguage\":\"en-US\"}]}<\/script>\n<!-- \/ Yoast SEO plugin. -->","yoast_head_json":{"title":"Listnato testo (3 + 1 gratis) - Pekarna Pe\u010djak","description":"Listnato testo uporabite za krem\u0161nite in zavitke. Zamrznjeno, \u017ee pripravljeno vam skraj\u0161a \u010das priprave in je pri roki. Preverite nasvete za uporabo!","robots":{"index":"index","follow":"follow","max-snippet":"max-snippet:-1","max-image-preview":"max-image-preview:large","max-video-preview":"max-video-preview:-1"},"canonical":"https:\/\/www.pekarna-pecjak.si\/en\/trgovina\/listnato-testo-4x\/","og_locale":"en_US","og_type":"article","og_title":"Listnato testo (3 + 1 gratis) - Pekarna Pe\u010djak","og_description":"Listnato testo uporabite za krem\u0161nite in zavitke. Zamrznjeno, \u017ee pripravljeno vam skraj\u0161a \u010das priprave in je pri roki. Preverite nasvete za uporabo!","og_url":"https:\/\/www.pekarna-pecjak.si\/en\/trgovina\/listnato-testo-4x\/","og_site_name":"Pekarna Pe\u010djak","article_modified_time":"2026-04-21T04:36:25+00:00","og_image":[{"width":1725,"height":800,"url":"https:\/\/www.pekarna-pecjak.si\/wp-content\/uploads\/2025\/09\/Pecjak-testo-listnato-31gratis_hero.jpg","type":"image\/jpeg"}],"twitter_card":"summary_large_image","schema":{"@context":"https:\/\/schema.org","@graph":[{"@type":"WebPage","@id":"https:\/\/www.pekarna-pecjak.si\/en\/trgovina\/listnato-testo-4x\/","url":"https:\/\/www.pekarna-pecjak.si\/en\/trgovina\/listnato-testo-4x\/","name":"Listnato testo (3 + 1 gratis) - Pekarna Pe\u010djak","isPartOf":{"@id":"https:\/\/www.pekarna-pecjak.si\/en\/#website"},"primaryImageOfPage":{"@id":"https:\/\/www.pekarna-pecjak.si\/en\/trgovina\/listnato-testo-4x\/#primaryimage"},"image":{"@id":"https:\/\/www.pekarna-pecjak.si\/en\/trgovina\/listnato-testo-4x\/#primaryimage"},"thumbnailUrl":"https:\/\/www.pekarna-pecjak.si\/wp-content\/uploads\/2025\/09\/Pecjak-testo-listnato-31gratis_hero.jpg","datePublished":"2025-09-08T05:51:32+00:00","dateModified":"2026-04-21T04:36:25+00:00","description":"Listnato testo uporabite za krem\u0161nite in zavitke. Zamrznjeno, \u017ee pripravljeno vam skraj\u0161a \u010das priprave in je pri roki. Preverite nasvete za uporabo!","breadcrumb":{"@id":"https:\/\/www.pekarna-pecjak.si\/en\/trgovina\/listnato-testo-4x\/#breadcrumb"},"inLanguage":"en-US","potentialAction":[{"@type":"ReadAction","target":["https:\/\/www.pekarna-pecjak.si\/en\/trgovina\/listnato-testo-4x\/"]}]},{"@type":"ImageObject","inLanguage":"en-US","@id":"https:\/\/www.pekarna-pecjak.si\/en\/trgovina\/listnato-testo-4x\/#primaryimage","url":"https:\/\/www.pekarna-pecjak.si\/wp-content\/uploads\/2025\/09\/Pecjak-testo-listnato-31gratis_hero.jpg","contentUrl":"https:\/\/www.pekarna-pecjak.si\/wp-content\/uploads\/2025\/09\/Pecjak-testo-listnato-31gratis_hero.jpg","width":1725,"height":800,"caption":"Listnato testo (3 + 1 gratis)"},{"@type":"BreadcrumbList","@id":"https:\/\/www.pekarna-pecjak.si\/en\/trgovina\/listnato-testo-4x\/#breadcrumb","itemListElement":[{"@type":"ListItem","position":1,"name":"Home","item":"https:\/\/www.pekarna-pecjak.si\/en\/"},{"@type":"ListItem","position":2,"name":"Spletna trgovina","item":"https:\/\/www.pekarna-pecjak.si\/trgovina\/"},{"@type":"ListItem","position":3,"name":"Listnato testo (3 + 1 gratis)"}]},{"@type":"WebSite","@id":"https:\/\/www.pekarna-pecjak.si\/en\/#website","url":"https:\/\/www.pekarna-pecjak.si\/en\/","name":"Pekarna Pe\u010djak","description":"","potentialAction":[{"@type":"SearchAction","target":{"@type":"EntryPoint","urlTemplate":"https:\/\/www.pekarna-pecjak.si\/en\/?s={search_term_string}"},"query-input":{"@type":"PropertyValueSpecification","valueRequired":true,"valueName":"search_term_string"}}],"inLanguage":"en-US"}]}},"_links":{"self":[{"href":"https:\/\/www.pekarna-pecjak.si\/en\/wp-json\/wp\/v2\/product\/15336","targetHints":{"allow":["GET"]}}],"collection":[{"href":"https:\/\/www.pekarna-pecjak.si\/en\/wp-json\/wp\/v2\/product"}],"about":[{"href":"https:\/\/www.pekarna-pecjak.si\/en\/wp-json\/wp\/v2\/types\/product"}],"wp:featuredmedia":[{"embeddable":true,"href":"https:\/\/www.pekarna-pecjak.si\/en\/wp-json\/wp\/v2\/media\/15340"}],"wp:attachment":[{"href":"https:\/\/www.pekarna-pecjak.si\/en\/wp-json\/wp\/v2\/media?parent=15336"}],"wp:term":[{"taxonomy":"product_brand","embeddable":true,"href":"https:\/\/www.pekarna-pecjak.si\/en\/wp-json\/wp\/v2\/product_brand?post=15336"},{"taxonomy":"product_cat","embeddable":true,"href":"https:\/\/www.pekarna-pecjak.si\/en\/wp-json\/wp\/v2\/product_cat?post=15336"},{"taxonomy":"product_tag","embeddable":true,"href":"https:\/\/www.pekarna-pecjak.si\/en\/wp-json\/wp\/v2\/product_tag?post=15336"}],"curies":[{"name":"wp","href":"https:\/\/api.w.org\/{rel}","templated":true}]}}