{"id":16092,"date":"2025-10-06T13:02:33","date_gmt":"2025-10-06T11:02:33","guid":{"rendered":"https:\/\/www.pekarna-pecjak.si\/?post_type=product&#038;p=16092"},"modified":"2026-04-29T07:05:08","modified_gmt":"2026-04-29T05:05:08","slug":"grillita-kajmak-2x","status":"publish","type":"product","link":"https:\/\/www.pekarna-pecjak.si\/en\/trgovina\/grillita-kajmak-2x\/","title":{"rendered":"Grillita kajmak (1 +1 gratis)"},"content":{"rendered":"<p>Hitro zamrznjeni izdelek iz vle\u010denega testa z nadevom, ki ga je treba termi\u010dno obdelati po navodilih proizvajalca.<\/p>\n","protected":false},"excerpt":{"rendered":"<p>Grillita je rahlo vle\u010deno testo polnjeno s so\u010dnim kajmakom in zvito v obliki \u0161pirale. Idealna je za postre\u017ebo na pikniku, namesto kruha kot popolna priloga k mesu z \u017eara in zelenjavi na \u017earu. Lahko jo prere\u017eete in nadevate s \u010devap\u010di\u010di.<br \/>\nOdli\u010dna je tudi kot samostojen prigrizek.<\/p>\n","protected":false},"featured_media":16094,"template":"","meta":{"_acf_changed":false},"product_brand":[],"product_cat":[29],"product_tag":[],"class_list":{"0":"post-16092","1":"product","2":"type-product","3":"status-publish","4":"has-post-thumbnail","6":"product_cat-burek","8":"first","9":"instock","10":"sale","11":"taxable","12":"shipping-taxable","13":"purchasable","14":"product-type-variable"},"acf":[],"yoast_head":"<!-- This site is optimized with the Yoast SEO plugin v27.2 - https:\/\/yoast.com\/product\/yoast-seo-wordpress\/ -->\n<title>Grillita kajmak (1 +1 gratis) - Pekarna Pe\u010djak<\/title>\n<meta name=\"description\" content=\"Grillita je rahlo vle\u010deno testo, polnjeno s so\u010dnim kajmakom in zvito v obliki \u0161pirale. Idealna je za postre\u017ebo na pikniku, namesto kruha kot popolna priloga k mesu z \u017eara in zelenjavi na \u017earu. Zamrznjeno le odtajajte ter po navodilih specite v namiznem kontaktnem \u017earu, v ponvi, na ravni \u017ear plo\u0161\u010di ali v pe\u010dici.\" \/>\n<meta name=\"robots\" content=\"index, follow, max-snippet:-1, max-image-preview:large, max-video-preview:-1\" \/>\n<link rel=\"canonical\" href=\"https:\/\/www.pekarna-pecjak.si\/en\/trgovina\/grillita-kajmak-2x\/\" \/>\n<meta property=\"og:locale\" content=\"en_US\" \/>\n<meta property=\"og:type\" content=\"article\" \/>\n<meta property=\"og:title\" content=\"Grillita kajmak (1 +1 gratis) - Pekarna Pe\u010djak\" \/>\n<meta property=\"og:description\" content=\"Grillita je rahlo vle\u010deno testo, polnjeno s so\u010dnim kajmakom in zvito v obliki \u0161pirale. Idealna je za postre\u017ebo na pikniku, namesto kruha kot popolna priloga k mesu z \u017eara in zelenjavi na \u017earu. Zamrznjeno le odtajajte ter po navodilih specite v namiznem kontaktnem \u017earu, v ponvi, na ravni \u017ear plo\u0161\u010di ali v pe\u010dici.\" \/>\n<meta property=\"og:url\" content=\"https:\/\/www.pekarna-pecjak.si\/en\/trgovina\/grillita-kajmak-2x\/\" \/>\n<meta property=\"og:site_name\" content=\"Pekarna Pe\u010djak\" \/>\n<meta property=\"article:modified_time\" content=\"2026-04-29T05:05:08+00:00\" \/>\n<meta property=\"og:image\" content=\"https:\/\/www.pekarna-pecjak.si\/wp-content\/uploads\/2025\/10\/Pecjak-burek-Grillita-2x_hero.jpg\" \/>\n\t<meta property=\"og:image:width\" content=\"1725\" \/>\n\t<meta property=\"og:image:height\" content=\"800\" \/>\n\t<meta property=\"og:image:type\" content=\"image\/jpeg\" \/>\n<meta name=\"twitter:card\" content=\"summary_large_image\" \/>\n<script type=\"application\/ld+json\" class=\"yoast-schema-graph\">{\"@context\":\"https:\/\/schema.org\",\"@graph\":[{\"@type\":\"WebPage\",\"@id\":\"https:\/\/www.pekarna-pecjak.si\/en\/trgovina\/grillita-kajmak-2x\/\",\"url\":\"https:\/\/www.pekarna-pecjak.si\/en\/trgovina\/grillita-kajmak-2x\/\",\"name\":\"Grillita kajmak (1 +1 gratis) - Pekarna Pe\u010djak\",\"isPartOf\":{\"@id\":\"https:\/\/www.pekarna-pecjak.si\/en\/#website\"},\"primaryImageOfPage\":{\"@id\":\"https:\/\/www.pekarna-pecjak.si\/en\/trgovina\/grillita-kajmak-2x\/#primaryimage\"},\"image\":{\"@id\":\"https:\/\/www.pekarna-pecjak.si\/en\/trgovina\/grillita-kajmak-2x\/#primaryimage\"},\"thumbnailUrl\":\"https:\/\/www.pekarna-pecjak.si\/wp-content\/uploads\/2025\/10\/Pecjak-burek-Grillita-2x_hero.jpg\",\"datePublished\":\"2025-10-06T11:02:33+00:00\",\"dateModified\":\"2026-04-29T05:05:08+00:00\",\"description\":\"Grillita je rahlo vle\u010deno testo, polnjeno s so\u010dnim kajmakom in zvito v obliki \u0161pirale. Idealna je za postre\u017ebo na pikniku, namesto kruha kot popolna priloga k mesu z \u017eara in zelenjavi na \u017earu. Zamrznjeno le odtajajte ter po navodilih specite v namiznem kontaktnem \u017earu, v ponvi, na ravni \u017ear plo\u0161\u010di ali v pe\u010dici.\",\"breadcrumb\":{\"@id\":\"https:\/\/www.pekarna-pecjak.si\/en\/trgovina\/grillita-kajmak-2x\/#breadcrumb\"},\"inLanguage\":\"en-US\",\"potentialAction\":[{\"@type\":\"ReadAction\",\"target\":[\"https:\/\/www.pekarna-pecjak.si\/en\/trgovina\/grillita-kajmak-2x\/\"]}]},{\"@type\":\"ImageObject\",\"inLanguage\":\"en-US\",\"@id\":\"https:\/\/www.pekarna-pecjak.si\/en\/trgovina\/grillita-kajmak-2x\/#primaryimage\",\"url\":\"https:\/\/www.pekarna-pecjak.si\/wp-content\/uploads\/2025\/10\/Pecjak-burek-Grillita-2x_hero.jpg\",\"contentUrl\":\"https:\/\/www.pekarna-pecjak.si\/wp-content\/uploads\/2025\/10\/Pecjak-burek-Grillita-2x_hero.jpg\",\"width\":1725,\"height\":800,\"caption\":\"Grillita kajmak 800g (1 + 1 gratis)\"},{\"@type\":\"BreadcrumbList\",\"@id\":\"https:\/\/www.pekarna-pecjak.si\/en\/trgovina\/grillita-kajmak-2x\/#breadcrumb\",\"itemListElement\":[{\"@type\":\"ListItem\",\"position\":1,\"name\":\"Home\",\"item\":\"https:\/\/www.pekarna-pecjak.si\/en\/\"},{\"@type\":\"ListItem\",\"position\":2,\"name\":\"Spletna trgovina\",\"item\":\"https:\/\/www.pekarna-pecjak.si\/trgovina\/\"},{\"@type\":\"ListItem\",\"position\":3,\"name\":\"Grillita kajmak (1 +1 gratis)\"}]},{\"@type\":\"WebSite\",\"@id\":\"https:\/\/www.pekarna-pecjak.si\/en\/#website\",\"url\":\"https:\/\/www.pekarna-pecjak.si\/en\/\",\"name\":\"Pekarna Pe\u010djak\",\"description\":\"\",\"potentialAction\":[{\"@type\":\"SearchAction\",\"target\":{\"@type\":\"EntryPoint\",\"urlTemplate\":\"https:\/\/www.pekarna-pecjak.si\/en\/?s={search_term_string}\"},\"query-input\":{\"@type\":\"PropertyValueSpecification\",\"valueRequired\":true,\"valueName\":\"search_term_string\"}}],\"inLanguage\":\"en-US\"}]}<\/script>\n<!-- \/ Yoast SEO plugin. -->","yoast_head_json":{"title":"Grillita kajmak (1 +1 gratis) - Pekarna Pe\u010djak","description":"Grillita je rahlo vle\u010deno testo, polnjeno s so\u010dnim kajmakom in zvito v obliki \u0161pirale. Idealna je za postre\u017ebo na pikniku, namesto kruha kot popolna priloga k mesu z \u017eara in zelenjavi na \u017earu. Zamrznjeno le odtajajte ter po navodilih specite v namiznem kontaktnem \u017earu, v ponvi, na ravni \u017ear plo\u0161\u010di ali v pe\u010dici.","robots":{"index":"index","follow":"follow","max-snippet":"max-snippet:-1","max-image-preview":"max-image-preview:large","max-video-preview":"max-video-preview:-1"},"canonical":"https:\/\/www.pekarna-pecjak.si\/en\/trgovina\/grillita-kajmak-2x\/","og_locale":"en_US","og_type":"article","og_title":"Grillita kajmak (1 +1 gratis) - Pekarna Pe\u010djak","og_description":"Grillita je rahlo vle\u010deno testo, polnjeno s so\u010dnim kajmakom in zvito v obliki \u0161pirale. Idealna je za postre\u017ebo na pikniku, namesto kruha kot popolna priloga k mesu z \u017eara in zelenjavi na \u017earu. Zamrznjeno le odtajajte ter po navodilih specite v namiznem kontaktnem \u017earu, v ponvi, na ravni \u017ear plo\u0161\u010di ali v pe\u010dici.","og_url":"https:\/\/www.pekarna-pecjak.si\/en\/trgovina\/grillita-kajmak-2x\/","og_site_name":"Pekarna Pe\u010djak","article_modified_time":"2026-04-29T05:05:08+00:00","og_image":[{"width":1725,"height":800,"url":"https:\/\/www.pekarna-pecjak.si\/wp-content\/uploads\/2025\/10\/Pecjak-burek-Grillita-2x_hero.jpg","type":"image\/jpeg"}],"twitter_card":"summary_large_image","schema":{"@context":"https:\/\/schema.org","@graph":[{"@type":"WebPage","@id":"https:\/\/www.pekarna-pecjak.si\/en\/trgovina\/grillita-kajmak-2x\/","url":"https:\/\/www.pekarna-pecjak.si\/en\/trgovina\/grillita-kajmak-2x\/","name":"Grillita kajmak (1 +1 gratis) - Pekarna Pe\u010djak","isPartOf":{"@id":"https:\/\/www.pekarna-pecjak.si\/en\/#website"},"primaryImageOfPage":{"@id":"https:\/\/www.pekarna-pecjak.si\/en\/trgovina\/grillita-kajmak-2x\/#primaryimage"},"image":{"@id":"https:\/\/www.pekarna-pecjak.si\/en\/trgovina\/grillita-kajmak-2x\/#primaryimage"},"thumbnailUrl":"https:\/\/www.pekarna-pecjak.si\/wp-content\/uploads\/2025\/10\/Pecjak-burek-Grillita-2x_hero.jpg","datePublished":"2025-10-06T11:02:33+00:00","dateModified":"2026-04-29T05:05:08+00:00","description":"Grillita je rahlo vle\u010deno testo, polnjeno s so\u010dnim kajmakom in zvito v obliki \u0161pirale. Idealna je za postre\u017ebo na pikniku, namesto kruha kot popolna priloga k mesu z \u017eara in zelenjavi na \u017earu. Zamrznjeno le odtajajte ter po navodilih specite v namiznem kontaktnem \u017earu, v ponvi, na ravni \u017ear plo\u0161\u010di ali v pe\u010dici.","breadcrumb":{"@id":"https:\/\/www.pekarna-pecjak.si\/en\/trgovina\/grillita-kajmak-2x\/#breadcrumb"},"inLanguage":"en-US","potentialAction":[{"@type":"ReadAction","target":["https:\/\/www.pekarna-pecjak.si\/en\/trgovina\/grillita-kajmak-2x\/"]}]},{"@type":"ImageObject","inLanguage":"en-US","@id":"https:\/\/www.pekarna-pecjak.si\/en\/trgovina\/grillita-kajmak-2x\/#primaryimage","url":"https:\/\/www.pekarna-pecjak.si\/wp-content\/uploads\/2025\/10\/Pecjak-burek-Grillita-2x_hero.jpg","contentUrl":"https:\/\/www.pekarna-pecjak.si\/wp-content\/uploads\/2025\/10\/Pecjak-burek-Grillita-2x_hero.jpg","width":1725,"height":800,"caption":"Grillita kajmak 800g (1 + 1 gratis)"},{"@type":"BreadcrumbList","@id":"https:\/\/www.pekarna-pecjak.si\/en\/trgovina\/grillita-kajmak-2x\/#breadcrumb","itemListElement":[{"@type":"ListItem","position":1,"name":"Home","item":"https:\/\/www.pekarna-pecjak.si\/en\/"},{"@type":"ListItem","position":2,"name":"Spletna trgovina","item":"https:\/\/www.pekarna-pecjak.si\/trgovina\/"},{"@type":"ListItem","position":3,"name":"Grillita kajmak (1 +1 gratis)"}]},{"@type":"WebSite","@id":"https:\/\/www.pekarna-pecjak.si\/en\/#website","url":"https:\/\/www.pekarna-pecjak.si\/en\/","name":"Pekarna Pe\u010djak","description":"","potentialAction":[{"@type":"SearchAction","target":{"@type":"EntryPoint","urlTemplate":"https:\/\/www.pekarna-pecjak.si\/en\/?s={search_term_string}"},"query-input":{"@type":"PropertyValueSpecification","valueRequired":true,"valueName":"search_term_string"}}],"inLanguage":"en-US"}]}},"_links":{"self":[{"href":"https:\/\/www.pekarna-pecjak.si\/en\/wp-json\/wp\/v2\/product\/16092","targetHints":{"allow":["GET"]}}],"collection":[{"href":"https:\/\/www.pekarna-pecjak.si\/en\/wp-json\/wp\/v2\/product"}],"about":[{"href":"https:\/\/www.pekarna-pecjak.si\/en\/wp-json\/wp\/v2\/types\/product"}],"wp:featuredmedia":[{"embeddable":true,"href":"https:\/\/www.pekarna-pecjak.si\/en\/wp-json\/wp\/v2\/media\/16094"}],"wp:attachment":[{"href":"https:\/\/www.pekarna-pecjak.si\/en\/wp-json\/wp\/v2\/media?parent=16092"}],"wp:term":[{"taxonomy":"product_brand","embeddable":true,"href":"https:\/\/www.pekarna-pecjak.si\/en\/wp-json\/wp\/v2\/product_brand?post=16092"},{"taxonomy":"product_cat","embeddable":true,"href":"https:\/\/www.pekarna-pecjak.si\/en\/wp-json\/wp\/v2\/product_cat?post=16092"},{"taxonomy":"product_tag","embeddable":true,"href":"https:\/\/www.pekarna-pecjak.si\/en\/wp-json\/wp\/v2\/product_tag?post=16092"}],"curies":[{"name":"wp","href":"https:\/\/api.w.org\/{rel}","templated":true}]}}