{"id":16832,"date":"2026-01-09T10:15:54","date_gmt":"2026-01-09T09:15:54","guid":{"rendered":"https:\/\/www.pekarna-pecjak.si\/?post_type=product&#038;p=16832"},"modified":"2026-04-20T09:10:23","modified_gmt":"2026-04-20T07:10:23","slug":"kmecki-svaljki-s-polnozrnatimi-ovsenimi-kosmici","status":"publish","type":"product","link":"https:\/\/www.pekarna-pecjak.si\/en\/trgovina\/kmecki-svaljki-s-polnozrnatimi-ovsenimi-kosmici\/","title":{"rendered":"Kme\u010dki svaljki s polnozrnatimi ovsenimi kosmi\u010di"},"content":{"rendered":"<p>Hitro zamrznjeni izdelek iz krompirjevega testa, ki ga je treba termi\u010dno obdelati po navodilih proizvajalca.<\/p>\n","protected":false},"excerpt":{"rendered":"<p>Kme\u010dki svaljki, obogateni s polnozrnatimi ovsenimi kosmi\u010di. Poln okus- bogastvo vlaknin!<br \/>\nPolnozrnati ovseni kosmi\u010di lepo dopolnjujejo krompirjevo testo in svaljkom podarijo poln, nekoliko ore\u0161kast okus. Zaradi visoke vsebnosti kosmi\u010dev so svaljki vir prehranske vlaknine in tako dobra osnova va\u0161e varovalne prehrane.<\/p>\n","protected":false},"featured_media":16795,"template":"","meta":{"_acf_changed":false},"product_brand":[],"product_cat":[35],"product_tag":[],"class_list":{"0":"post-16832","1":"product","2":"type-product","3":"status-publish","4":"has-post-thumbnail","6":"product_cat-svaljki-in-ocvrtki","8":"first","9":"instock","10":"taxable","11":"shipping-taxable","12":"purchasable","13":"product-type-variable"},"acf":[],"yoast_head":"<!-- This site is optimized with the Yoast SEO plugin v27.2 - https:\/\/yoast.com\/product\/yoast-seo-wordpress\/ -->\n<title>Kme\u010dki svaljki s polnozrnatimi ovsenimi kosmi\u010di - Pekarna Pe\u010djak<\/title>\n<meta name=\"description\" content=\"Kme\u010dki svaljki, obogateni s polnozrnatimi ovsenimi kosmi\u010di. Poln okus- bogastvo vlaknin! Polnozrnati ovseni kosmi\u010di lepo dopolnjujejo krompirjevo testo in svaljkom podarijo poln, nekoliko ore\u0161kast okus. Zaradi visoke vsebnosti kosmi\u010dev so svaljki vir prehranske vlaknine in tako dobra osnova va\u0161e varovalne prehrane.\" \/>\n<meta name=\"robots\" content=\"index, follow, max-snippet:-1, max-image-preview:large, max-video-preview:-1\" \/>\n<link rel=\"canonical\" href=\"https:\/\/www.pekarna-pecjak.si\/en\/trgovina\/kmecki-svaljki-s-polnozrnatimi-ovsenimi-kosmici\/\" \/>\n<meta property=\"og:locale\" content=\"en_US\" \/>\n<meta property=\"og:type\" content=\"article\" \/>\n<meta property=\"og:title\" content=\"Kme\u010dki svaljki s polnozrnatimi ovsenimi kosmi\u010di - Pekarna Pe\u010djak\" \/>\n<meta property=\"og:description\" content=\"Kme\u010dki svaljki, obogateni s polnozrnatimi ovsenimi kosmi\u010di. Poln okus- bogastvo vlaknin! Polnozrnati ovseni kosmi\u010di lepo dopolnjujejo krompirjevo testo in svaljkom podarijo poln, nekoliko ore\u0161kast okus. Zaradi visoke vsebnosti kosmi\u010dev so svaljki vir prehranske vlaknine in tako dobra osnova va\u0161e varovalne prehrane.\" \/>\n<meta property=\"og:url\" content=\"https:\/\/www.pekarna-pecjak.si\/en\/trgovina\/kmecki-svaljki-s-polnozrnatimi-ovsenimi-kosmici\/\" \/>\n<meta property=\"og:site_name\" content=\"Pekarna Pe\u010djak\" \/>\n<meta property=\"article:modified_time\" content=\"2026-04-20T07:10:23+00:00\" \/>\n<meta property=\"og:image\" content=\"https:\/\/www.pekarna-pecjak.si\/wp-content\/uploads\/2025\/11\/Pecjak-produkt-kmecki-svaljki-s-polnozrnatimi-ovsenimi-kosmici_hero.jpg\" \/>\n\t<meta property=\"og:image:width\" content=\"1725\" \/>\n\t<meta property=\"og:image:height\" content=\"800\" \/>\n\t<meta property=\"og:image:type\" content=\"image\/jpeg\" \/>\n<meta name=\"twitter:card\" content=\"summary_large_image\" \/>\n<script type=\"application\/ld+json\" class=\"yoast-schema-graph\">{\"@context\":\"https:\/\/schema.org\",\"@graph\":[{\"@type\":\"WebPage\",\"@id\":\"https:\/\/www.pekarna-pecjak.si\/en\/trgovina\/kmecki-svaljki-s-polnozrnatimi-ovsenimi-kosmici\/\",\"url\":\"https:\/\/www.pekarna-pecjak.si\/en\/trgovina\/kmecki-svaljki-s-polnozrnatimi-ovsenimi-kosmici\/\",\"name\":\"Kme\u010dki svaljki s polnozrnatimi ovsenimi kosmi\u010di - Pekarna Pe\u010djak\",\"isPartOf\":{\"@id\":\"https:\/\/www.pekarna-pecjak.si\/en\/#website\"},\"primaryImageOfPage\":{\"@id\":\"https:\/\/www.pekarna-pecjak.si\/en\/trgovina\/kmecki-svaljki-s-polnozrnatimi-ovsenimi-kosmici\/#primaryimage\"},\"image\":{\"@id\":\"https:\/\/www.pekarna-pecjak.si\/en\/trgovina\/kmecki-svaljki-s-polnozrnatimi-ovsenimi-kosmici\/#primaryimage\"},\"thumbnailUrl\":\"https:\/\/www.pekarna-pecjak.si\/wp-content\/uploads\/2025\/11\/Pecjak-produkt-kmecki-svaljki-s-polnozrnatimi-ovsenimi-kosmici_hero.jpg\",\"datePublished\":\"2026-01-09T09:15:54+00:00\",\"dateModified\":\"2026-04-20T07:10:23+00:00\",\"description\":\"Kme\u010dki svaljki, obogateni s polnozrnatimi ovsenimi kosmi\u010di. Poln okus- bogastvo vlaknin! Polnozrnati ovseni kosmi\u010di lepo dopolnjujejo krompirjevo testo in svaljkom podarijo poln, nekoliko ore\u0161kast okus. Zaradi visoke vsebnosti kosmi\u010dev so svaljki vir prehranske vlaknine in tako dobra osnova va\u0161e varovalne prehrane.\",\"breadcrumb\":{\"@id\":\"https:\/\/www.pekarna-pecjak.si\/en\/trgovina\/kmecki-svaljki-s-polnozrnatimi-ovsenimi-kosmici\/#breadcrumb\"},\"inLanguage\":\"en-US\",\"potentialAction\":[{\"@type\":\"ReadAction\",\"target\":[\"https:\/\/www.pekarna-pecjak.si\/en\/trgovina\/kmecki-svaljki-s-polnozrnatimi-ovsenimi-kosmici\/\"]}]},{\"@type\":\"ImageObject\",\"inLanguage\":\"en-US\",\"@id\":\"https:\/\/www.pekarna-pecjak.si\/en\/trgovina\/kmecki-svaljki-s-polnozrnatimi-ovsenimi-kosmici\/#primaryimage\",\"url\":\"https:\/\/www.pekarna-pecjak.si\/wp-content\/uploads\/2025\/11\/Pecjak-produkt-kmecki-svaljki-s-polnozrnatimi-ovsenimi-kosmici_hero.jpg\",\"contentUrl\":\"https:\/\/www.pekarna-pecjak.si\/wp-content\/uploads\/2025\/11\/Pecjak-produkt-kmecki-svaljki-s-polnozrnatimi-ovsenimi-kosmici_hero.jpg\",\"width\":1725,\"height\":800,\"caption\":\"Kme\u010dki svaljki s polnozrnatimi ovsenimi kosmi\u010di\"},{\"@type\":\"BreadcrumbList\",\"@id\":\"https:\/\/www.pekarna-pecjak.si\/en\/trgovina\/kmecki-svaljki-s-polnozrnatimi-ovsenimi-kosmici\/#breadcrumb\",\"itemListElement\":[{\"@type\":\"ListItem\",\"position\":1,\"name\":\"Home\",\"item\":\"https:\/\/www.pekarna-pecjak.si\/en\/\"},{\"@type\":\"ListItem\",\"position\":2,\"name\":\"Spletna trgovina\",\"item\":\"https:\/\/www.pekarna-pecjak.si\/trgovina\/\"},{\"@type\":\"ListItem\",\"position\":3,\"name\":\"Kme\u010dki svaljki s polnozrnatimi ovsenimi kosmi\u010di\"}]},{\"@type\":\"WebSite\",\"@id\":\"https:\/\/www.pekarna-pecjak.si\/en\/#website\",\"url\":\"https:\/\/www.pekarna-pecjak.si\/en\/\",\"name\":\"Pekarna Pe\u010djak\",\"description\":\"\",\"potentialAction\":[{\"@type\":\"SearchAction\",\"target\":{\"@type\":\"EntryPoint\",\"urlTemplate\":\"https:\/\/www.pekarna-pecjak.si\/en\/?s={search_term_string}\"},\"query-input\":{\"@type\":\"PropertyValueSpecification\",\"valueRequired\":true,\"valueName\":\"search_term_string\"}}],\"inLanguage\":\"en-US\"}]}<\/script>\n<!-- \/ Yoast SEO plugin. -->","yoast_head_json":{"title":"Kme\u010dki svaljki s polnozrnatimi ovsenimi kosmi\u010di - Pekarna Pe\u010djak","description":"Kme\u010dki svaljki, obogateni s polnozrnatimi ovsenimi kosmi\u010di. Poln okus- bogastvo vlaknin! Polnozrnati ovseni kosmi\u010di lepo dopolnjujejo krompirjevo testo in svaljkom podarijo poln, nekoliko ore\u0161kast okus. Zaradi visoke vsebnosti kosmi\u010dev so svaljki vir prehranske vlaknine in tako dobra osnova va\u0161e varovalne prehrane.","robots":{"index":"index","follow":"follow","max-snippet":"max-snippet:-1","max-image-preview":"max-image-preview:large","max-video-preview":"max-video-preview:-1"},"canonical":"https:\/\/www.pekarna-pecjak.si\/en\/trgovina\/kmecki-svaljki-s-polnozrnatimi-ovsenimi-kosmici\/","og_locale":"en_US","og_type":"article","og_title":"Kme\u010dki svaljki s polnozrnatimi ovsenimi kosmi\u010di - Pekarna Pe\u010djak","og_description":"Kme\u010dki svaljki, obogateni s polnozrnatimi ovsenimi kosmi\u010di. Poln okus- bogastvo vlaknin! Polnozrnati ovseni kosmi\u010di lepo dopolnjujejo krompirjevo testo in svaljkom podarijo poln, nekoliko ore\u0161kast okus. Zaradi visoke vsebnosti kosmi\u010dev so svaljki vir prehranske vlaknine in tako dobra osnova va\u0161e varovalne prehrane.","og_url":"https:\/\/www.pekarna-pecjak.si\/en\/trgovina\/kmecki-svaljki-s-polnozrnatimi-ovsenimi-kosmici\/","og_site_name":"Pekarna Pe\u010djak","article_modified_time":"2026-04-20T07:10:23+00:00","og_image":[{"width":1725,"height":800,"url":"https:\/\/www.pekarna-pecjak.si\/wp-content\/uploads\/2025\/11\/Pecjak-produkt-kmecki-svaljki-s-polnozrnatimi-ovsenimi-kosmici_hero.jpg","type":"image\/jpeg"}],"twitter_card":"summary_large_image","schema":{"@context":"https:\/\/schema.org","@graph":[{"@type":"WebPage","@id":"https:\/\/www.pekarna-pecjak.si\/en\/trgovina\/kmecki-svaljki-s-polnozrnatimi-ovsenimi-kosmici\/","url":"https:\/\/www.pekarna-pecjak.si\/en\/trgovina\/kmecki-svaljki-s-polnozrnatimi-ovsenimi-kosmici\/","name":"Kme\u010dki svaljki s polnozrnatimi ovsenimi kosmi\u010di - Pekarna Pe\u010djak","isPartOf":{"@id":"https:\/\/www.pekarna-pecjak.si\/en\/#website"},"primaryImageOfPage":{"@id":"https:\/\/www.pekarna-pecjak.si\/en\/trgovina\/kmecki-svaljki-s-polnozrnatimi-ovsenimi-kosmici\/#primaryimage"},"image":{"@id":"https:\/\/www.pekarna-pecjak.si\/en\/trgovina\/kmecki-svaljki-s-polnozrnatimi-ovsenimi-kosmici\/#primaryimage"},"thumbnailUrl":"https:\/\/www.pekarna-pecjak.si\/wp-content\/uploads\/2025\/11\/Pecjak-produkt-kmecki-svaljki-s-polnozrnatimi-ovsenimi-kosmici_hero.jpg","datePublished":"2026-01-09T09:15:54+00:00","dateModified":"2026-04-20T07:10:23+00:00","description":"Kme\u010dki svaljki, obogateni s polnozrnatimi ovsenimi kosmi\u010di. Poln okus- bogastvo vlaknin! Polnozrnati ovseni kosmi\u010di lepo dopolnjujejo krompirjevo testo in svaljkom podarijo poln, nekoliko ore\u0161kast okus. Zaradi visoke vsebnosti kosmi\u010dev so svaljki vir prehranske vlaknine in tako dobra osnova va\u0161e varovalne prehrane.","breadcrumb":{"@id":"https:\/\/www.pekarna-pecjak.si\/en\/trgovina\/kmecki-svaljki-s-polnozrnatimi-ovsenimi-kosmici\/#breadcrumb"},"inLanguage":"en-US","potentialAction":[{"@type":"ReadAction","target":["https:\/\/www.pekarna-pecjak.si\/en\/trgovina\/kmecki-svaljki-s-polnozrnatimi-ovsenimi-kosmici\/"]}]},{"@type":"ImageObject","inLanguage":"en-US","@id":"https:\/\/www.pekarna-pecjak.si\/en\/trgovina\/kmecki-svaljki-s-polnozrnatimi-ovsenimi-kosmici\/#primaryimage","url":"https:\/\/www.pekarna-pecjak.si\/wp-content\/uploads\/2025\/11\/Pecjak-produkt-kmecki-svaljki-s-polnozrnatimi-ovsenimi-kosmici_hero.jpg","contentUrl":"https:\/\/www.pekarna-pecjak.si\/wp-content\/uploads\/2025\/11\/Pecjak-produkt-kmecki-svaljki-s-polnozrnatimi-ovsenimi-kosmici_hero.jpg","width":1725,"height":800,"caption":"Kme\u010dki svaljki s polnozrnatimi ovsenimi kosmi\u010di"},{"@type":"BreadcrumbList","@id":"https:\/\/www.pekarna-pecjak.si\/en\/trgovina\/kmecki-svaljki-s-polnozrnatimi-ovsenimi-kosmici\/#breadcrumb","itemListElement":[{"@type":"ListItem","position":1,"name":"Home","item":"https:\/\/www.pekarna-pecjak.si\/en\/"},{"@type":"ListItem","position":2,"name":"Spletna trgovina","item":"https:\/\/www.pekarna-pecjak.si\/trgovina\/"},{"@type":"ListItem","position":3,"name":"Kme\u010dki svaljki s polnozrnatimi ovsenimi kosmi\u010di"}]},{"@type":"WebSite","@id":"https:\/\/www.pekarna-pecjak.si\/en\/#website","url":"https:\/\/www.pekarna-pecjak.si\/en\/","name":"Pekarna Pe\u010djak","description":"","potentialAction":[{"@type":"SearchAction","target":{"@type":"EntryPoint","urlTemplate":"https:\/\/www.pekarna-pecjak.si\/en\/?s={search_term_string}"},"query-input":{"@type":"PropertyValueSpecification","valueRequired":true,"valueName":"search_term_string"}}],"inLanguage":"en-US"}]}},"_links":{"self":[{"href":"https:\/\/www.pekarna-pecjak.si\/en\/wp-json\/wp\/v2\/product\/16832","targetHints":{"allow":["GET"]}}],"collection":[{"href":"https:\/\/www.pekarna-pecjak.si\/en\/wp-json\/wp\/v2\/product"}],"about":[{"href":"https:\/\/www.pekarna-pecjak.si\/en\/wp-json\/wp\/v2\/types\/product"}],"wp:featuredmedia":[{"embeddable":true,"href":"https:\/\/www.pekarna-pecjak.si\/en\/wp-json\/wp\/v2\/media\/16795"}],"wp:attachment":[{"href":"https:\/\/www.pekarna-pecjak.si\/en\/wp-json\/wp\/v2\/media?parent=16832"}],"wp:term":[{"taxonomy":"product_brand","embeddable":true,"href":"https:\/\/www.pekarna-pecjak.si\/en\/wp-json\/wp\/v2\/product_brand?post=16832"},{"taxonomy":"product_cat","embeddable":true,"href":"https:\/\/www.pekarna-pecjak.si\/en\/wp-json\/wp\/v2\/product_cat?post=16832"},{"taxonomy":"product_tag","embeddable":true,"href":"https:\/\/www.pekarna-pecjak.si\/en\/wp-json\/wp\/v2\/product_tag?post=16832"}],"curies":[{"name":"wp","href":"https:\/\/api.w.org\/{rel}","templated":true}]}}