{"id":19054,"date":"2026-01-28T13:15:29","date_gmt":"2026-01-28T12:15:29","guid":{"rendered":"https:\/\/www.pekarna-pecjak.si\/?post_type=product&#038;p=19054"},"modified":"2026-03-20T08:57:31","modified_gmt":"2026-03-20T07:57:31","slug":"cmoki-z-jagodnim-nadevom-30-nadeva","status":"publish","type":"product","link":"https:\/\/www.pekarna-pecjak.si\/en\/trgovina\/cmoki-z-jagodnim-nadevom-30-nadeva\/","title":{"rendered":"Cmoki z jagodnim nadevom &#8211; 30% nadeva"},"content":{"rendered":"<p>Hitro zamrznjeni izdelek iz krompirjevega testa z nadevom, ki ga je treba termi\u010dno obdelati po navodilih proizvajalca.<\/p>\n","protected":false},"excerpt":{"rendered":"<p>Klasika malo druga\u010de &#8211; z odli\u010dnim jagodnim nadevom.<br \/>\n &#10004; Kar 30% nadeva s ko\u0161\u010dki sadja.<\/p>\n","protected":false},"featured_media":6913,"template":"","meta":{"_acf_changed":false},"product_brand":[],"product_cat":[37],"product_tag":[],"class_list":{"0":"post-19054","1":"product","2":"type-product","3":"status-publish","4":"has-post-thumbnail","6":"product_cat-cmoki","8":"first","9":"instock","10":"taxable","11":"shipping-taxable","12":"purchasable","13":"product-type-variable"},"acf":[],"yoast_head":"<!-- This site is optimized with the Yoast SEO plugin v27.2 - https:\/\/yoast.com\/product\/yoast-seo-wordpress\/ -->\n<title>Cmoki z jagodnim nadevom - 30% nadeva - Pekarna Pe\u010djak<\/title>\n<meta name=\"description\" content=\"Cmoki so najbolj\u0161i, \u010de je razmerje med testom in polnjenjem prav\u0161nje. Jagodni cmoki imajo kar 30% polnila in so \u017ee pripravljeni za kuhanje!\" \/>\n<meta name=\"robots\" content=\"index, follow, max-snippet:-1, max-image-preview:large, max-video-preview:-1\" \/>\n<link rel=\"canonical\" href=\"https:\/\/www.pekarna-pecjak.si\/en\/trgovina\/cmoki-z-jagodnim-nadevom-30-nadeva\/\" \/>\n<meta property=\"og:locale\" content=\"en_US\" \/>\n<meta property=\"og:type\" content=\"article\" \/>\n<meta property=\"og:title\" content=\"Cmoki z jagodnim nadevom - 30% nadeva - Pekarna Pe\u010djak\" \/>\n<meta property=\"og:description\" content=\"Cmoki so najbolj\u0161i, \u010de je razmerje med testom in polnjenjem prav\u0161nje. Jagodni cmoki imajo kar 30% polnila in so \u017ee pripravljeni za kuhanje!\" \/>\n<meta property=\"og:url\" content=\"https:\/\/www.pekarna-pecjak.si\/en\/trgovina\/cmoki-z-jagodnim-nadevom-30-nadeva\/\" \/>\n<meta property=\"og:site_name\" content=\"Pekarna Pe\u010djak\" \/>\n<meta property=\"article:modified_time\" content=\"2026-03-20T07:57:31+00:00\" \/>\n<meta property=\"og:image\" content=\"https:\/\/www.pekarna-pecjak.si\/wp-content\/uploads\/2025\/02\/Pecjak-produkt-Cmoki-z-jagodnim-nadevom-_hero.jpg\" \/>\n\t<meta property=\"og:image:width\" content=\"1725\" \/>\n\t<meta property=\"og:image:height\" content=\"800\" \/>\n\t<meta property=\"og:image:type\" content=\"image\/jpeg\" \/>\n<meta name=\"twitter:card\" content=\"summary_large_image\" \/>\n<script type=\"application\/ld+json\" class=\"yoast-schema-graph\">{\"@context\":\"https:\/\/schema.org\",\"@graph\":[{\"@type\":\"WebPage\",\"@id\":\"https:\/\/www.pekarna-pecjak.si\/en\/trgovina\/cmoki-z-jagodnim-nadevom-30-nadeva\/\",\"url\":\"https:\/\/www.pekarna-pecjak.si\/en\/trgovina\/cmoki-z-jagodnim-nadevom-30-nadeva\/\",\"name\":\"Cmoki z jagodnim nadevom - 30% nadeva - Pekarna Pe\u010djak\",\"isPartOf\":{\"@id\":\"https:\/\/www.pekarna-pecjak.si\/en\/#website\"},\"primaryImageOfPage\":{\"@id\":\"https:\/\/www.pekarna-pecjak.si\/en\/trgovina\/cmoki-z-jagodnim-nadevom-30-nadeva\/#primaryimage\"},\"image\":{\"@id\":\"https:\/\/www.pekarna-pecjak.si\/en\/trgovina\/cmoki-z-jagodnim-nadevom-30-nadeva\/#primaryimage\"},\"thumbnailUrl\":\"https:\/\/www.pekarna-pecjak.si\/wp-content\/uploads\/2025\/02\/Pecjak-produkt-Cmoki-z-jagodnim-nadevom-_hero.jpg\",\"datePublished\":\"2026-01-28T12:15:29+00:00\",\"dateModified\":\"2026-03-20T07:57:31+00:00\",\"description\":\"Cmoki so najbolj\u0161i, \u010de je razmerje med testom in polnjenjem prav\u0161nje. Jagodni cmoki imajo kar 30% polnila in so \u017ee pripravljeni za kuhanje!\",\"breadcrumb\":{\"@id\":\"https:\/\/www.pekarna-pecjak.si\/en\/trgovina\/cmoki-z-jagodnim-nadevom-30-nadeva\/#breadcrumb\"},\"inLanguage\":\"en-US\",\"potentialAction\":[{\"@type\":\"ReadAction\",\"target\":[\"https:\/\/www.pekarna-pecjak.si\/en\/trgovina\/cmoki-z-jagodnim-nadevom-30-nadeva\/\"]}]},{\"@type\":\"ImageObject\",\"inLanguage\":\"en-US\",\"@id\":\"https:\/\/www.pekarna-pecjak.si\/en\/trgovina\/cmoki-z-jagodnim-nadevom-30-nadeva\/#primaryimage\",\"url\":\"https:\/\/www.pekarna-pecjak.si\/wp-content\/uploads\/2025\/02\/Pecjak-produkt-Cmoki-z-jagodnim-nadevom-_hero.jpg\",\"contentUrl\":\"https:\/\/www.pekarna-pecjak.si\/wp-content\/uploads\/2025\/02\/Pecjak-produkt-Cmoki-z-jagodnim-nadevom-_hero.jpg\",\"width\":1725,\"height\":800,\"caption\":\"Cmoki z jagodnim nadevom\"},{\"@type\":\"BreadcrumbList\",\"@id\":\"https:\/\/www.pekarna-pecjak.si\/en\/trgovina\/cmoki-z-jagodnim-nadevom-30-nadeva\/#breadcrumb\",\"itemListElement\":[{\"@type\":\"ListItem\",\"position\":1,\"name\":\"Home\",\"item\":\"https:\/\/www.pekarna-pecjak.si\/en\/\"},{\"@type\":\"ListItem\",\"position\":2,\"name\":\"Spletna trgovina\",\"item\":\"https:\/\/www.pekarna-pecjak.si\/trgovina\/\"},{\"@type\":\"ListItem\",\"position\":3,\"name\":\"Cmoki z jagodnim nadevom &#8211; 30% nadeva\"}]},{\"@type\":\"WebSite\",\"@id\":\"https:\/\/www.pekarna-pecjak.si\/en\/#website\",\"url\":\"https:\/\/www.pekarna-pecjak.si\/en\/\",\"name\":\"Pekarna Pe\u010djak\",\"description\":\"\",\"potentialAction\":[{\"@type\":\"SearchAction\",\"target\":{\"@type\":\"EntryPoint\",\"urlTemplate\":\"https:\/\/www.pekarna-pecjak.si\/en\/?s={search_term_string}\"},\"query-input\":{\"@type\":\"PropertyValueSpecification\",\"valueRequired\":true,\"valueName\":\"search_term_string\"}}],\"inLanguage\":\"en-US\"}]}<\/script>\n<!-- \/ Yoast SEO plugin. -->","yoast_head_json":{"title":"Cmoki z jagodnim nadevom - 30% nadeva - Pekarna Pe\u010djak","description":"Cmoki so najbolj\u0161i, \u010de je razmerje med testom in polnjenjem prav\u0161nje. Jagodni cmoki imajo kar 30% polnila in so \u017ee pripravljeni za kuhanje!","robots":{"index":"index","follow":"follow","max-snippet":"max-snippet:-1","max-image-preview":"max-image-preview:large","max-video-preview":"max-video-preview:-1"},"canonical":"https:\/\/www.pekarna-pecjak.si\/en\/trgovina\/cmoki-z-jagodnim-nadevom-30-nadeva\/","og_locale":"en_US","og_type":"article","og_title":"Cmoki z jagodnim nadevom - 30% nadeva - Pekarna Pe\u010djak","og_description":"Cmoki so najbolj\u0161i, \u010de je razmerje med testom in polnjenjem prav\u0161nje. Jagodni cmoki imajo kar 30% polnila in so \u017ee pripravljeni za kuhanje!","og_url":"https:\/\/www.pekarna-pecjak.si\/en\/trgovina\/cmoki-z-jagodnim-nadevom-30-nadeva\/","og_site_name":"Pekarna Pe\u010djak","article_modified_time":"2026-03-20T07:57:31+00:00","og_image":[{"width":1725,"height":800,"url":"https:\/\/www.pekarna-pecjak.si\/wp-content\/uploads\/2025\/02\/Pecjak-produkt-Cmoki-z-jagodnim-nadevom-_hero.jpg","type":"image\/jpeg"}],"twitter_card":"summary_large_image","schema":{"@context":"https:\/\/schema.org","@graph":[{"@type":"WebPage","@id":"https:\/\/www.pekarna-pecjak.si\/en\/trgovina\/cmoki-z-jagodnim-nadevom-30-nadeva\/","url":"https:\/\/www.pekarna-pecjak.si\/en\/trgovina\/cmoki-z-jagodnim-nadevom-30-nadeva\/","name":"Cmoki z jagodnim nadevom - 30% nadeva - Pekarna Pe\u010djak","isPartOf":{"@id":"https:\/\/www.pekarna-pecjak.si\/en\/#website"},"primaryImageOfPage":{"@id":"https:\/\/www.pekarna-pecjak.si\/en\/trgovina\/cmoki-z-jagodnim-nadevom-30-nadeva\/#primaryimage"},"image":{"@id":"https:\/\/www.pekarna-pecjak.si\/en\/trgovina\/cmoki-z-jagodnim-nadevom-30-nadeva\/#primaryimage"},"thumbnailUrl":"https:\/\/www.pekarna-pecjak.si\/wp-content\/uploads\/2025\/02\/Pecjak-produkt-Cmoki-z-jagodnim-nadevom-_hero.jpg","datePublished":"2026-01-28T12:15:29+00:00","dateModified":"2026-03-20T07:57:31+00:00","description":"Cmoki so najbolj\u0161i, \u010de je razmerje med testom in polnjenjem prav\u0161nje. Jagodni cmoki imajo kar 30% polnila in so \u017ee pripravljeni za kuhanje!","breadcrumb":{"@id":"https:\/\/www.pekarna-pecjak.si\/en\/trgovina\/cmoki-z-jagodnim-nadevom-30-nadeva\/#breadcrumb"},"inLanguage":"en-US","potentialAction":[{"@type":"ReadAction","target":["https:\/\/www.pekarna-pecjak.si\/en\/trgovina\/cmoki-z-jagodnim-nadevom-30-nadeva\/"]}]},{"@type":"ImageObject","inLanguage":"en-US","@id":"https:\/\/www.pekarna-pecjak.si\/en\/trgovina\/cmoki-z-jagodnim-nadevom-30-nadeva\/#primaryimage","url":"https:\/\/www.pekarna-pecjak.si\/wp-content\/uploads\/2025\/02\/Pecjak-produkt-Cmoki-z-jagodnim-nadevom-_hero.jpg","contentUrl":"https:\/\/www.pekarna-pecjak.si\/wp-content\/uploads\/2025\/02\/Pecjak-produkt-Cmoki-z-jagodnim-nadevom-_hero.jpg","width":1725,"height":800,"caption":"Cmoki z jagodnim nadevom"},{"@type":"BreadcrumbList","@id":"https:\/\/www.pekarna-pecjak.si\/en\/trgovina\/cmoki-z-jagodnim-nadevom-30-nadeva\/#breadcrumb","itemListElement":[{"@type":"ListItem","position":1,"name":"Home","item":"https:\/\/www.pekarna-pecjak.si\/en\/"},{"@type":"ListItem","position":2,"name":"Spletna trgovina","item":"https:\/\/www.pekarna-pecjak.si\/trgovina\/"},{"@type":"ListItem","position":3,"name":"Cmoki z jagodnim nadevom &#8211; 30% nadeva"}]},{"@type":"WebSite","@id":"https:\/\/www.pekarna-pecjak.si\/en\/#website","url":"https:\/\/www.pekarna-pecjak.si\/en\/","name":"Pekarna Pe\u010djak","description":"","potentialAction":[{"@type":"SearchAction","target":{"@type":"EntryPoint","urlTemplate":"https:\/\/www.pekarna-pecjak.si\/en\/?s={search_term_string}"},"query-input":{"@type":"PropertyValueSpecification","valueRequired":true,"valueName":"search_term_string"}}],"inLanguage":"en-US"}]}},"_links":{"self":[{"href":"https:\/\/www.pekarna-pecjak.si\/en\/wp-json\/wp\/v2\/product\/19054","targetHints":{"allow":["GET"]}}],"collection":[{"href":"https:\/\/www.pekarna-pecjak.si\/en\/wp-json\/wp\/v2\/product"}],"about":[{"href":"https:\/\/www.pekarna-pecjak.si\/en\/wp-json\/wp\/v2\/types\/product"}],"wp:featuredmedia":[{"embeddable":true,"href":"https:\/\/www.pekarna-pecjak.si\/en\/wp-json\/wp\/v2\/media\/6913"}],"wp:attachment":[{"href":"https:\/\/www.pekarna-pecjak.si\/en\/wp-json\/wp\/v2\/media?parent=19054"}],"wp:term":[{"taxonomy":"product_brand","embeddable":true,"href":"https:\/\/www.pekarna-pecjak.si\/en\/wp-json\/wp\/v2\/product_brand?post=19054"},{"taxonomy":"product_cat","embeddable":true,"href":"https:\/\/www.pekarna-pecjak.si\/en\/wp-json\/wp\/v2\/product_cat?post=19054"},{"taxonomy":"product_tag","embeddable":true,"href":"https:\/\/www.pekarna-pecjak.si\/en\/wp-json\/wp\/v2\/product_tag?post=19054"}],"curies":[{"name":"wp","href":"https:\/\/api.w.org\/{rel}","templated":true}]}}