{"id":19098,"date":"2026-01-30T10:51:08","date_gmt":"2026-01-30T09:51:08","guid":{"rendered":"https:\/\/www.pekarna-pecjak.si\/?post_type=product&#038;p=19098"},"modified":"2026-03-20T08:57:08","modified_gmt":"2026-03-20T07:57:08","slug":"francoski-masleni-rogljici-z-jagodnim-nadevom","status":"publish","type":"product","link":"https:\/\/www.pekarna-pecjak.si\/en\/trgovina\/francoski-masleni-rogljici-z-jagodnim-nadevom\/","title":{"rendered":"Francoski masleni roglji\u010di z jagodnim nadevom"},"content":{"rendered":"<p>Hitro zamrznjeni izdelek iz kva\u0161eno listnatega testa z nadevom, ki ga je potrebno termi\u010dno obdelati po navodilih proizvajalca.<\/p>\n","protected":false},"excerpt":{"rendered":"<p>Slasten jagodni roglji\u010dek polnjen z ne\u017eno jagodno sredico in ovit v hrustljavo, masleno kva\u0161eno listnato testo. Vsak gri\u017eljaj prina\u0161a popolno ravnovesje sladkobe, sve\u017eine in topline &#8211; prigrizek, ki ga preprosto ne more\u0161 odlo\u017eiti.<\/p>\n","protected":false},"featured_media":19100,"template":"","meta":{"_acf_changed":false},"product_brand":[],"product_cat":[30],"product_tag":[],"class_list":{"0":"post-19098","1":"product","2":"type-product","3":"status-publish","4":"has-post-thumbnail","6":"product_cat-rogljici","8":"first","9":"instock","10":"taxable","11":"shipping-taxable","12":"purchasable","13":"product-type-variable"},"acf":[],"yoast_head":"<!-- This site is optimized with the Yoast SEO plugin v27.2 - https:\/\/yoast.com\/product\/yoast-seo-wordpress\/ -->\n<title>Francoski masleni roglji\u010di z jagodnim nadevom - Pekarna Pe\u010djak<\/title>\n<meta name=\"description\" content=\"Odkrij slasten jagodni roglji\u010dek z bogato jagodno sredico ter hrustljavo, masleno skorjico - popoln trenutek sladkega razvajanja, ki te o\u010dara z vsakim gri\u017eljajem.\" \/>\n<meta name=\"robots\" content=\"index, follow, max-snippet:-1, max-image-preview:large, max-video-preview:-1\" \/>\n<link rel=\"canonical\" href=\"https:\/\/www.pekarna-pecjak.si\/en\/trgovina\/francoski-masleni-rogljici-z-jagodnim-nadevom\/\" \/>\n<meta property=\"og:locale\" content=\"en_US\" \/>\n<meta property=\"og:type\" content=\"article\" \/>\n<meta property=\"og:title\" content=\"Francoski masleni roglji\u010di z jagodnim nadevom - Pekarna Pe\u010djak\" \/>\n<meta property=\"og:description\" content=\"Odkrij slasten jagodni roglji\u010dek z bogato jagodno sredico ter hrustljavo, masleno skorjico - popoln trenutek sladkega razvajanja, ki te o\u010dara z vsakim gri\u017eljajem.\" \/>\n<meta property=\"og:url\" content=\"https:\/\/www.pekarna-pecjak.si\/en\/trgovina\/francoski-masleni-rogljici-z-jagodnim-nadevom\/\" \/>\n<meta property=\"og:site_name\" content=\"Pekarna Pe\u010djak\" \/>\n<meta property=\"article:modified_time\" content=\"2026-03-20T07:57:08+00:00\" \/>\n<meta property=\"og:image\" content=\"https:\/\/www.pekarna-pecjak.si\/wp-content\/uploads\/2026\/01\/Pecjak-produkt-francoski-masleni-rogljici-z-jagodnim-nadevom_hero.jpg\" \/>\n\t<meta property=\"og:image:width\" content=\"1725\" \/>\n\t<meta property=\"og:image:height\" content=\"800\" \/>\n\t<meta property=\"og:image:type\" content=\"image\/jpeg\" \/>\n<meta name=\"twitter:card\" content=\"summary_large_image\" \/>\n<script type=\"application\/ld+json\" class=\"yoast-schema-graph\">{\"@context\":\"https:\/\/schema.org\",\"@graph\":[{\"@type\":\"WebPage\",\"@id\":\"https:\/\/www.pekarna-pecjak.si\/en\/trgovina\/francoski-masleni-rogljici-z-jagodnim-nadevom\/\",\"url\":\"https:\/\/www.pekarna-pecjak.si\/en\/trgovina\/francoski-masleni-rogljici-z-jagodnim-nadevom\/\",\"name\":\"Francoski masleni roglji\u010di z jagodnim nadevom - Pekarna Pe\u010djak\",\"isPartOf\":{\"@id\":\"https:\/\/www.pekarna-pecjak.si\/en\/#website\"},\"primaryImageOfPage\":{\"@id\":\"https:\/\/www.pekarna-pecjak.si\/en\/trgovina\/francoski-masleni-rogljici-z-jagodnim-nadevom\/#primaryimage\"},\"image\":{\"@id\":\"https:\/\/www.pekarna-pecjak.si\/en\/trgovina\/francoski-masleni-rogljici-z-jagodnim-nadevom\/#primaryimage\"},\"thumbnailUrl\":\"https:\/\/www.pekarna-pecjak.si\/wp-content\/uploads\/2026\/01\/Pecjak-produkt-francoski-masleni-rogljici-z-jagodnim-nadevom_hero.jpg\",\"datePublished\":\"2026-01-30T09:51:08+00:00\",\"dateModified\":\"2026-03-20T07:57:08+00:00\",\"description\":\"Odkrij slasten jagodni roglji\u010dek z bogato jagodno sredico ter hrustljavo, masleno skorjico - popoln trenutek sladkega razvajanja, ki te o\u010dara z vsakim gri\u017eljajem.\",\"breadcrumb\":{\"@id\":\"https:\/\/www.pekarna-pecjak.si\/en\/trgovina\/francoski-masleni-rogljici-z-jagodnim-nadevom\/#breadcrumb\"},\"inLanguage\":\"en-US\",\"potentialAction\":[{\"@type\":\"ReadAction\",\"target\":[\"https:\/\/www.pekarna-pecjak.si\/en\/trgovina\/francoski-masleni-rogljici-z-jagodnim-nadevom\/\"]}]},{\"@type\":\"ImageObject\",\"inLanguage\":\"en-US\",\"@id\":\"https:\/\/www.pekarna-pecjak.si\/en\/trgovina\/francoski-masleni-rogljici-z-jagodnim-nadevom\/#primaryimage\",\"url\":\"https:\/\/www.pekarna-pecjak.si\/wp-content\/uploads\/2026\/01\/Pecjak-produkt-francoski-masleni-rogljici-z-jagodnim-nadevom_hero.jpg\",\"contentUrl\":\"https:\/\/www.pekarna-pecjak.si\/wp-content\/uploads\/2026\/01\/Pecjak-produkt-francoski-masleni-rogljici-z-jagodnim-nadevom_hero.jpg\",\"width\":1725,\"height\":800,\"caption\":\"Francoski masleni roglji\u010di z jagodnim nadevom\"},{\"@type\":\"BreadcrumbList\",\"@id\":\"https:\/\/www.pekarna-pecjak.si\/en\/trgovina\/francoski-masleni-rogljici-z-jagodnim-nadevom\/#breadcrumb\",\"itemListElement\":[{\"@type\":\"ListItem\",\"position\":1,\"name\":\"Home\",\"item\":\"https:\/\/www.pekarna-pecjak.si\/en\/\"},{\"@type\":\"ListItem\",\"position\":2,\"name\":\"Spletna trgovina\",\"item\":\"https:\/\/www.pekarna-pecjak.si\/trgovina\/\"},{\"@type\":\"ListItem\",\"position\":3,\"name\":\"Francoski masleni roglji\u010di z jagodnim nadevom\"}]},{\"@type\":\"WebSite\",\"@id\":\"https:\/\/www.pekarna-pecjak.si\/en\/#website\",\"url\":\"https:\/\/www.pekarna-pecjak.si\/en\/\",\"name\":\"Pekarna Pe\u010djak\",\"description\":\"\",\"potentialAction\":[{\"@type\":\"SearchAction\",\"target\":{\"@type\":\"EntryPoint\",\"urlTemplate\":\"https:\/\/www.pekarna-pecjak.si\/en\/?s={search_term_string}\"},\"query-input\":{\"@type\":\"PropertyValueSpecification\",\"valueRequired\":true,\"valueName\":\"search_term_string\"}}],\"inLanguage\":\"en-US\"}]}<\/script>\n<!-- \/ Yoast SEO plugin. -->","yoast_head_json":{"title":"Francoski masleni roglji\u010di z jagodnim nadevom - Pekarna Pe\u010djak","description":"Odkrij slasten jagodni roglji\u010dek z bogato jagodno sredico ter hrustljavo, masleno skorjico - popoln trenutek sladkega razvajanja, ki te o\u010dara z vsakim gri\u017eljajem.","robots":{"index":"index","follow":"follow","max-snippet":"max-snippet:-1","max-image-preview":"max-image-preview:large","max-video-preview":"max-video-preview:-1"},"canonical":"https:\/\/www.pekarna-pecjak.si\/en\/trgovina\/francoski-masleni-rogljici-z-jagodnim-nadevom\/","og_locale":"en_US","og_type":"article","og_title":"Francoski masleni roglji\u010di z jagodnim nadevom - Pekarna Pe\u010djak","og_description":"Odkrij slasten jagodni roglji\u010dek z bogato jagodno sredico ter hrustljavo, masleno skorjico - popoln trenutek sladkega razvajanja, ki te o\u010dara z vsakim gri\u017eljajem.","og_url":"https:\/\/www.pekarna-pecjak.si\/en\/trgovina\/francoski-masleni-rogljici-z-jagodnim-nadevom\/","og_site_name":"Pekarna Pe\u010djak","article_modified_time":"2026-03-20T07:57:08+00:00","og_image":[{"width":1725,"height":800,"url":"https:\/\/www.pekarna-pecjak.si\/wp-content\/uploads\/2026\/01\/Pecjak-produkt-francoski-masleni-rogljici-z-jagodnim-nadevom_hero.jpg","type":"image\/jpeg"}],"twitter_card":"summary_large_image","schema":{"@context":"https:\/\/schema.org","@graph":[{"@type":"WebPage","@id":"https:\/\/www.pekarna-pecjak.si\/en\/trgovina\/francoski-masleni-rogljici-z-jagodnim-nadevom\/","url":"https:\/\/www.pekarna-pecjak.si\/en\/trgovina\/francoski-masleni-rogljici-z-jagodnim-nadevom\/","name":"Francoski masleni roglji\u010di z jagodnim nadevom - Pekarna Pe\u010djak","isPartOf":{"@id":"https:\/\/www.pekarna-pecjak.si\/en\/#website"},"primaryImageOfPage":{"@id":"https:\/\/www.pekarna-pecjak.si\/en\/trgovina\/francoski-masleni-rogljici-z-jagodnim-nadevom\/#primaryimage"},"image":{"@id":"https:\/\/www.pekarna-pecjak.si\/en\/trgovina\/francoski-masleni-rogljici-z-jagodnim-nadevom\/#primaryimage"},"thumbnailUrl":"https:\/\/www.pekarna-pecjak.si\/wp-content\/uploads\/2026\/01\/Pecjak-produkt-francoski-masleni-rogljici-z-jagodnim-nadevom_hero.jpg","datePublished":"2026-01-30T09:51:08+00:00","dateModified":"2026-03-20T07:57:08+00:00","description":"Odkrij slasten jagodni roglji\u010dek z bogato jagodno sredico ter hrustljavo, masleno skorjico - popoln trenutek sladkega razvajanja, ki te o\u010dara z vsakim gri\u017eljajem.","breadcrumb":{"@id":"https:\/\/www.pekarna-pecjak.si\/en\/trgovina\/francoski-masleni-rogljici-z-jagodnim-nadevom\/#breadcrumb"},"inLanguage":"en-US","potentialAction":[{"@type":"ReadAction","target":["https:\/\/www.pekarna-pecjak.si\/en\/trgovina\/francoski-masleni-rogljici-z-jagodnim-nadevom\/"]}]},{"@type":"ImageObject","inLanguage":"en-US","@id":"https:\/\/www.pekarna-pecjak.si\/en\/trgovina\/francoski-masleni-rogljici-z-jagodnim-nadevom\/#primaryimage","url":"https:\/\/www.pekarna-pecjak.si\/wp-content\/uploads\/2026\/01\/Pecjak-produkt-francoski-masleni-rogljici-z-jagodnim-nadevom_hero.jpg","contentUrl":"https:\/\/www.pekarna-pecjak.si\/wp-content\/uploads\/2026\/01\/Pecjak-produkt-francoski-masleni-rogljici-z-jagodnim-nadevom_hero.jpg","width":1725,"height":800,"caption":"Francoski masleni roglji\u010di z jagodnim nadevom"},{"@type":"BreadcrumbList","@id":"https:\/\/www.pekarna-pecjak.si\/en\/trgovina\/francoski-masleni-rogljici-z-jagodnim-nadevom\/#breadcrumb","itemListElement":[{"@type":"ListItem","position":1,"name":"Home","item":"https:\/\/www.pekarna-pecjak.si\/en\/"},{"@type":"ListItem","position":2,"name":"Spletna trgovina","item":"https:\/\/www.pekarna-pecjak.si\/trgovina\/"},{"@type":"ListItem","position":3,"name":"Francoski masleni roglji\u010di z jagodnim nadevom"}]},{"@type":"WebSite","@id":"https:\/\/www.pekarna-pecjak.si\/en\/#website","url":"https:\/\/www.pekarna-pecjak.si\/en\/","name":"Pekarna Pe\u010djak","description":"","potentialAction":[{"@type":"SearchAction","target":{"@type":"EntryPoint","urlTemplate":"https:\/\/www.pekarna-pecjak.si\/en\/?s={search_term_string}"},"query-input":{"@type":"PropertyValueSpecification","valueRequired":true,"valueName":"search_term_string"}}],"inLanguage":"en-US"}]}},"_links":{"self":[{"href":"https:\/\/www.pekarna-pecjak.si\/en\/wp-json\/wp\/v2\/product\/19098","targetHints":{"allow":["GET"]}}],"collection":[{"href":"https:\/\/www.pekarna-pecjak.si\/en\/wp-json\/wp\/v2\/product"}],"about":[{"href":"https:\/\/www.pekarna-pecjak.si\/en\/wp-json\/wp\/v2\/types\/product"}],"wp:featuredmedia":[{"embeddable":true,"href":"https:\/\/www.pekarna-pecjak.si\/en\/wp-json\/wp\/v2\/media\/19100"}],"wp:attachment":[{"href":"https:\/\/www.pekarna-pecjak.si\/en\/wp-json\/wp\/v2\/media?parent=19098"}],"wp:term":[{"taxonomy":"product_brand","embeddable":true,"href":"https:\/\/www.pekarna-pecjak.si\/en\/wp-json\/wp\/v2\/product_brand?post=19098"},{"taxonomy":"product_cat","embeddable":true,"href":"https:\/\/www.pekarna-pecjak.si\/en\/wp-json\/wp\/v2\/product_cat?post=19098"},{"taxonomy":"product_tag","embeddable":true,"href":"https:\/\/www.pekarna-pecjak.si\/en\/wp-json\/wp\/v2\/product_tag?post=19098"}],"curies":[{"name":"wp","href":"https:\/\/api.w.org\/{rel}","templated":true}]}}