{"id":2721,"date":"2025-03-13T12:35:47","date_gmt":"2025-03-13T11:35:47","guid":{"rendered":"https:\/\/pekarna-pecjak.si\/trgovina\/visnjeva-pita\/"},"modified":"2026-03-20T12:02:10","modified_gmt":"2026-03-20T11:02:10","slug":"visnjeva-pita","status":"publish","type":"product","link":"https:\/\/www.pekarna-pecjak.si\/en\/trgovina\/visnjeva-pita\/","title":{"rendered":"Vi\u0161njeva pita"},"content":{"rendered":"<p>Hitro zamrznjeni izdelek iz testa z nadevom, ki je primeren za takoj\u0161nje u\u017eivanje po odtajanju.<\/p>\n","protected":false},"excerpt":{"rendered":"<p>Krhko testo in bogata mera vi\u0161njevega nadeva s pridihom vanilje.<br \/>\n &#10004; veliko nadeva<br \/>\n &#10004; velik dele\u017e vi\u0161enj v nadevu<\/p>\n","protected":false},"featured_media":6340,"template":"","meta":{"_acf_changed":false},"product_brand":[],"product_cat":[44],"product_tag":[],"class_list":{"0":"post-2721","1":"product","2":"type-product","3":"status-publish","4":"has-post-thumbnail","6":"product_cat-slascice","8":"first","9":"instock","10":"taxable","11":"shipping-taxable","12":"purchasable","13":"product-type-variable"},"acf":[],"yoast_head":"<!-- This site is optimized with the Yoast SEO plugin v27.2 - https:\/\/yoast.com\/product\/yoast-seo-wordpress\/ -->\n<title>Vi\u0161njeva pita - Pekarna Pe\u010djak<\/title>\n<meta name=\"description\" content=\"Krhko testo in bogata mera vi\u0161njevega nadeva s pridihom vanilje. \u2714 veliko nadeva \u2714 velik dele\u017e vi\u0161enj v nadevu\" \/>\n<meta name=\"robots\" content=\"index, follow, max-snippet:-1, max-image-preview:large, max-video-preview:-1\" \/>\n<link rel=\"canonical\" href=\"https:\/\/www.pekarna-pecjak.si\/en\/trgovina\/visnjeva-pita\/\" \/>\n<meta property=\"og:locale\" content=\"en_US\" \/>\n<meta property=\"og:type\" content=\"article\" \/>\n<meta property=\"og:title\" content=\"Vi\u0161njeva pita - Pekarna Pe\u010djak\" \/>\n<meta property=\"og:description\" content=\"Krhko testo in bogata mera vi\u0161njevega nadeva s pridihom vanilje. \u2714 veliko nadeva \u2714 velik dele\u017e vi\u0161enj v nadevu\" \/>\n<meta property=\"og:url\" content=\"https:\/\/www.pekarna-pecjak.si\/en\/trgovina\/visnjeva-pita\/\" \/>\n<meta property=\"og:site_name\" content=\"Pekarna Pe\u010djak\" \/>\n<meta property=\"article:modified_time\" content=\"2026-03-20T11:02:10+00:00\" \/>\n<meta property=\"og:image\" content=\"https:\/\/www.pekarna-pecjak.si\/wp-content\/uploads\/2025\/02\/Pecjak-produkt-Visnjeva-pita_hero.jpg\" \/>\n\t<meta property=\"og:image:width\" content=\"1725\" \/>\n\t<meta property=\"og:image:height\" content=\"800\" \/>\n\t<meta property=\"og:image:type\" content=\"image\/jpeg\" \/>\n<meta name=\"twitter:card\" content=\"summary_large_image\" \/>\n<script type=\"application\/ld+json\" class=\"yoast-schema-graph\">{\"@context\":\"https:\/\/schema.org\",\"@graph\":[{\"@type\":\"WebPage\",\"@id\":\"https:\/\/www.pekarna-pecjak.si\/en\/trgovina\/visnjeva-pita\/\",\"url\":\"https:\/\/www.pekarna-pecjak.si\/en\/trgovina\/visnjeva-pita\/\",\"name\":\"Vi\u0161njeva pita - Pekarna Pe\u010djak\",\"isPartOf\":{\"@id\":\"https:\/\/www.pekarna-pecjak.si\/en\/#website\"},\"primaryImageOfPage\":{\"@id\":\"https:\/\/www.pekarna-pecjak.si\/en\/trgovina\/visnjeva-pita\/#primaryimage\"},\"image\":{\"@id\":\"https:\/\/www.pekarna-pecjak.si\/en\/trgovina\/visnjeva-pita\/#primaryimage\"},\"thumbnailUrl\":\"https:\/\/www.pekarna-pecjak.si\/wp-content\/uploads\/2025\/02\/Pecjak-produkt-Visnjeva-pita_hero.jpg\",\"datePublished\":\"2025-03-13T11:35:47+00:00\",\"dateModified\":\"2026-03-20T11:02:10+00:00\",\"description\":\"Krhko testo in bogata mera vi\u0161njevega nadeva s pridihom vanilje. \u2714 veliko nadeva \u2714 velik dele\u017e vi\u0161enj v nadevu\",\"breadcrumb\":{\"@id\":\"https:\/\/www.pekarna-pecjak.si\/en\/trgovina\/visnjeva-pita\/#breadcrumb\"},\"inLanguage\":\"en-US\",\"potentialAction\":[{\"@type\":\"ReadAction\",\"target\":[\"https:\/\/www.pekarna-pecjak.si\/en\/trgovina\/visnjeva-pita\/\"]}]},{\"@type\":\"ImageObject\",\"inLanguage\":\"en-US\",\"@id\":\"https:\/\/www.pekarna-pecjak.si\/en\/trgovina\/visnjeva-pita\/#primaryimage\",\"url\":\"https:\/\/www.pekarna-pecjak.si\/wp-content\/uploads\/2025\/02\/Pecjak-produkt-Visnjeva-pita_hero.jpg\",\"contentUrl\":\"https:\/\/www.pekarna-pecjak.si\/wp-content\/uploads\/2025\/02\/Pecjak-produkt-Visnjeva-pita_hero.jpg\",\"width\":1725,\"height\":800,\"caption\":\"Vi\u0161njeva pita\"},{\"@type\":\"BreadcrumbList\",\"@id\":\"https:\/\/www.pekarna-pecjak.si\/en\/trgovina\/visnjeva-pita\/#breadcrumb\",\"itemListElement\":[{\"@type\":\"ListItem\",\"position\":1,\"name\":\"Home\",\"item\":\"https:\/\/www.pekarna-pecjak.si\/en\/\"},{\"@type\":\"ListItem\",\"position\":2,\"name\":\"Spletna trgovina\",\"item\":\"https:\/\/www.pekarna-pecjak.si\/trgovina\/\"},{\"@type\":\"ListItem\",\"position\":3,\"name\":\"Vi\u0161njeva pita\"}]},{\"@type\":\"WebSite\",\"@id\":\"https:\/\/www.pekarna-pecjak.si\/en\/#website\",\"url\":\"https:\/\/www.pekarna-pecjak.si\/en\/\",\"name\":\"Pekarna Pe\u010djak\",\"description\":\"\",\"potentialAction\":[{\"@type\":\"SearchAction\",\"target\":{\"@type\":\"EntryPoint\",\"urlTemplate\":\"https:\/\/www.pekarna-pecjak.si\/en\/?s={search_term_string}\"},\"query-input\":{\"@type\":\"PropertyValueSpecification\",\"valueRequired\":true,\"valueName\":\"search_term_string\"}}],\"inLanguage\":\"en-US\"}]}<\/script>\n<!-- \/ Yoast SEO plugin. -->","yoast_head_json":{"title":"Vi\u0161njeva pita - Pekarna Pe\u010djak","description":"Krhko testo in bogata mera vi\u0161njevega nadeva s pridihom vanilje. \u2714 veliko nadeva \u2714 velik dele\u017e vi\u0161enj v nadevu","robots":{"index":"index","follow":"follow","max-snippet":"max-snippet:-1","max-image-preview":"max-image-preview:large","max-video-preview":"max-video-preview:-1"},"canonical":"https:\/\/www.pekarna-pecjak.si\/en\/trgovina\/visnjeva-pita\/","og_locale":"en_US","og_type":"article","og_title":"Vi\u0161njeva pita - Pekarna Pe\u010djak","og_description":"Krhko testo in bogata mera vi\u0161njevega nadeva s pridihom vanilje. \u2714 veliko nadeva \u2714 velik dele\u017e vi\u0161enj v nadevu","og_url":"https:\/\/www.pekarna-pecjak.si\/en\/trgovina\/visnjeva-pita\/","og_site_name":"Pekarna Pe\u010djak","article_modified_time":"2026-03-20T11:02:10+00:00","og_image":[{"width":1725,"height":800,"url":"https:\/\/www.pekarna-pecjak.si\/wp-content\/uploads\/2025\/02\/Pecjak-produkt-Visnjeva-pita_hero.jpg","type":"image\/jpeg"}],"twitter_card":"summary_large_image","schema":{"@context":"https:\/\/schema.org","@graph":[{"@type":"WebPage","@id":"https:\/\/www.pekarna-pecjak.si\/en\/trgovina\/visnjeva-pita\/","url":"https:\/\/www.pekarna-pecjak.si\/en\/trgovina\/visnjeva-pita\/","name":"Vi\u0161njeva pita - Pekarna Pe\u010djak","isPartOf":{"@id":"https:\/\/www.pekarna-pecjak.si\/en\/#website"},"primaryImageOfPage":{"@id":"https:\/\/www.pekarna-pecjak.si\/en\/trgovina\/visnjeva-pita\/#primaryimage"},"image":{"@id":"https:\/\/www.pekarna-pecjak.si\/en\/trgovina\/visnjeva-pita\/#primaryimage"},"thumbnailUrl":"https:\/\/www.pekarna-pecjak.si\/wp-content\/uploads\/2025\/02\/Pecjak-produkt-Visnjeva-pita_hero.jpg","datePublished":"2025-03-13T11:35:47+00:00","dateModified":"2026-03-20T11:02:10+00:00","description":"Krhko testo in bogata mera vi\u0161njevega nadeva s pridihom vanilje. \u2714 veliko nadeva \u2714 velik dele\u017e vi\u0161enj v nadevu","breadcrumb":{"@id":"https:\/\/www.pekarna-pecjak.si\/en\/trgovina\/visnjeva-pita\/#breadcrumb"},"inLanguage":"en-US","potentialAction":[{"@type":"ReadAction","target":["https:\/\/www.pekarna-pecjak.si\/en\/trgovina\/visnjeva-pita\/"]}]},{"@type":"ImageObject","inLanguage":"en-US","@id":"https:\/\/www.pekarna-pecjak.si\/en\/trgovina\/visnjeva-pita\/#primaryimage","url":"https:\/\/www.pekarna-pecjak.si\/wp-content\/uploads\/2025\/02\/Pecjak-produkt-Visnjeva-pita_hero.jpg","contentUrl":"https:\/\/www.pekarna-pecjak.si\/wp-content\/uploads\/2025\/02\/Pecjak-produkt-Visnjeva-pita_hero.jpg","width":1725,"height":800,"caption":"Vi\u0161njeva pita"},{"@type":"BreadcrumbList","@id":"https:\/\/www.pekarna-pecjak.si\/en\/trgovina\/visnjeva-pita\/#breadcrumb","itemListElement":[{"@type":"ListItem","position":1,"name":"Home","item":"https:\/\/www.pekarna-pecjak.si\/en\/"},{"@type":"ListItem","position":2,"name":"Spletna trgovina","item":"https:\/\/www.pekarna-pecjak.si\/trgovina\/"},{"@type":"ListItem","position":3,"name":"Vi\u0161njeva pita"}]},{"@type":"WebSite","@id":"https:\/\/www.pekarna-pecjak.si\/en\/#website","url":"https:\/\/www.pekarna-pecjak.si\/en\/","name":"Pekarna Pe\u010djak","description":"","potentialAction":[{"@type":"SearchAction","target":{"@type":"EntryPoint","urlTemplate":"https:\/\/www.pekarna-pecjak.si\/en\/?s={search_term_string}"},"query-input":{"@type":"PropertyValueSpecification","valueRequired":true,"valueName":"search_term_string"}}],"inLanguage":"en-US"}]}},"_links":{"self":[{"href":"https:\/\/www.pekarna-pecjak.si\/en\/wp-json\/wp\/v2\/product\/2721","targetHints":{"allow":["GET"]}}],"collection":[{"href":"https:\/\/www.pekarna-pecjak.si\/en\/wp-json\/wp\/v2\/product"}],"about":[{"href":"https:\/\/www.pekarna-pecjak.si\/en\/wp-json\/wp\/v2\/types\/product"}],"wp:featuredmedia":[{"embeddable":true,"href":"https:\/\/www.pekarna-pecjak.si\/en\/wp-json\/wp\/v2\/media\/6340"}],"wp:attachment":[{"href":"https:\/\/www.pekarna-pecjak.si\/en\/wp-json\/wp\/v2\/media?parent=2721"}],"wp:term":[{"taxonomy":"product_brand","embeddable":true,"href":"https:\/\/www.pekarna-pecjak.si\/en\/wp-json\/wp\/v2\/product_brand?post=2721"},{"taxonomy":"product_cat","embeddable":true,"href":"https:\/\/www.pekarna-pecjak.si\/en\/wp-json\/wp\/v2\/product_cat?post=2721"},{"taxonomy":"product_tag","embeddable":true,"href":"https:\/\/www.pekarna-pecjak.si\/en\/wp-json\/wp\/v2\/product_tag?post=2721"}],"curies":[{"name":"wp","href":"https:\/\/api.w.org\/{rel}","templated":true}]}}