{"id":2827,"date":"2026-01-09T07:49:42","date_gmt":"2026-01-09T06:49:42","guid":{"rendered":"https:\/\/pekarna-pecjak.si\/trgovina\/kruhovi-cmoki\/"},"modified":"2026-03-20T08:58:05","modified_gmt":"2026-03-20T07:58:05","slug":"kruhovi-cmoki","status":"publish","type":"product","link":"https:\/\/www.pekarna-pecjak.si\/en\/trgovina\/kruhovi-cmoki\/","title":{"rendered":"Kruhovi cmoki"},"content":{"rendered":"<p>Hitro zamrznjeni izdelek iz testa, ki ga je treba termi\u010dno obdelati po navodilih proizvajalca.<\/p>\n","protected":false},"excerpt":{"rendered":"<p>Tradicionalni kruhovi cmoki \u2013 hitro pripravljena doma\u010da specialiteta vedno pri roki! Kot doma narejeni, iz kruhovih kock, za katere kruh namensko pe\u010demo, z jajci hlevske reje. Idealna priloga gola\u017eem, mesnim in zelenjavnim omakam.<\/p>\n","protected":false},"featured_media":16797,"template":"","meta":{"_acf_changed":false},"product_brand":[],"product_cat":[37],"product_tag":[],"class_list":{"0":"post-2827","1":"product","2":"type-product","3":"status-publish","4":"has-post-thumbnail","6":"product_cat-cmoki","8":"first","9":"instock","10":"taxable","11":"shipping-taxable","12":"purchasable","13":"product-type-variable"},"acf":[],"yoast_head":"<!-- This site is optimized with the Yoast SEO plugin v27.2 - https:\/\/yoast.com\/product\/yoast-seo-wordpress\/ -->\n<title>Kruhovi cmoki - Pekarna Pe\u010djak<\/title>\n<meta name=\"description\" content=\"Kruhovi cmoki so odli\u010dna priloga k razli\u010dnim omakam in mesu. Prihranite \u010das z \u017ee pripravljenimi. Narejeni so iz sve\u017ee pe\u010denega kruha, okusni kot doma\u010di.Tradicionalni kruhovi cmoki \u2013 hitro pripravljena doma\u010da specialiteta vedno pri roki! Kot doma narejeni, iz kruhovih kock, za katere kruh namensko pe\u010demo, z jajci hlevske reje. Idealna priloga gola\u017eem, mesnim in zelenjavnim omakam.\" \/>\n<meta name=\"robots\" content=\"index, follow, max-snippet:-1, max-image-preview:large, max-video-preview:-1\" \/>\n<link rel=\"canonical\" href=\"https:\/\/www.pekarna-pecjak.si\/en\/trgovina\/kruhovi-cmoki\/\" \/>\n<meta property=\"og:locale\" content=\"en_US\" \/>\n<meta property=\"og:type\" content=\"article\" \/>\n<meta property=\"og:title\" content=\"Kruhovi cmoki - Pekarna Pe\u010djak\" \/>\n<meta property=\"og:description\" content=\"Kruhovi cmoki so odli\u010dna priloga k razli\u010dnim omakam in mesu. Prihranite \u010das z \u017ee pripravljenimi. Narejeni so iz sve\u017ee pe\u010denega kruha, okusni kot doma\u010di.Tradicionalni kruhovi cmoki \u2013 hitro pripravljena doma\u010da specialiteta vedno pri roki! Kot doma narejeni, iz kruhovih kock, za katere kruh namensko pe\u010demo, z jajci hlevske reje. Idealna priloga gola\u017eem, mesnim in zelenjavnim omakam.\" \/>\n<meta property=\"og:url\" content=\"https:\/\/www.pekarna-pecjak.si\/en\/trgovina\/kruhovi-cmoki\/\" \/>\n<meta property=\"og:site_name\" content=\"Pekarna Pe\u010djak\" \/>\n<meta property=\"article:modified_time\" content=\"2026-03-20T07:58:05+00:00\" \/>\n<meta property=\"og:image\" content=\"https:\/\/www.pekarna-pecjak.si\/wp-content\/uploads\/2025\/11\/Pecjak-produkt-kruhovi-cmoki_hero.jpg\" \/>\n\t<meta property=\"og:image:width\" content=\"1725\" \/>\n\t<meta property=\"og:image:height\" content=\"800\" \/>\n\t<meta property=\"og:image:type\" content=\"image\/jpeg\" \/>\n<meta name=\"twitter:card\" content=\"summary_large_image\" \/>\n<script type=\"application\/ld+json\" class=\"yoast-schema-graph\">{\"@context\":\"https:\/\/schema.org\",\"@graph\":[{\"@type\":\"WebPage\",\"@id\":\"https:\/\/www.pekarna-pecjak.si\/en\/trgovina\/kruhovi-cmoki\/\",\"url\":\"https:\/\/www.pekarna-pecjak.si\/en\/trgovina\/kruhovi-cmoki\/\",\"name\":\"Kruhovi cmoki - Pekarna Pe\u010djak\",\"isPartOf\":{\"@id\":\"https:\/\/www.pekarna-pecjak.si\/en\/#website\"},\"primaryImageOfPage\":{\"@id\":\"https:\/\/www.pekarna-pecjak.si\/en\/trgovina\/kruhovi-cmoki\/#primaryimage\"},\"image\":{\"@id\":\"https:\/\/www.pekarna-pecjak.si\/en\/trgovina\/kruhovi-cmoki\/#primaryimage\"},\"thumbnailUrl\":\"https:\/\/www.pekarna-pecjak.si\/wp-content\/uploads\/2025\/11\/Pecjak-produkt-kruhovi-cmoki_hero.jpg\",\"datePublished\":\"2026-01-09T06:49:42+00:00\",\"dateModified\":\"2026-03-20T07:58:05+00:00\",\"description\":\"Kruhovi cmoki so odli\u010dna priloga k razli\u010dnim omakam in mesu. Prihranite \u010das z \u017ee pripravljenimi. Narejeni so iz sve\u017ee pe\u010denega kruha, okusni kot doma\u010di.Tradicionalni kruhovi cmoki \u2013 hitro pripravljena doma\u010da specialiteta vedno pri roki! Kot doma narejeni, iz kruhovih kock, za katere kruh namensko pe\u010demo, z jajci hlevske reje. Idealna priloga gola\u017eem, mesnim in zelenjavnim omakam.\",\"breadcrumb\":{\"@id\":\"https:\/\/www.pekarna-pecjak.si\/en\/trgovina\/kruhovi-cmoki\/#breadcrumb\"},\"inLanguage\":\"en-US\",\"potentialAction\":[{\"@type\":\"ReadAction\",\"target\":[\"https:\/\/www.pekarna-pecjak.si\/en\/trgovina\/kruhovi-cmoki\/\"]}]},{\"@type\":\"ImageObject\",\"inLanguage\":\"en-US\",\"@id\":\"https:\/\/www.pekarna-pecjak.si\/en\/trgovina\/kruhovi-cmoki\/#primaryimage\",\"url\":\"https:\/\/www.pekarna-pecjak.si\/wp-content\/uploads\/2025\/11\/Pecjak-produkt-kruhovi-cmoki_hero.jpg\",\"contentUrl\":\"https:\/\/www.pekarna-pecjak.si\/wp-content\/uploads\/2025\/11\/Pecjak-produkt-kruhovi-cmoki_hero.jpg\",\"width\":1725,\"height\":800,\"caption\":\"Kruhovi cmoki\"},{\"@type\":\"BreadcrumbList\",\"@id\":\"https:\/\/www.pekarna-pecjak.si\/en\/trgovina\/kruhovi-cmoki\/#breadcrumb\",\"itemListElement\":[{\"@type\":\"ListItem\",\"position\":1,\"name\":\"Home\",\"item\":\"https:\/\/www.pekarna-pecjak.si\/en\/\"},{\"@type\":\"ListItem\",\"position\":2,\"name\":\"Spletna trgovina\",\"item\":\"https:\/\/www.pekarna-pecjak.si\/trgovina\/\"},{\"@type\":\"ListItem\",\"position\":3,\"name\":\"Kruhovi cmoki\"}]},{\"@type\":\"WebSite\",\"@id\":\"https:\/\/www.pekarna-pecjak.si\/en\/#website\",\"url\":\"https:\/\/www.pekarna-pecjak.si\/en\/\",\"name\":\"Pekarna Pe\u010djak\",\"description\":\"\",\"potentialAction\":[{\"@type\":\"SearchAction\",\"target\":{\"@type\":\"EntryPoint\",\"urlTemplate\":\"https:\/\/www.pekarna-pecjak.si\/en\/?s={search_term_string}\"},\"query-input\":{\"@type\":\"PropertyValueSpecification\",\"valueRequired\":true,\"valueName\":\"search_term_string\"}}],\"inLanguage\":\"en-US\"}]}<\/script>\n<!-- \/ Yoast SEO plugin. -->","yoast_head_json":{"title":"Kruhovi cmoki - Pekarna Pe\u010djak","description":"Kruhovi cmoki so odli\u010dna priloga k razli\u010dnim omakam in mesu. Prihranite \u010das z \u017ee pripravljenimi. Narejeni so iz sve\u017ee pe\u010denega kruha, okusni kot doma\u010di.Tradicionalni kruhovi cmoki \u2013 hitro pripravljena doma\u010da specialiteta vedno pri roki! Kot doma narejeni, iz kruhovih kock, za katere kruh namensko pe\u010demo, z jajci hlevske reje. Idealna priloga gola\u017eem, mesnim in zelenjavnim omakam.","robots":{"index":"index","follow":"follow","max-snippet":"max-snippet:-1","max-image-preview":"max-image-preview:large","max-video-preview":"max-video-preview:-1"},"canonical":"https:\/\/www.pekarna-pecjak.si\/en\/trgovina\/kruhovi-cmoki\/","og_locale":"en_US","og_type":"article","og_title":"Kruhovi cmoki - Pekarna Pe\u010djak","og_description":"Kruhovi cmoki so odli\u010dna priloga k razli\u010dnim omakam in mesu. Prihranite \u010das z \u017ee pripravljenimi. Narejeni so iz sve\u017ee pe\u010denega kruha, okusni kot doma\u010di.Tradicionalni kruhovi cmoki \u2013 hitro pripravljena doma\u010da specialiteta vedno pri roki! Kot doma narejeni, iz kruhovih kock, za katere kruh namensko pe\u010demo, z jajci hlevske reje. Idealna priloga gola\u017eem, mesnim in zelenjavnim omakam.","og_url":"https:\/\/www.pekarna-pecjak.si\/en\/trgovina\/kruhovi-cmoki\/","og_site_name":"Pekarna Pe\u010djak","article_modified_time":"2026-03-20T07:58:05+00:00","og_image":[{"width":1725,"height":800,"url":"https:\/\/www.pekarna-pecjak.si\/wp-content\/uploads\/2025\/11\/Pecjak-produkt-kruhovi-cmoki_hero.jpg","type":"image\/jpeg"}],"twitter_card":"summary_large_image","schema":{"@context":"https:\/\/schema.org","@graph":[{"@type":"WebPage","@id":"https:\/\/www.pekarna-pecjak.si\/en\/trgovina\/kruhovi-cmoki\/","url":"https:\/\/www.pekarna-pecjak.si\/en\/trgovina\/kruhovi-cmoki\/","name":"Kruhovi cmoki - Pekarna Pe\u010djak","isPartOf":{"@id":"https:\/\/www.pekarna-pecjak.si\/en\/#website"},"primaryImageOfPage":{"@id":"https:\/\/www.pekarna-pecjak.si\/en\/trgovina\/kruhovi-cmoki\/#primaryimage"},"image":{"@id":"https:\/\/www.pekarna-pecjak.si\/en\/trgovina\/kruhovi-cmoki\/#primaryimage"},"thumbnailUrl":"https:\/\/www.pekarna-pecjak.si\/wp-content\/uploads\/2025\/11\/Pecjak-produkt-kruhovi-cmoki_hero.jpg","datePublished":"2026-01-09T06:49:42+00:00","dateModified":"2026-03-20T07:58:05+00:00","description":"Kruhovi cmoki so odli\u010dna priloga k razli\u010dnim omakam in mesu. Prihranite \u010das z \u017ee pripravljenimi. Narejeni so iz sve\u017ee pe\u010denega kruha, okusni kot doma\u010di.Tradicionalni kruhovi cmoki \u2013 hitro pripravljena doma\u010da specialiteta vedno pri roki! Kot doma narejeni, iz kruhovih kock, za katere kruh namensko pe\u010demo, z jajci hlevske reje. Idealna priloga gola\u017eem, mesnim in zelenjavnim omakam.","breadcrumb":{"@id":"https:\/\/www.pekarna-pecjak.si\/en\/trgovina\/kruhovi-cmoki\/#breadcrumb"},"inLanguage":"en-US","potentialAction":[{"@type":"ReadAction","target":["https:\/\/www.pekarna-pecjak.si\/en\/trgovina\/kruhovi-cmoki\/"]}]},{"@type":"ImageObject","inLanguage":"en-US","@id":"https:\/\/www.pekarna-pecjak.si\/en\/trgovina\/kruhovi-cmoki\/#primaryimage","url":"https:\/\/www.pekarna-pecjak.si\/wp-content\/uploads\/2025\/11\/Pecjak-produkt-kruhovi-cmoki_hero.jpg","contentUrl":"https:\/\/www.pekarna-pecjak.si\/wp-content\/uploads\/2025\/11\/Pecjak-produkt-kruhovi-cmoki_hero.jpg","width":1725,"height":800,"caption":"Kruhovi cmoki"},{"@type":"BreadcrumbList","@id":"https:\/\/www.pekarna-pecjak.si\/en\/trgovina\/kruhovi-cmoki\/#breadcrumb","itemListElement":[{"@type":"ListItem","position":1,"name":"Home","item":"https:\/\/www.pekarna-pecjak.si\/en\/"},{"@type":"ListItem","position":2,"name":"Spletna trgovina","item":"https:\/\/www.pekarna-pecjak.si\/trgovina\/"},{"@type":"ListItem","position":3,"name":"Kruhovi cmoki"}]},{"@type":"WebSite","@id":"https:\/\/www.pekarna-pecjak.si\/en\/#website","url":"https:\/\/www.pekarna-pecjak.si\/en\/","name":"Pekarna Pe\u010djak","description":"","potentialAction":[{"@type":"SearchAction","target":{"@type":"EntryPoint","urlTemplate":"https:\/\/www.pekarna-pecjak.si\/en\/?s={search_term_string}"},"query-input":{"@type":"PropertyValueSpecification","valueRequired":true,"valueName":"search_term_string"}}],"inLanguage":"en-US"}]}},"_links":{"self":[{"href":"https:\/\/www.pekarna-pecjak.si\/en\/wp-json\/wp\/v2\/product\/2827","targetHints":{"allow":["GET"]}}],"collection":[{"href":"https:\/\/www.pekarna-pecjak.si\/en\/wp-json\/wp\/v2\/product"}],"about":[{"href":"https:\/\/www.pekarna-pecjak.si\/en\/wp-json\/wp\/v2\/types\/product"}],"wp:featuredmedia":[{"embeddable":true,"href":"https:\/\/www.pekarna-pecjak.si\/en\/wp-json\/wp\/v2\/media\/16797"}],"wp:attachment":[{"href":"https:\/\/www.pekarna-pecjak.si\/en\/wp-json\/wp\/v2\/media?parent=2827"}],"wp:term":[{"taxonomy":"product_brand","embeddable":true,"href":"https:\/\/www.pekarna-pecjak.si\/en\/wp-json\/wp\/v2\/product_brand?post=2827"},{"taxonomy":"product_cat","embeddable":true,"href":"https:\/\/www.pekarna-pecjak.si\/en\/wp-json\/wp\/v2\/product_cat?post=2827"},{"taxonomy":"product_tag","embeddable":true,"href":"https:\/\/www.pekarna-pecjak.si\/en\/wp-json\/wp\/v2\/product_tag?post=2827"}],"curies":[{"name":"wp","href":"https:\/\/api.w.org\/{rel}","templated":true}]}}