{"id":2863,"date":"2025-03-13T12:37:08","date_gmt":"2025-03-13T11:37:08","guid":{"rendered":"https:\/\/pekarna-pecjak.si\/trgovina\/kaneloni-s-sunko-in-sirom\/"},"modified":"2026-03-20T11:07:08","modified_gmt":"2026-03-20T10:07:08","slug":"kaneloni-s-sunko-in-sirom","status":"publish","type":"product","link":"https:\/\/www.pekarna-pecjak.si\/en\/trgovina\/kaneloni-s-sunko-in-sirom\/","title":{"rendered":"Kaneloni s \u0161unko in sirom"},"content":{"rendered":"<p>Panirani hitro zamrznjeni izdelek iz testa z nadevom, ki ga je treba termi\u010dno obdelati po navodilih proizvajalca.<\/p>\n","protected":false},"excerpt":{"rendered":"<p>Hitro pripravljen zaokro\u017een obrok z nadevom, ki navdu\u0161i tudi najmlaj\u0161e.<\/p>\n","protected":false},"featured_media":6542,"template":"","meta":{"_acf_changed":false},"product_brand":[],"product_cat":[38],"product_tag":[],"class_list":{"0":"post-2863","1":"product","2":"type-product","3":"status-publish","4":"has-post-thumbnail","6":"product_cat-kaneloni-in-polpeti","8":"first","9":"instock","10":"taxable","11":"shipping-taxable","12":"purchasable","13":"product-type-variable"},"acf":[],"yoast_head":"<!-- This site is optimized with the Yoast SEO plugin v27.2 - https:\/\/yoast.com\/product\/yoast-seo-wordpress\/ -->\n<title>Kaneloni s \u0161unko in sirom - Pekarna Pe\u010djak<\/title>\n<meta name=\"description\" content=\"Kaneloni s \u0161unko in sirom so hitro pripravljen obrok, ki o\u010dara tudi najmlaj\u0161e. \u017de pripravljeni, zamrznjeni. Samo pogrejte v pe\u010dici.Preverite.\" \/>\n<meta name=\"robots\" content=\"index, follow, max-snippet:-1, max-image-preview:large, max-video-preview:-1\" \/>\n<link rel=\"canonical\" href=\"https:\/\/www.pekarna-pecjak.si\/en\/trgovina\/kaneloni-s-sunko-in-sirom\/\" \/>\n<meta property=\"og:locale\" content=\"en_US\" \/>\n<meta property=\"og:type\" content=\"article\" \/>\n<meta property=\"og:title\" content=\"Kaneloni s \u0161unko in sirom - Pekarna Pe\u010djak\" \/>\n<meta property=\"og:description\" content=\"Kaneloni s \u0161unko in sirom so hitro pripravljen obrok, ki o\u010dara tudi najmlaj\u0161e. \u017de pripravljeni, zamrznjeni. Samo pogrejte v pe\u010dici.Preverite.\" \/>\n<meta property=\"og:url\" content=\"https:\/\/www.pekarna-pecjak.si\/en\/trgovina\/kaneloni-s-sunko-in-sirom\/\" \/>\n<meta property=\"og:site_name\" content=\"Pekarna Pe\u010djak\" \/>\n<meta property=\"article:modified_time\" content=\"2026-03-20T10:07:08+00:00\" \/>\n<meta property=\"og:image\" content=\"https:\/\/www.pekarna-pecjak.si\/wp-content\/uploads\/2025\/02\/Pecjak-produkt-Kaneloni-s-sunko-in-sirom_hero.jpg\" \/>\n\t<meta property=\"og:image:width\" content=\"1725\" \/>\n\t<meta property=\"og:image:height\" content=\"800\" \/>\n\t<meta property=\"og:image:type\" content=\"image\/jpeg\" \/>\n<meta name=\"twitter:card\" content=\"summary_large_image\" \/>\n<script type=\"application\/ld+json\" class=\"yoast-schema-graph\">{\"@context\":\"https:\/\/schema.org\",\"@graph\":[{\"@type\":\"WebPage\",\"@id\":\"https:\/\/www.pekarna-pecjak.si\/en\/trgovina\/kaneloni-s-sunko-in-sirom\/\",\"url\":\"https:\/\/www.pekarna-pecjak.si\/en\/trgovina\/kaneloni-s-sunko-in-sirom\/\",\"name\":\"Kaneloni s \u0161unko in sirom - Pekarna Pe\u010djak\",\"isPartOf\":{\"@id\":\"https:\/\/www.pekarna-pecjak.si\/en\/#website\"},\"primaryImageOfPage\":{\"@id\":\"https:\/\/www.pekarna-pecjak.si\/en\/trgovina\/kaneloni-s-sunko-in-sirom\/#primaryimage\"},\"image\":{\"@id\":\"https:\/\/www.pekarna-pecjak.si\/en\/trgovina\/kaneloni-s-sunko-in-sirom\/#primaryimage\"},\"thumbnailUrl\":\"https:\/\/www.pekarna-pecjak.si\/wp-content\/uploads\/2025\/02\/Pecjak-produkt-Kaneloni-s-sunko-in-sirom_hero.jpg\",\"datePublished\":\"2025-03-13T11:37:08+00:00\",\"dateModified\":\"2026-03-20T10:07:08+00:00\",\"description\":\"Kaneloni s \u0161unko in sirom so hitro pripravljen obrok, ki o\u010dara tudi najmlaj\u0161e. \u017de pripravljeni, zamrznjeni. Samo pogrejte v pe\u010dici.Preverite.\",\"breadcrumb\":{\"@id\":\"https:\/\/www.pekarna-pecjak.si\/en\/trgovina\/kaneloni-s-sunko-in-sirom\/#breadcrumb\"},\"inLanguage\":\"en-US\",\"potentialAction\":[{\"@type\":\"ReadAction\",\"target\":[\"https:\/\/www.pekarna-pecjak.si\/en\/trgovina\/kaneloni-s-sunko-in-sirom\/\"]}]},{\"@type\":\"ImageObject\",\"inLanguage\":\"en-US\",\"@id\":\"https:\/\/www.pekarna-pecjak.si\/en\/trgovina\/kaneloni-s-sunko-in-sirom\/#primaryimage\",\"url\":\"https:\/\/www.pekarna-pecjak.si\/wp-content\/uploads\/2025\/02\/Pecjak-produkt-Kaneloni-s-sunko-in-sirom_hero.jpg\",\"contentUrl\":\"https:\/\/www.pekarna-pecjak.si\/wp-content\/uploads\/2025\/02\/Pecjak-produkt-Kaneloni-s-sunko-in-sirom_hero.jpg\",\"width\":1725,\"height\":800,\"caption\":\"Kaneloni s \u0161unko in sirom\"},{\"@type\":\"BreadcrumbList\",\"@id\":\"https:\/\/www.pekarna-pecjak.si\/en\/trgovina\/kaneloni-s-sunko-in-sirom\/#breadcrumb\",\"itemListElement\":[{\"@type\":\"ListItem\",\"position\":1,\"name\":\"Home\",\"item\":\"https:\/\/www.pekarna-pecjak.si\/en\/\"},{\"@type\":\"ListItem\",\"position\":2,\"name\":\"Spletna trgovina\",\"item\":\"https:\/\/www.pekarna-pecjak.si\/trgovina\/\"},{\"@type\":\"ListItem\",\"position\":3,\"name\":\"Kaneloni s \u0161unko in sirom\"}]},{\"@type\":\"WebSite\",\"@id\":\"https:\/\/www.pekarna-pecjak.si\/en\/#website\",\"url\":\"https:\/\/www.pekarna-pecjak.si\/en\/\",\"name\":\"Pekarna Pe\u010djak\",\"description\":\"\",\"potentialAction\":[{\"@type\":\"SearchAction\",\"target\":{\"@type\":\"EntryPoint\",\"urlTemplate\":\"https:\/\/www.pekarna-pecjak.si\/en\/?s={search_term_string}\"},\"query-input\":{\"@type\":\"PropertyValueSpecification\",\"valueRequired\":true,\"valueName\":\"search_term_string\"}}],\"inLanguage\":\"en-US\"}]}<\/script>\n<!-- \/ Yoast SEO plugin. -->","yoast_head_json":{"title":"Kaneloni s \u0161unko in sirom - Pekarna Pe\u010djak","description":"Kaneloni s \u0161unko in sirom so hitro pripravljen obrok, ki o\u010dara tudi najmlaj\u0161e. \u017de pripravljeni, zamrznjeni. Samo pogrejte v pe\u010dici.Preverite.","robots":{"index":"index","follow":"follow","max-snippet":"max-snippet:-1","max-image-preview":"max-image-preview:large","max-video-preview":"max-video-preview:-1"},"canonical":"https:\/\/www.pekarna-pecjak.si\/en\/trgovina\/kaneloni-s-sunko-in-sirom\/","og_locale":"en_US","og_type":"article","og_title":"Kaneloni s \u0161unko in sirom - Pekarna Pe\u010djak","og_description":"Kaneloni s \u0161unko in sirom so hitro pripravljen obrok, ki o\u010dara tudi najmlaj\u0161e. \u017de pripravljeni, zamrznjeni. Samo pogrejte v pe\u010dici.Preverite.","og_url":"https:\/\/www.pekarna-pecjak.si\/en\/trgovina\/kaneloni-s-sunko-in-sirom\/","og_site_name":"Pekarna Pe\u010djak","article_modified_time":"2026-03-20T10:07:08+00:00","og_image":[{"width":1725,"height":800,"url":"https:\/\/www.pekarna-pecjak.si\/wp-content\/uploads\/2025\/02\/Pecjak-produkt-Kaneloni-s-sunko-in-sirom_hero.jpg","type":"image\/jpeg"}],"twitter_card":"summary_large_image","schema":{"@context":"https:\/\/schema.org","@graph":[{"@type":"WebPage","@id":"https:\/\/www.pekarna-pecjak.si\/en\/trgovina\/kaneloni-s-sunko-in-sirom\/","url":"https:\/\/www.pekarna-pecjak.si\/en\/trgovina\/kaneloni-s-sunko-in-sirom\/","name":"Kaneloni s \u0161unko in sirom - Pekarna Pe\u010djak","isPartOf":{"@id":"https:\/\/www.pekarna-pecjak.si\/en\/#website"},"primaryImageOfPage":{"@id":"https:\/\/www.pekarna-pecjak.si\/en\/trgovina\/kaneloni-s-sunko-in-sirom\/#primaryimage"},"image":{"@id":"https:\/\/www.pekarna-pecjak.si\/en\/trgovina\/kaneloni-s-sunko-in-sirom\/#primaryimage"},"thumbnailUrl":"https:\/\/www.pekarna-pecjak.si\/wp-content\/uploads\/2025\/02\/Pecjak-produkt-Kaneloni-s-sunko-in-sirom_hero.jpg","datePublished":"2025-03-13T11:37:08+00:00","dateModified":"2026-03-20T10:07:08+00:00","description":"Kaneloni s \u0161unko in sirom so hitro pripravljen obrok, ki o\u010dara tudi najmlaj\u0161e. \u017de pripravljeni, zamrznjeni. Samo pogrejte v pe\u010dici.Preverite.","breadcrumb":{"@id":"https:\/\/www.pekarna-pecjak.si\/en\/trgovina\/kaneloni-s-sunko-in-sirom\/#breadcrumb"},"inLanguage":"en-US","potentialAction":[{"@type":"ReadAction","target":["https:\/\/www.pekarna-pecjak.si\/en\/trgovina\/kaneloni-s-sunko-in-sirom\/"]}]},{"@type":"ImageObject","inLanguage":"en-US","@id":"https:\/\/www.pekarna-pecjak.si\/en\/trgovina\/kaneloni-s-sunko-in-sirom\/#primaryimage","url":"https:\/\/www.pekarna-pecjak.si\/wp-content\/uploads\/2025\/02\/Pecjak-produkt-Kaneloni-s-sunko-in-sirom_hero.jpg","contentUrl":"https:\/\/www.pekarna-pecjak.si\/wp-content\/uploads\/2025\/02\/Pecjak-produkt-Kaneloni-s-sunko-in-sirom_hero.jpg","width":1725,"height":800,"caption":"Kaneloni s \u0161unko in sirom"},{"@type":"BreadcrumbList","@id":"https:\/\/www.pekarna-pecjak.si\/en\/trgovina\/kaneloni-s-sunko-in-sirom\/#breadcrumb","itemListElement":[{"@type":"ListItem","position":1,"name":"Home","item":"https:\/\/www.pekarna-pecjak.si\/en\/"},{"@type":"ListItem","position":2,"name":"Spletna trgovina","item":"https:\/\/www.pekarna-pecjak.si\/trgovina\/"},{"@type":"ListItem","position":3,"name":"Kaneloni s \u0161unko in sirom"}]},{"@type":"WebSite","@id":"https:\/\/www.pekarna-pecjak.si\/en\/#website","url":"https:\/\/www.pekarna-pecjak.si\/en\/","name":"Pekarna Pe\u010djak","description":"","potentialAction":[{"@type":"SearchAction","target":{"@type":"EntryPoint","urlTemplate":"https:\/\/www.pekarna-pecjak.si\/en\/?s={search_term_string}"},"query-input":{"@type":"PropertyValueSpecification","valueRequired":true,"valueName":"search_term_string"}}],"inLanguage":"en-US"}]}},"_links":{"self":[{"href":"https:\/\/www.pekarna-pecjak.si\/en\/wp-json\/wp\/v2\/product\/2863","targetHints":{"allow":["GET"]}}],"collection":[{"href":"https:\/\/www.pekarna-pecjak.si\/en\/wp-json\/wp\/v2\/product"}],"about":[{"href":"https:\/\/www.pekarna-pecjak.si\/en\/wp-json\/wp\/v2\/types\/product"}],"wp:featuredmedia":[{"embeddable":true,"href":"https:\/\/www.pekarna-pecjak.si\/en\/wp-json\/wp\/v2\/media\/6542"}],"wp:attachment":[{"href":"https:\/\/www.pekarna-pecjak.si\/en\/wp-json\/wp\/v2\/media?parent=2863"}],"wp:term":[{"taxonomy":"product_brand","embeddable":true,"href":"https:\/\/www.pekarna-pecjak.si\/en\/wp-json\/wp\/v2\/product_brand?post=2863"},{"taxonomy":"product_cat","embeddable":true,"href":"https:\/\/www.pekarna-pecjak.si\/en\/wp-json\/wp\/v2\/product_cat?post=2863"},{"taxonomy":"product_tag","embeddable":true,"href":"https:\/\/www.pekarna-pecjak.si\/en\/wp-json\/wp\/v2\/product_tag?post=2863"}],"curies":[{"name":"wp","href":"https:\/\/api.w.org\/{rel}","templated":true}]}}