{"id":2925,"date":"2025-03-13T12:37:36","date_gmt":"2025-03-13T11:37:36","guid":{"rendered":"https:\/\/pekarna-pecjak.si\/trgovina\/drobni-polzi\/"},"modified":"2026-04-21T12:21:15","modified_gmt":"2026-04-21T10:21:15","slug":"drobni-polzi","status":"publish","type":"product","link":"https:\/\/www.pekarna-pecjak.si\/en\/trgovina\/drobni-polzi\/","title":{"rendered":"Drobni pol\u017ei"},"content":{"rendered":"<p>Su\u0161ene jaj\u010dne testenine, ki jih je treba termi\u010dno obdelati po navodilih proizvajalca.<\/p>\n","protected":false},"excerpt":{"rendered":"<p>Idealna zakuha ali priloga.<br \/>\n &#10004; 100% durum p\u0161eni\u010dni zdrob za vse jaj\u010dne testenine<\/p>\n","protected":false},"featured_media":6634,"template":"","meta":{"_acf_changed":false},"product_brand":[],"product_cat":[40],"product_tag":[],"class_list":{"0":"post-2925","1":"product","2":"type-product","3":"status-publish","4":"has-post-thumbnail","6":"product_cat-testenine","8":"first","9":"instock","10":"sale","11":"taxable","12":"shipping-taxable","13":"purchasable","14":"product-type-variable"},"acf":[],"yoast_head":"<!-- This site is optimized with the Yoast SEO plugin v27.2 - https:\/\/yoast.com\/product\/yoast-seo-wordpress\/ -->\n<title>Drobni pol\u017ei - Pekarna Pe\u010djak<\/title>\n<meta name=\"description\" content=\"Pol\u017eki so najbolj priljubljena testenina, vsestransko uporabni. Tudi kot zakuha v juhah. \u010ce so jaj\u010dni in iz durum zdroba, juha ne pomotni. Preverite!\" \/>\n<meta name=\"robots\" content=\"index, follow, max-snippet:-1, max-image-preview:large, max-video-preview:-1\" \/>\n<link rel=\"canonical\" href=\"https:\/\/www.pekarna-pecjak.si\/en\/trgovina\/drobni-polzi\/\" \/>\n<meta property=\"og:locale\" content=\"en_US\" \/>\n<meta property=\"og:type\" content=\"article\" \/>\n<meta property=\"og:title\" content=\"Drobni pol\u017ei - Pekarna Pe\u010djak\" \/>\n<meta property=\"og:description\" content=\"Pol\u017eki so najbolj priljubljena testenina, vsestransko uporabni. Tudi kot zakuha v juhah. \u010ce so jaj\u010dni in iz durum zdroba, juha ne pomotni. Preverite!\" \/>\n<meta property=\"og:url\" content=\"https:\/\/www.pekarna-pecjak.si\/en\/trgovina\/drobni-polzi\/\" \/>\n<meta property=\"og:site_name\" content=\"Pekarna Pe\u010djak\" \/>\n<meta property=\"article:modified_time\" content=\"2026-04-21T10:21:15+00:00\" \/>\n<meta property=\"og:image\" content=\"https:\/\/www.pekarna-pecjak.si\/wp-content\/uploads\/2025\/02\/Pecjak-produkt-Drobni-polzi_hero.jpg\" \/>\n\t<meta property=\"og:image:width\" content=\"1725\" \/>\n\t<meta property=\"og:image:height\" content=\"800\" \/>\n\t<meta property=\"og:image:type\" content=\"image\/jpeg\" \/>\n<meta name=\"twitter:card\" content=\"summary_large_image\" \/>\n<script type=\"application\/ld+json\" class=\"yoast-schema-graph\">{\"@context\":\"https:\/\/schema.org\",\"@graph\":[{\"@type\":\"WebPage\",\"@id\":\"https:\/\/www.pekarna-pecjak.si\/en\/trgovina\/drobni-polzi\/\",\"url\":\"https:\/\/www.pekarna-pecjak.si\/en\/trgovina\/drobni-polzi\/\",\"name\":\"Drobni pol\u017ei - Pekarna Pe\u010djak\",\"isPartOf\":{\"@id\":\"https:\/\/www.pekarna-pecjak.si\/en\/#website\"},\"primaryImageOfPage\":{\"@id\":\"https:\/\/www.pekarna-pecjak.si\/en\/trgovina\/drobni-polzi\/#primaryimage\"},\"image\":{\"@id\":\"https:\/\/www.pekarna-pecjak.si\/en\/trgovina\/drobni-polzi\/#primaryimage\"},\"thumbnailUrl\":\"https:\/\/www.pekarna-pecjak.si\/wp-content\/uploads\/2025\/02\/Pecjak-produkt-Drobni-polzi_hero.jpg\",\"datePublished\":\"2025-03-13T11:37:36+00:00\",\"dateModified\":\"2026-04-21T10:21:15+00:00\",\"description\":\"Pol\u017eki so najbolj priljubljena testenina, vsestransko uporabni. Tudi kot zakuha v juhah. \u010ce so jaj\u010dni in iz durum zdroba, juha ne pomotni. Preverite!\",\"breadcrumb\":{\"@id\":\"https:\/\/www.pekarna-pecjak.si\/en\/trgovina\/drobni-polzi\/#breadcrumb\"},\"inLanguage\":\"en-US\",\"potentialAction\":[{\"@type\":\"ReadAction\",\"target\":[\"https:\/\/www.pekarna-pecjak.si\/en\/trgovina\/drobni-polzi\/\"]}]},{\"@type\":\"ImageObject\",\"inLanguage\":\"en-US\",\"@id\":\"https:\/\/www.pekarna-pecjak.si\/en\/trgovina\/drobni-polzi\/#primaryimage\",\"url\":\"https:\/\/www.pekarna-pecjak.si\/wp-content\/uploads\/2025\/02\/Pecjak-produkt-Drobni-polzi_hero.jpg\",\"contentUrl\":\"https:\/\/www.pekarna-pecjak.si\/wp-content\/uploads\/2025\/02\/Pecjak-produkt-Drobni-polzi_hero.jpg\",\"width\":1725,\"height\":800,\"caption\":\"Drobni pol\u017ei\"},{\"@type\":\"BreadcrumbList\",\"@id\":\"https:\/\/www.pekarna-pecjak.si\/en\/trgovina\/drobni-polzi\/#breadcrumb\",\"itemListElement\":[{\"@type\":\"ListItem\",\"position\":1,\"name\":\"Home\",\"item\":\"https:\/\/www.pekarna-pecjak.si\/en\/\"},{\"@type\":\"ListItem\",\"position\":2,\"name\":\"Spletna trgovina\",\"item\":\"https:\/\/www.pekarna-pecjak.si\/trgovina\/\"},{\"@type\":\"ListItem\",\"position\":3,\"name\":\"Drobni pol\u017ei\"}]},{\"@type\":\"WebSite\",\"@id\":\"https:\/\/www.pekarna-pecjak.si\/en\/#website\",\"url\":\"https:\/\/www.pekarna-pecjak.si\/en\/\",\"name\":\"Pekarna Pe\u010djak\",\"description\":\"\",\"potentialAction\":[{\"@type\":\"SearchAction\",\"target\":{\"@type\":\"EntryPoint\",\"urlTemplate\":\"https:\/\/www.pekarna-pecjak.si\/en\/?s={search_term_string}\"},\"query-input\":{\"@type\":\"PropertyValueSpecification\",\"valueRequired\":true,\"valueName\":\"search_term_string\"}}],\"inLanguage\":\"en-US\"}]}<\/script>\n<!-- \/ Yoast SEO plugin. -->","yoast_head_json":{"title":"Drobni pol\u017ei - Pekarna Pe\u010djak","description":"Pol\u017eki so najbolj priljubljena testenina, vsestransko uporabni. Tudi kot zakuha v juhah. \u010ce so jaj\u010dni in iz durum zdroba, juha ne pomotni. Preverite!","robots":{"index":"index","follow":"follow","max-snippet":"max-snippet:-1","max-image-preview":"max-image-preview:large","max-video-preview":"max-video-preview:-1"},"canonical":"https:\/\/www.pekarna-pecjak.si\/en\/trgovina\/drobni-polzi\/","og_locale":"en_US","og_type":"article","og_title":"Drobni pol\u017ei - Pekarna Pe\u010djak","og_description":"Pol\u017eki so najbolj priljubljena testenina, vsestransko uporabni. Tudi kot zakuha v juhah. \u010ce so jaj\u010dni in iz durum zdroba, juha ne pomotni. Preverite!","og_url":"https:\/\/www.pekarna-pecjak.si\/en\/trgovina\/drobni-polzi\/","og_site_name":"Pekarna Pe\u010djak","article_modified_time":"2026-04-21T10:21:15+00:00","og_image":[{"width":1725,"height":800,"url":"https:\/\/www.pekarna-pecjak.si\/wp-content\/uploads\/2025\/02\/Pecjak-produkt-Drobni-polzi_hero.jpg","type":"image\/jpeg"}],"twitter_card":"summary_large_image","schema":{"@context":"https:\/\/schema.org","@graph":[{"@type":"WebPage","@id":"https:\/\/www.pekarna-pecjak.si\/en\/trgovina\/drobni-polzi\/","url":"https:\/\/www.pekarna-pecjak.si\/en\/trgovina\/drobni-polzi\/","name":"Drobni pol\u017ei - Pekarna Pe\u010djak","isPartOf":{"@id":"https:\/\/www.pekarna-pecjak.si\/en\/#website"},"primaryImageOfPage":{"@id":"https:\/\/www.pekarna-pecjak.si\/en\/trgovina\/drobni-polzi\/#primaryimage"},"image":{"@id":"https:\/\/www.pekarna-pecjak.si\/en\/trgovina\/drobni-polzi\/#primaryimage"},"thumbnailUrl":"https:\/\/www.pekarna-pecjak.si\/wp-content\/uploads\/2025\/02\/Pecjak-produkt-Drobni-polzi_hero.jpg","datePublished":"2025-03-13T11:37:36+00:00","dateModified":"2026-04-21T10:21:15+00:00","description":"Pol\u017eki so najbolj priljubljena testenina, vsestransko uporabni. Tudi kot zakuha v juhah. \u010ce so jaj\u010dni in iz durum zdroba, juha ne pomotni. Preverite!","breadcrumb":{"@id":"https:\/\/www.pekarna-pecjak.si\/en\/trgovina\/drobni-polzi\/#breadcrumb"},"inLanguage":"en-US","potentialAction":[{"@type":"ReadAction","target":["https:\/\/www.pekarna-pecjak.si\/en\/trgovina\/drobni-polzi\/"]}]},{"@type":"ImageObject","inLanguage":"en-US","@id":"https:\/\/www.pekarna-pecjak.si\/en\/trgovina\/drobni-polzi\/#primaryimage","url":"https:\/\/www.pekarna-pecjak.si\/wp-content\/uploads\/2025\/02\/Pecjak-produkt-Drobni-polzi_hero.jpg","contentUrl":"https:\/\/www.pekarna-pecjak.si\/wp-content\/uploads\/2025\/02\/Pecjak-produkt-Drobni-polzi_hero.jpg","width":1725,"height":800,"caption":"Drobni pol\u017ei"},{"@type":"BreadcrumbList","@id":"https:\/\/www.pekarna-pecjak.si\/en\/trgovina\/drobni-polzi\/#breadcrumb","itemListElement":[{"@type":"ListItem","position":1,"name":"Home","item":"https:\/\/www.pekarna-pecjak.si\/en\/"},{"@type":"ListItem","position":2,"name":"Spletna trgovina","item":"https:\/\/www.pekarna-pecjak.si\/trgovina\/"},{"@type":"ListItem","position":3,"name":"Drobni pol\u017ei"}]},{"@type":"WebSite","@id":"https:\/\/www.pekarna-pecjak.si\/en\/#website","url":"https:\/\/www.pekarna-pecjak.si\/en\/","name":"Pekarna Pe\u010djak","description":"","potentialAction":[{"@type":"SearchAction","target":{"@type":"EntryPoint","urlTemplate":"https:\/\/www.pekarna-pecjak.si\/en\/?s={search_term_string}"},"query-input":{"@type":"PropertyValueSpecification","valueRequired":true,"valueName":"search_term_string"}}],"inLanguage":"en-US"}]}},"_links":{"self":[{"href":"https:\/\/www.pekarna-pecjak.si\/en\/wp-json\/wp\/v2\/product\/2925","targetHints":{"allow":["GET"]}}],"collection":[{"href":"https:\/\/www.pekarna-pecjak.si\/en\/wp-json\/wp\/v2\/product"}],"about":[{"href":"https:\/\/www.pekarna-pecjak.si\/en\/wp-json\/wp\/v2\/types\/product"}],"wp:featuredmedia":[{"embeddable":true,"href":"https:\/\/www.pekarna-pecjak.si\/en\/wp-json\/wp\/v2\/media\/6634"}],"wp:attachment":[{"href":"https:\/\/www.pekarna-pecjak.si\/en\/wp-json\/wp\/v2\/media?parent=2925"}],"wp:term":[{"taxonomy":"product_brand","embeddable":true,"href":"https:\/\/www.pekarna-pecjak.si\/en\/wp-json\/wp\/v2\/product_brand?post=2925"},{"taxonomy":"product_cat","embeddable":true,"href":"https:\/\/www.pekarna-pecjak.si\/en\/wp-json\/wp\/v2\/product_cat?post=2925"},{"taxonomy":"product_tag","embeddable":true,"href":"https:\/\/www.pekarna-pecjak.si\/en\/wp-json\/wp\/v2\/product_tag?post=2925"}],"curies":[{"name":"wp","href":"https:\/\/api.w.org\/{rel}","templated":true}]}}