{"id":2962,"date":"2025-03-13T12:37:45","date_gmt":"2025-03-13T11:37:45","guid":{"rendered":"https:\/\/pekarna-pecjak.si\/trgovina\/eko-polsiroki-polnozrnati-rezanci\/"},"modified":"2026-04-20T09:15:26","modified_gmt":"2026-04-20T07:15:26","slug":"eko-polsiroki-polnozrnati-rezanci","status":"publish","type":"product","link":"https:\/\/www.pekarna-pecjak.si\/en\/trgovina\/eko-polsiroki-polnozrnati-rezanci\/","title":{"rendered":"Eko pol\u0161iroki polnozrnati rezanci"},"content":{"rendered":"<p>Su\u0161ene polnozrnate testenine, ki jih je treba termi\u010dno obdelati po navodilih proizvajalca.<\/p>\n","protected":false},"excerpt":{"rendered":"<p>Privo\u0161\u010dite si okusen in z vlakninami bogat obrok.<br \/>\n &#10004; iz 100 % polnozrnatega durum p\u0161eni\u010dnega zdroba<br \/>\n &#10004; <a href=\"\/2020\/10\/katalog-zivil-izboljsane-sestave\/\">\u017eivilo izbolj\u0161ane sestave<\/a>, ki se pona\u0161a s prehransko trditvijo: Vir prehranske vlaknine<\/p>\n","protected":false},"featured_media":6694,"template":"","meta":{"_acf_changed":false},"product_brand":[],"product_cat":[40],"product_tag":[],"class_list":{"0":"post-2962","1":"product","2":"type-product","3":"status-publish","4":"has-post-thumbnail","6":"product_cat-testenine","8":"first","9":"instock","10":"taxable","11":"shipping-taxable","12":"purchasable","13":"product-type-variable"},"acf":[],"yoast_head":"<!-- This site is optimized with the Yoast SEO plugin v27.2 - https:\/\/yoast.com\/product\/yoast-seo-wordpress\/ -->\n<title>Eko pol\u0161iroki polnozrnati rezanci - Pekarna Pe\u010djak<\/title>\n<meta name=\"description\" content=\"Privo\u0161\u010dite si okusen in z vlakninami bogat obrok. Izberite ekolo\u0161ke polnozrnate pol\u0161iroke rezance. S 100% polnozrnatega zdroba. V spletni trgovini!\" \/>\n<meta name=\"robots\" content=\"index, follow, max-snippet:-1, max-image-preview:large, max-video-preview:-1\" \/>\n<link rel=\"canonical\" href=\"https:\/\/www.pekarna-pecjak.si\/en\/trgovina\/eko-polsiroki-polnozrnati-rezanci\/\" \/>\n<meta property=\"og:locale\" content=\"en_US\" \/>\n<meta property=\"og:type\" content=\"article\" \/>\n<meta property=\"og:title\" content=\"Eko pol\u0161iroki polnozrnati rezanci - Pekarna Pe\u010djak\" \/>\n<meta property=\"og:description\" content=\"Privo\u0161\u010dite si okusen in z vlakninami bogat obrok. Izberite ekolo\u0161ke polnozrnate pol\u0161iroke rezance. S 100% polnozrnatega zdroba. V spletni trgovini!\" \/>\n<meta property=\"og:url\" content=\"https:\/\/www.pekarna-pecjak.si\/en\/trgovina\/eko-polsiroki-polnozrnati-rezanci\/\" \/>\n<meta property=\"og:site_name\" content=\"Pekarna Pe\u010djak\" \/>\n<meta property=\"article:modified_time\" content=\"2026-04-20T07:15:26+00:00\" \/>\n<meta property=\"og:image\" content=\"https:\/\/www.pekarna-pecjak.si\/wp-content\/uploads\/2025\/02\/Pecjak-produkt-Eko-polsiroki-polnozrnati-rezanci_hero.jpg\" \/>\n\t<meta property=\"og:image:width\" content=\"1725\" \/>\n\t<meta property=\"og:image:height\" content=\"800\" \/>\n\t<meta property=\"og:image:type\" content=\"image\/jpeg\" \/>\n<meta name=\"twitter:card\" content=\"summary_large_image\" \/>\n<script type=\"application\/ld+json\" class=\"yoast-schema-graph\">{\"@context\":\"https:\/\/schema.org\",\"@graph\":[{\"@type\":\"WebPage\",\"@id\":\"https:\/\/www.pekarna-pecjak.si\/en\/trgovina\/eko-polsiroki-polnozrnati-rezanci\/\",\"url\":\"https:\/\/www.pekarna-pecjak.si\/en\/trgovina\/eko-polsiroki-polnozrnati-rezanci\/\",\"name\":\"Eko pol\u0161iroki polnozrnati rezanci - Pekarna Pe\u010djak\",\"isPartOf\":{\"@id\":\"https:\/\/www.pekarna-pecjak.si\/en\/#website\"},\"primaryImageOfPage\":{\"@id\":\"https:\/\/www.pekarna-pecjak.si\/en\/trgovina\/eko-polsiroki-polnozrnati-rezanci\/#primaryimage\"},\"image\":{\"@id\":\"https:\/\/www.pekarna-pecjak.si\/en\/trgovina\/eko-polsiroki-polnozrnati-rezanci\/#primaryimage\"},\"thumbnailUrl\":\"https:\/\/www.pekarna-pecjak.si\/wp-content\/uploads\/2025\/02\/Pecjak-produkt-Eko-polsiroki-polnozrnati-rezanci_hero.jpg\",\"datePublished\":\"2025-03-13T11:37:45+00:00\",\"dateModified\":\"2026-04-20T07:15:26+00:00\",\"description\":\"Privo\u0161\u010dite si okusen in z vlakninami bogat obrok. Izberite ekolo\u0161ke polnozrnate pol\u0161iroke rezance. S 100% polnozrnatega zdroba. V spletni trgovini!\",\"breadcrumb\":{\"@id\":\"https:\/\/www.pekarna-pecjak.si\/en\/trgovina\/eko-polsiroki-polnozrnati-rezanci\/#breadcrumb\"},\"inLanguage\":\"en-US\",\"potentialAction\":[{\"@type\":\"ReadAction\",\"target\":[\"https:\/\/www.pekarna-pecjak.si\/en\/trgovina\/eko-polsiroki-polnozrnati-rezanci\/\"]}]},{\"@type\":\"ImageObject\",\"inLanguage\":\"en-US\",\"@id\":\"https:\/\/www.pekarna-pecjak.si\/en\/trgovina\/eko-polsiroki-polnozrnati-rezanci\/#primaryimage\",\"url\":\"https:\/\/www.pekarna-pecjak.si\/wp-content\/uploads\/2025\/02\/Pecjak-produkt-Eko-polsiroki-polnozrnati-rezanci_hero.jpg\",\"contentUrl\":\"https:\/\/www.pekarna-pecjak.si\/wp-content\/uploads\/2025\/02\/Pecjak-produkt-Eko-polsiroki-polnozrnati-rezanci_hero.jpg\",\"width\":1725,\"height\":800,\"caption\":\"Eko pol\u0161iroki polnozrnati rezanci\"},{\"@type\":\"BreadcrumbList\",\"@id\":\"https:\/\/www.pekarna-pecjak.si\/en\/trgovina\/eko-polsiroki-polnozrnati-rezanci\/#breadcrumb\",\"itemListElement\":[{\"@type\":\"ListItem\",\"position\":1,\"name\":\"Home\",\"item\":\"https:\/\/www.pekarna-pecjak.si\/en\/\"},{\"@type\":\"ListItem\",\"position\":2,\"name\":\"Spletna trgovina\",\"item\":\"https:\/\/www.pekarna-pecjak.si\/trgovina\/\"},{\"@type\":\"ListItem\",\"position\":3,\"name\":\"Eko pol\u0161iroki polnozrnati rezanci\"}]},{\"@type\":\"WebSite\",\"@id\":\"https:\/\/www.pekarna-pecjak.si\/en\/#website\",\"url\":\"https:\/\/www.pekarna-pecjak.si\/en\/\",\"name\":\"Pekarna Pe\u010djak\",\"description\":\"\",\"potentialAction\":[{\"@type\":\"SearchAction\",\"target\":{\"@type\":\"EntryPoint\",\"urlTemplate\":\"https:\/\/www.pekarna-pecjak.si\/en\/?s={search_term_string}\"},\"query-input\":{\"@type\":\"PropertyValueSpecification\",\"valueRequired\":true,\"valueName\":\"search_term_string\"}}],\"inLanguage\":\"en-US\"}]}<\/script>\n<!-- \/ Yoast SEO plugin. -->","yoast_head_json":{"title":"Eko pol\u0161iroki polnozrnati rezanci - Pekarna Pe\u010djak","description":"Privo\u0161\u010dite si okusen in z vlakninami bogat obrok. Izberite ekolo\u0161ke polnozrnate pol\u0161iroke rezance. S 100% polnozrnatega zdroba. V spletni trgovini!","robots":{"index":"index","follow":"follow","max-snippet":"max-snippet:-1","max-image-preview":"max-image-preview:large","max-video-preview":"max-video-preview:-1"},"canonical":"https:\/\/www.pekarna-pecjak.si\/en\/trgovina\/eko-polsiroki-polnozrnati-rezanci\/","og_locale":"en_US","og_type":"article","og_title":"Eko pol\u0161iroki polnozrnati rezanci - Pekarna Pe\u010djak","og_description":"Privo\u0161\u010dite si okusen in z vlakninami bogat obrok. Izberite ekolo\u0161ke polnozrnate pol\u0161iroke rezance. S 100% polnozrnatega zdroba. V spletni trgovini!","og_url":"https:\/\/www.pekarna-pecjak.si\/en\/trgovina\/eko-polsiroki-polnozrnati-rezanci\/","og_site_name":"Pekarna Pe\u010djak","article_modified_time":"2026-04-20T07:15:26+00:00","og_image":[{"width":1725,"height":800,"url":"https:\/\/www.pekarna-pecjak.si\/wp-content\/uploads\/2025\/02\/Pecjak-produkt-Eko-polsiroki-polnozrnati-rezanci_hero.jpg","type":"image\/jpeg"}],"twitter_card":"summary_large_image","schema":{"@context":"https:\/\/schema.org","@graph":[{"@type":"WebPage","@id":"https:\/\/www.pekarna-pecjak.si\/en\/trgovina\/eko-polsiroki-polnozrnati-rezanci\/","url":"https:\/\/www.pekarna-pecjak.si\/en\/trgovina\/eko-polsiroki-polnozrnati-rezanci\/","name":"Eko pol\u0161iroki polnozrnati rezanci - Pekarna Pe\u010djak","isPartOf":{"@id":"https:\/\/www.pekarna-pecjak.si\/en\/#website"},"primaryImageOfPage":{"@id":"https:\/\/www.pekarna-pecjak.si\/en\/trgovina\/eko-polsiroki-polnozrnati-rezanci\/#primaryimage"},"image":{"@id":"https:\/\/www.pekarna-pecjak.si\/en\/trgovina\/eko-polsiroki-polnozrnati-rezanci\/#primaryimage"},"thumbnailUrl":"https:\/\/www.pekarna-pecjak.si\/wp-content\/uploads\/2025\/02\/Pecjak-produkt-Eko-polsiroki-polnozrnati-rezanci_hero.jpg","datePublished":"2025-03-13T11:37:45+00:00","dateModified":"2026-04-20T07:15:26+00:00","description":"Privo\u0161\u010dite si okusen in z vlakninami bogat obrok. Izberite ekolo\u0161ke polnozrnate pol\u0161iroke rezance. S 100% polnozrnatega zdroba. V spletni trgovini!","breadcrumb":{"@id":"https:\/\/www.pekarna-pecjak.si\/en\/trgovina\/eko-polsiroki-polnozrnati-rezanci\/#breadcrumb"},"inLanguage":"en-US","potentialAction":[{"@type":"ReadAction","target":["https:\/\/www.pekarna-pecjak.si\/en\/trgovina\/eko-polsiroki-polnozrnati-rezanci\/"]}]},{"@type":"ImageObject","inLanguage":"en-US","@id":"https:\/\/www.pekarna-pecjak.si\/en\/trgovina\/eko-polsiroki-polnozrnati-rezanci\/#primaryimage","url":"https:\/\/www.pekarna-pecjak.si\/wp-content\/uploads\/2025\/02\/Pecjak-produkt-Eko-polsiroki-polnozrnati-rezanci_hero.jpg","contentUrl":"https:\/\/www.pekarna-pecjak.si\/wp-content\/uploads\/2025\/02\/Pecjak-produkt-Eko-polsiroki-polnozrnati-rezanci_hero.jpg","width":1725,"height":800,"caption":"Eko pol\u0161iroki polnozrnati rezanci"},{"@type":"BreadcrumbList","@id":"https:\/\/www.pekarna-pecjak.si\/en\/trgovina\/eko-polsiroki-polnozrnati-rezanci\/#breadcrumb","itemListElement":[{"@type":"ListItem","position":1,"name":"Home","item":"https:\/\/www.pekarna-pecjak.si\/en\/"},{"@type":"ListItem","position":2,"name":"Spletna trgovina","item":"https:\/\/www.pekarna-pecjak.si\/trgovina\/"},{"@type":"ListItem","position":3,"name":"Eko pol\u0161iroki polnozrnati rezanci"}]},{"@type":"WebSite","@id":"https:\/\/www.pekarna-pecjak.si\/en\/#website","url":"https:\/\/www.pekarna-pecjak.si\/en\/","name":"Pekarna Pe\u010djak","description":"","potentialAction":[{"@type":"SearchAction","target":{"@type":"EntryPoint","urlTemplate":"https:\/\/www.pekarna-pecjak.si\/en\/?s={search_term_string}"},"query-input":{"@type":"PropertyValueSpecification","valueRequired":true,"valueName":"search_term_string"}}],"inLanguage":"en-US"}]}},"_links":{"self":[{"href":"https:\/\/www.pekarna-pecjak.si\/en\/wp-json\/wp\/v2\/product\/2962","targetHints":{"allow":["GET"]}}],"collection":[{"href":"https:\/\/www.pekarna-pecjak.si\/en\/wp-json\/wp\/v2\/product"}],"about":[{"href":"https:\/\/www.pekarna-pecjak.si\/en\/wp-json\/wp\/v2\/types\/product"}],"wp:featuredmedia":[{"embeddable":true,"href":"https:\/\/www.pekarna-pecjak.si\/en\/wp-json\/wp\/v2\/media\/6694"}],"wp:attachment":[{"href":"https:\/\/www.pekarna-pecjak.si\/en\/wp-json\/wp\/v2\/media?parent=2962"}],"wp:term":[{"taxonomy":"product_brand","embeddable":true,"href":"https:\/\/www.pekarna-pecjak.si\/en\/wp-json\/wp\/v2\/product_brand?post=2962"},{"taxonomy":"product_cat","embeddable":true,"href":"https:\/\/www.pekarna-pecjak.si\/en\/wp-json\/wp\/v2\/product_cat?post=2962"},{"taxonomy":"product_tag","embeddable":true,"href":"https:\/\/www.pekarna-pecjak.si\/en\/wp-json\/wp\/v2\/product_tag?post=2962"}],"curies":[{"name":"wp","href":"https:\/\/api.w.org\/{rel}","templated":true}]}}