{"id":3103,"date":"2025-03-13T12:38:34","date_gmt":"2025-03-13T11:38:34","guid":{"rendered":"https:\/\/pekarna-pecjak.si\/trgovina\/piscancji-burek\/"},"modified":"2026-03-20T10:17:43","modified_gmt":"2026-03-20T09:17:43","slug":"piscancji-burek","status":"publish","type":"product","link":"https:\/\/www.pekarna-pecjak.si\/en\/trgovina\/piscancji-burek\/","title":{"rendered":"Pi\u0161\u010dan\u010dji burek"},"content":{"rendered":"<p>Hitro zamrznjen izdelek iz vle\u010denega testa z nadevom, ki ga je treba termi\u010dno obdelati po navodilih proizvajalca.<\/p>\n","protected":false},"excerpt":{"rendered":"<p>So\u010den in okusen, s ko\u0161\u010dki na \u017earu pope\u010denega pi\u0161\u010danca je URADNI BUREK SLOVENSKE ODBOJKARSKE REPREZENTANCE.<br \/>\nPredstavlja odli\u010dno alternativo rde\u010demu mesu, je dober vir beljakovin in ob uravnote\u017eeni prehrani odli\u010dna izbira tudi za \u0161portnike.<br \/>\nNarejen je iz 100% slovenske moke in bogato nadevan s pi\u0161\u010dan\u010djim nadevom.<\/p>\n","protected":false},"featured_media":16275,"template":"","meta":{"_acf_changed":false},"product_brand":[],"product_cat":[29],"product_tag":[],"class_list":{"0":"post-3103","1":"product","2":"type-product","3":"status-publish","4":"has-post-thumbnail","6":"product_cat-burek","8":"first","9":"instock","10":"taxable","11":"shipping-taxable","12":"purchasable","13":"product-type-variable"},"acf":[],"yoast_head":"<!-- This site is optimized with the Yoast SEO plugin v27.2 - https:\/\/yoast.com\/product\/yoast-seo-wordpress\/ -->\n<title>Pi\u0161\u010dan\u010dji burek - Pekarna Pe\u010djak<\/title>\n<meta name=\"description\" content=\"Pi\u0161\u010dan\u010dji burek je namenjen tistim, ki vam goveje meso ne tekne toliko. Nadev iz so\u010dnega pi\u0161\u010danca pe\u010denega na \u017earu vas ne bo obte\u017eil.\" \/>\n<meta name=\"robots\" content=\"index, follow, max-snippet:-1, max-image-preview:large, max-video-preview:-1\" \/>\n<link rel=\"canonical\" href=\"https:\/\/www.pekarna-pecjak.si\/en\/trgovina\/piscancji-burek\/\" \/>\n<meta property=\"og:locale\" content=\"en_US\" \/>\n<meta property=\"og:type\" content=\"article\" \/>\n<meta property=\"og:title\" content=\"Pi\u0161\u010dan\u010dji burek - Pekarna Pe\u010djak\" \/>\n<meta property=\"og:description\" content=\"Pi\u0161\u010dan\u010dji burek je namenjen tistim, ki vam goveje meso ne tekne toliko. Nadev iz so\u010dnega pi\u0161\u010danca pe\u010denega na \u017earu vas ne bo obte\u017eil.\" \/>\n<meta property=\"og:url\" content=\"https:\/\/www.pekarna-pecjak.si\/en\/trgovina\/piscancji-burek\/\" \/>\n<meta property=\"og:site_name\" content=\"Pekarna Pe\u010djak\" \/>\n<meta property=\"article:modified_time\" content=\"2026-03-20T09:17:43+00:00\" \/>\n<meta property=\"og:image\" content=\"https:\/\/www.pekarna-pecjak.si\/wp-content\/uploads\/2025\/03\/Pecjak-produkt-piscancji-burek_hero-1.jpg\" \/>\n\t<meta property=\"og:image:width\" content=\"1725\" \/>\n\t<meta property=\"og:image:height\" content=\"800\" \/>\n\t<meta property=\"og:image:type\" content=\"image\/jpeg\" \/>\n<meta name=\"twitter:card\" content=\"summary_large_image\" \/>\n<script type=\"application\/ld+json\" class=\"yoast-schema-graph\">{\"@context\":\"https:\/\/schema.org\",\"@graph\":[{\"@type\":\"WebPage\",\"@id\":\"https:\/\/www.pekarna-pecjak.si\/en\/trgovina\/piscancji-burek\/\",\"url\":\"https:\/\/www.pekarna-pecjak.si\/en\/trgovina\/piscancji-burek\/\",\"name\":\"Pi\u0161\u010dan\u010dji burek - Pekarna Pe\u010djak\",\"isPartOf\":{\"@id\":\"https:\/\/www.pekarna-pecjak.si\/en\/#website\"},\"primaryImageOfPage\":{\"@id\":\"https:\/\/www.pekarna-pecjak.si\/en\/trgovina\/piscancji-burek\/#primaryimage\"},\"image\":{\"@id\":\"https:\/\/www.pekarna-pecjak.si\/en\/trgovina\/piscancji-burek\/#primaryimage\"},\"thumbnailUrl\":\"https:\/\/www.pekarna-pecjak.si\/wp-content\/uploads\/2025\/03\/Pecjak-produkt-piscancji-burek_hero-1.jpg\",\"datePublished\":\"2025-03-13T11:38:34+00:00\",\"dateModified\":\"2026-03-20T09:17:43+00:00\",\"description\":\"Pi\u0161\u010dan\u010dji burek je namenjen tistim, ki vam goveje meso ne tekne toliko. Nadev iz so\u010dnega pi\u0161\u010danca pe\u010denega na \u017earu vas ne bo obte\u017eil.\",\"breadcrumb\":{\"@id\":\"https:\/\/www.pekarna-pecjak.si\/en\/trgovina\/piscancji-burek\/#breadcrumb\"},\"inLanguage\":\"en-US\",\"potentialAction\":[{\"@type\":\"ReadAction\",\"target\":[\"https:\/\/www.pekarna-pecjak.si\/en\/trgovina\/piscancji-burek\/\"]}]},{\"@type\":\"ImageObject\",\"inLanguage\":\"en-US\",\"@id\":\"https:\/\/www.pekarna-pecjak.si\/en\/trgovina\/piscancji-burek\/#primaryimage\",\"url\":\"https:\/\/www.pekarna-pecjak.si\/wp-content\/uploads\/2025\/03\/Pecjak-produkt-piscancji-burek_hero-1.jpg\",\"contentUrl\":\"https:\/\/www.pekarna-pecjak.si\/wp-content\/uploads\/2025\/03\/Pecjak-produkt-piscancji-burek_hero-1.jpg\",\"width\":1725,\"height\":800,\"caption\":\"Pi\u0161\u010dan\u010dji burek\"},{\"@type\":\"BreadcrumbList\",\"@id\":\"https:\/\/www.pekarna-pecjak.si\/en\/trgovina\/piscancji-burek\/#breadcrumb\",\"itemListElement\":[{\"@type\":\"ListItem\",\"position\":1,\"name\":\"Home\",\"item\":\"https:\/\/www.pekarna-pecjak.si\/en\/\"},{\"@type\":\"ListItem\",\"position\":2,\"name\":\"Spletna trgovina\",\"item\":\"https:\/\/www.pekarna-pecjak.si\/trgovina\/\"},{\"@type\":\"ListItem\",\"position\":3,\"name\":\"Pi\u0161\u010dan\u010dji burek\"}]},{\"@type\":\"WebSite\",\"@id\":\"https:\/\/www.pekarna-pecjak.si\/en\/#website\",\"url\":\"https:\/\/www.pekarna-pecjak.si\/en\/\",\"name\":\"Pekarna Pe\u010djak\",\"description\":\"\",\"potentialAction\":[{\"@type\":\"SearchAction\",\"target\":{\"@type\":\"EntryPoint\",\"urlTemplate\":\"https:\/\/www.pekarna-pecjak.si\/en\/?s={search_term_string}\"},\"query-input\":{\"@type\":\"PropertyValueSpecification\",\"valueRequired\":true,\"valueName\":\"search_term_string\"}}],\"inLanguage\":\"en-US\"}]}<\/script>\n<!-- \/ Yoast SEO plugin. -->","yoast_head_json":{"title":"Pi\u0161\u010dan\u010dji burek - Pekarna Pe\u010djak","description":"Pi\u0161\u010dan\u010dji burek je namenjen tistim, ki vam goveje meso ne tekne toliko. Nadev iz so\u010dnega pi\u0161\u010danca pe\u010denega na \u017earu vas ne bo obte\u017eil.","robots":{"index":"index","follow":"follow","max-snippet":"max-snippet:-1","max-image-preview":"max-image-preview:large","max-video-preview":"max-video-preview:-1"},"canonical":"https:\/\/www.pekarna-pecjak.si\/en\/trgovina\/piscancji-burek\/","og_locale":"en_US","og_type":"article","og_title":"Pi\u0161\u010dan\u010dji burek - Pekarna Pe\u010djak","og_description":"Pi\u0161\u010dan\u010dji burek je namenjen tistim, ki vam goveje meso ne tekne toliko. Nadev iz so\u010dnega pi\u0161\u010danca pe\u010denega na \u017earu vas ne bo obte\u017eil.","og_url":"https:\/\/www.pekarna-pecjak.si\/en\/trgovina\/piscancji-burek\/","og_site_name":"Pekarna Pe\u010djak","article_modified_time":"2026-03-20T09:17:43+00:00","og_image":[{"width":1725,"height":800,"url":"https:\/\/www.pekarna-pecjak.si\/wp-content\/uploads\/2025\/03\/Pecjak-produkt-piscancji-burek_hero-1.jpg","type":"image\/jpeg"}],"twitter_card":"summary_large_image","schema":{"@context":"https:\/\/schema.org","@graph":[{"@type":"WebPage","@id":"https:\/\/www.pekarna-pecjak.si\/en\/trgovina\/piscancji-burek\/","url":"https:\/\/www.pekarna-pecjak.si\/en\/trgovina\/piscancji-burek\/","name":"Pi\u0161\u010dan\u010dji burek - Pekarna Pe\u010djak","isPartOf":{"@id":"https:\/\/www.pekarna-pecjak.si\/en\/#website"},"primaryImageOfPage":{"@id":"https:\/\/www.pekarna-pecjak.si\/en\/trgovina\/piscancji-burek\/#primaryimage"},"image":{"@id":"https:\/\/www.pekarna-pecjak.si\/en\/trgovina\/piscancji-burek\/#primaryimage"},"thumbnailUrl":"https:\/\/www.pekarna-pecjak.si\/wp-content\/uploads\/2025\/03\/Pecjak-produkt-piscancji-burek_hero-1.jpg","datePublished":"2025-03-13T11:38:34+00:00","dateModified":"2026-03-20T09:17:43+00:00","description":"Pi\u0161\u010dan\u010dji burek je namenjen tistim, ki vam goveje meso ne tekne toliko. Nadev iz so\u010dnega pi\u0161\u010danca pe\u010denega na \u017earu vas ne bo obte\u017eil.","breadcrumb":{"@id":"https:\/\/www.pekarna-pecjak.si\/en\/trgovina\/piscancji-burek\/#breadcrumb"},"inLanguage":"en-US","potentialAction":[{"@type":"ReadAction","target":["https:\/\/www.pekarna-pecjak.si\/en\/trgovina\/piscancji-burek\/"]}]},{"@type":"ImageObject","inLanguage":"en-US","@id":"https:\/\/www.pekarna-pecjak.si\/en\/trgovina\/piscancji-burek\/#primaryimage","url":"https:\/\/www.pekarna-pecjak.si\/wp-content\/uploads\/2025\/03\/Pecjak-produkt-piscancji-burek_hero-1.jpg","contentUrl":"https:\/\/www.pekarna-pecjak.si\/wp-content\/uploads\/2025\/03\/Pecjak-produkt-piscancji-burek_hero-1.jpg","width":1725,"height":800,"caption":"Pi\u0161\u010dan\u010dji burek"},{"@type":"BreadcrumbList","@id":"https:\/\/www.pekarna-pecjak.si\/en\/trgovina\/piscancji-burek\/#breadcrumb","itemListElement":[{"@type":"ListItem","position":1,"name":"Home","item":"https:\/\/www.pekarna-pecjak.si\/en\/"},{"@type":"ListItem","position":2,"name":"Spletna trgovina","item":"https:\/\/www.pekarna-pecjak.si\/trgovina\/"},{"@type":"ListItem","position":3,"name":"Pi\u0161\u010dan\u010dji burek"}]},{"@type":"WebSite","@id":"https:\/\/www.pekarna-pecjak.si\/en\/#website","url":"https:\/\/www.pekarna-pecjak.si\/en\/","name":"Pekarna Pe\u010djak","description":"","potentialAction":[{"@type":"SearchAction","target":{"@type":"EntryPoint","urlTemplate":"https:\/\/www.pekarna-pecjak.si\/en\/?s={search_term_string}"},"query-input":{"@type":"PropertyValueSpecification","valueRequired":true,"valueName":"search_term_string"}}],"inLanguage":"en-US"}]}},"_links":{"self":[{"href":"https:\/\/www.pekarna-pecjak.si\/en\/wp-json\/wp\/v2\/product\/3103","targetHints":{"allow":["GET"]}}],"collection":[{"href":"https:\/\/www.pekarna-pecjak.si\/en\/wp-json\/wp\/v2\/product"}],"about":[{"href":"https:\/\/www.pekarna-pecjak.si\/en\/wp-json\/wp\/v2\/types\/product"}],"wp:featuredmedia":[{"embeddable":true,"href":"https:\/\/www.pekarna-pecjak.si\/en\/wp-json\/wp\/v2\/media\/16275"}],"wp:attachment":[{"href":"https:\/\/www.pekarna-pecjak.si\/en\/wp-json\/wp\/v2\/media?parent=3103"}],"wp:term":[{"taxonomy":"product_brand","embeddable":true,"href":"https:\/\/www.pekarna-pecjak.si\/en\/wp-json\/wp\/v2\/product_brand?post=3103"},{"taxonomy":"product_cat","embeddable":true,"href":"https:\/\/www.pekarna-pecjak.si\/en\/wp-json\/wp\/v2\/product_cat?post=3103"},{"taxonomy":"product_tag","embeddable":true,"href":"https:\/\/www.pekarna-pecjak.si\/en\/wp-json\/wp\/v2\/product_tag?post=3103"}],"curies":[{"name":"wp","href":"https:\/\/api.w.org\/{rel}","templated":true}]}}