{"id":3234,"date":"2025-03-13T12:38:50","date_gmt":"2025-03-13T11:38:50","guid":{"rendered":"https:\/\/pekarna-pecjak.si\/trgovina\/sirovi-tortelini\/"},"modified":"2026-03-20T09:53:45","modified_gmt":"2026-03-20T08:53:45","slug":"tortelini-s-sirovim-nadevom","status":"publish","type":"product","link":"https:\/\/www.pekarna-pecjak.si\/en\/trgovina\/tortelini-s-sirovim-nadevom\/","title":{"rendered":"Tortelini s sirovim nadevom"},"content":{"rendered":"<p>Hitro zamrznjene polnjene jaj\u010dne testenine, ki jih je treba obdelati po navodilih proizvajalca.<\/p>\n","protected":false},"excerpt":{"rendered":"<p>Zaradi ne\u017enega okusa so idealni za kombiniranje z najrazli\u010dnej\u0161imi omakami.<br \/>\n &#10004; naravne sestavine, brez dodanih aditivov<\/p>\n","protected":false},"featured_media":6910,"template":"","meta":{"_acf_changed":false},"product_brand":[],"product_cat":[40],"product_tag":[],"class_list":{"0":"post-3234","1":"product","2":"type-product","3":"status-publish","4":"has-post-thumbnail","6":"product_cat-testenine","8":"first","9":"instock","10":"taxable","11":"shipping-taxable","12":"purchasable","13":"product-type-variable"},"acf":[],"yoast_head":"<!-- This site is optimized with the Yoast SEO plugin v27.2 - https:\/\/yoast.com\/product\/yoast-seo-wordpress\/ -->\n<title>Tortelini s sirovim nadevom - Pekarna Pe\u010djak<\/title>\n<meta name=\"description\" content=\"Tortelini s sirovim nadevom so blagega okusa. Idealni so za kombiniranje z razli\u010dnimi omakami. Primerni tudi za vegetarijansko prehrano.Na voljo tudi na spletu.\" \/>\n<meta name=\"robots\" content=\"index, follow, max-snippet:-1, max-image-preview:large, max-video-preview:-1\" \/>\n<link rel=\"canonical\" href=\"https:\/\/www.pekarna-pecjak.si\/en\/trgovina\/tortelini-s-sirovim-nadevom\/\" \/>\n<meta property=\"og:locale\" content=\"en_US\" \/>\n<meta property=\"og:type\" content=\"article\" \/>\n<meta property=\"og:title\" content=\"Tortelini s sirovim nadevom - Pekarna Pe\u010djak\" \/>\n<meta property=\"og:description\" content=\"Tortelini s sirovim nadevom so blagega okusa. Idealni so za kombiniranje z razli\u010dnimi omakami. Primerni tudi za vegetarijansko prehrano.Na voljo tudi na spletu.\" \/>\n<meta property=\"og:url\" content=\"https:\/\/www.pekarna-pecjak.si\/en\/trgovina\/tortelini-s-sirovim-nadevom\/\" \/>\n<meta property=\"og:site_name\" content=\"Pekarna Pe\u010djak\" \/>\n<meta property=\"article:modified_time\" content=\"2026-03-20T08:53:45+00:00\" \/>\n<meta property=\"og:image\" content=\"https:\/\/www.pekarna-pecjak.si\/wp-content\/uploads\/2025\/02\/Pecjak-produkt-Sirovi-tortelini_hero.jpg\" \/>\n\t<meta property=\"og:image:width\" content=\"1725\" \/>\n\t<meta property=\"og:image:height\" content=\"800\" \/>\n\t<meta property=\"og:image:type\" content=\"image\/jpeg\" \/>\n<meta name=\"twitter:card\" content=\"summary_large_image\" \/>\n<script type=\"application\/ld+json\" class=\"yoast-schema-graph\">{\"@context\":\"https:\/\/schema.org\",\"@graph\":[{\"@type\":\"WebPage\",\"@id\":\"https:\/\/www.pekarna-pecjak.si\/en\/trgovina\/tortelini-s-sirovim-nadevom\/\",\"url\":\"https:\/\/www.pekarna-pecjak.si\/en\/trgovina\/tortelini-s-sirovim-nadevom\/\",\"name\":\"Tortelini s sirovim nadevom - Pekarna Pe\u010djak\",\"isPartOf\":{\"@id\":\"https:\/\/www.pekarna-pecjak.si\/en\/#website\"},\"primaryImageOfPage\":{\"@id\":\"https:\/\/www.pekarna-pecjak.si\/en\/trgovina\/tortelini-s-sirovim-nadevom\/#primaryimage\"},\"image\":{\"@id\":\"https:\/\/www.pekarna-pecjak.si\/en\/trgovina\/tortelini-s-sirovim-nadevom\/#primaryimage\"},\"thumbnailUrl\":\"https:\/\/www.pekarna-pecjak.si\/wp-content\/uploads\/2025\/02\/Pecjak-produkt-Sirovi-tortelini_hero.jpg\",\"datePublished\":\"2025-03-13T11:38:50+00:00\",\"dateModified\":\"2026-03-20T08:53:45+00:00\",\"description\":\"Tortelini s sirovim nadevom so blagega okusa. Idealni so za kombiniranje z razli\u010dnimi omakami. Primerni tudi za vegetarijansko prehrano.Na voljo tudi na spletu.\",\"breadcrumb\":{\"@id\":\"https:\/\/www.pekarna-pecjak.si\/en\/trgovina\/tortelini-s-sirovim-nadevom\/#breadcrumb\"},\"inLanguage\":\"en-US\",\"potentialAction\":[{\"@type\":\"ReadAction\",\"target\":[\"https:\/\/www.pekarna-pecjak.si\/en\/trgovina\/tortelini-s-sirovim-nadevom\/\"]}]},{\"@type\":\"ImageObject\",\"inLanguage\":\"en-US\",\"@id\":\"https:\/\/www.pekarna-pecjak.si\/en\/trgovina\/tortelini-s-sirovim-nadevom\/#primaryimage\",\"url\":\"https:\/\/www.pekarna-pecjak.si\/wp-content\/uploads\/2025\/02\/Pecjak-produkt-Sirovi-tortelini_hero.jpg\",\"contentUrl\":\"https:\/\/www.pekarna-pecjak.si\/wp-content\/uploads\/2025\/02\/Pecjak-produkt-Sirovi-tortelini_hero.jpg\",\"width\":1725,\"height\":800,\"caption\":\"Sirovi tortelini\"},{\"@type\":\"BreadcrumbList\",\"@id\":\"https:\/\/www.pekarna-pecjak.si\/en\/trgovina\/tortelini-s-sirovim-nadevom\/#breadcrumb\",\"itemListElement\":[{\"@type\":\"ListItem\",\"position\":1,\"name\":\"Home\",\"item\":\"https:\/\/www.pekarna-pecjak.si\/en\/\"},{\"@type\":\"ListItem\",\"position\":2,\"name\":\"Spletna trgovina\",\"item\":\"https:\/\/www.pekarna-pecjak.si\/trgovina\/\"},{\"@type\":\"ListItem\",\"position\":3,\"name\":\"Tortelini s sirovim nadevom\"}]},{\"@type\":\"WebSite\",\"@id\":\"https:\/\/www.pekarna-pecjak.si\/en\/#website\",\"url\":\"https:\/\/www.pekarna-pecjak.si\/en\/\",\"name\":\"Pekarna Pe\u010djak\",\"description\":\"\",\"potentialAction\":[{\"@type\":\"SearchAction\",\"target\":{\"@type\":\"EntryPoint\",\"urlTemplate\":\"https:\/\/www.pekarna-pecjak.si\/en\/?s={search_term_string}\"},\"query-input\":{\"@type\":\"PropertyValueSpecification\",\"valueRequired\":true,\"valueName\":\"search_term_string\"}}],\"inLanguage\":\"en-US\"}]}<\/script>\n<!-- \/ Yoast SEO plugin. -->","yoast_head_json":{"title":"Tortelini s sirovim nadevom - Pekarna Pe\u010djak","description":"Tortelini s sirovim nadevom so blagega okusa. Idealni so za kombiniranje z razli\u010dnimi omakami. Primerni tudi za vegetarijansko prehrano.Na voljo tudi na spletu.","robots":{"index":"index","follow":"follow","max-snippet":"max-snippet:-1","max-image-preview":"max-image-preview:large","max-video-preview":"max-video-preview:-1"},"canonical":"https:\/\/www.pekarna-pecjak.si\/en\/trgovina\/tortelini-s-sirovim-nadevom\/","og_locale":"en_US","og_type":"article","og_title":"Tortelini s sirovim nadevom - Pekarna Pe\u010djak","og_description":"Tortelini s sirovim nadevom so blagega okusa. Idealni so za kombiniranje z razli\u010dnimi omakami. Primerni tudi za vegetarijansko prehrano.Na voljo tudi na spletu.","og_url":"https:\/\/www.pekarna-pecjak.si\/en\/trgovina\/tortelini-s-sirovim-nadevom\/","og_site_name":"Pekarna Pe\u010djak","article_modified_time":"2026-03-20T08:53:45+00:00","og_image":[{"width":1725,"height":800,"url":"https:\/\/www.pekarna-pecjak.si\/wp-content\/uploads\/2025\/02\/Pecjak-produkt-Sirovi-tortelini_hero.jpg","type":"image\/jpeg"}],"twitter_card":"summary_large_image","schema":{"@context":"https:\/\/schema.org","@graph":[{"@type":"WebPage","@id":"https:\/\/www.pekarna-pecjak.si\/en\/trgovina\/tortelini-s-sirovim-nadevom\/","url":"https:\/\/www.pekarna-pecjak.si\/en\/trgovina\/tortelini-s-sirovim-nadevom\/","name":"Tortelini s sirovim nadevom - Pekarna Pe\u010djak","isPartOf":{"@id":"https:\/\/www.pekarna-pecjak.si\/en\/#website"},"primaryImageOfPage":{"@id":"https:\/\/www.pekarna-pecjak.si\/en\/trgovina\/tortelini-s-sirovim-nadevom\/#primaryimage"},"image":{"@id":"https:\/\/www.pekarna-pecjak.si\/en\/trgovina\/tortelini-s-sirovim-nadevom\/#primaryimage"},"thumbnailUrl":"https:\/\/www.pekarna-pecjak.si\/wp-content\/uploads\/2025\/02\/Pecjak-produkt-Sirovi-tortelini_hero.jpg","datePublished":"2025-03-13T11:38:50+00:00","dateModified":"2026-03-20T08:53:45+00:00","description":"Tortelini s sirovim nadevom so blagega okusa. Idealni so za kombiniranje z razli\u010dnimi omakami. Primerni tudi za vegetarijansko prehrano.Na voljo tudi na spletu.","breadcrumb":{"@id":"https:\/\/www.pekarna-pecjak.si\/en\/trgovina\/tortelini-s-sirovim-nadevom\/#breadcrumb"},"inLanguage":"en-US","potentialAction":[{"@type":"ReadAction","target":["https:\/\/www.pekarna-pecjak.si\/en\/trgovina\/tortelini-s-sirovim-nadevom\/"]}]},{"@type":"ImageObject","inLanguage":"en-US","@id":"https:\/\/www.pekarna-pecjak.si\/en\/trgovina\/tortelini-s-sirovim-nadevom\/#primaryimage","url":"https:\/\/www.pekarna-pecjak.si\/wp-content\/uploads\/2025\/02\/Pecjak-produkt-Sirovi-tortelini_hero.jpg","contentUrl":"https:\/\/www.pekarna-pecjak.si\/wp-content\/uploads\/2025\/02\/Pecjak-produkt-Sirovi-tortelini_hero.jpg","width":1725,"height":800,"caption":"Sirovi tortelini"},{"@type":"BreadcrumbList","@id":"https:\/\/www.pekarna-pecjak.si\/en\/trgovina\/tortelini-s-sirovim-nadevom\/#breadcrumb","itemListElement":[{"@type":"ListItem","position":1,"name":"Home","item":"https:\/\/www.pekarna-pecjak.si\/en\/"},{"@type":"ListItem","position":2,"name":"Spletna trgovina","item":"https:\/\/www.pekarna-pecjak.si\/trgovina\/"},{"@type":"ListItem","position":3,"name":"Tortelini s sirovim nadevom"}]},{"@type":"WebSite","@id":"https:\/\/www.pekarna-pecjak.si\/en\/#website","url":"https:\/\/www.pekarna-pecjak.si\/en\/","name":"Pekarna Pe\u010djak","description":"","potentialAction":[{"@type":"SearchAction","target":{"@type":"EntryPoint","urlTemplate":"https:\/\/www.pekarna-pecjak.si\/en\/?s={search_term_string}"},"query-input":{"@type":"PropertyValueSpecification","valueRequired":true,"valueName":"search_term_string"}}],"inLanguage":"en-US"}]}},"_links":{"self":[{"href":"https:\/\/www.pekarna-pecjak.si\/en\/wp-json\/wp\/v2\/product\/3234","targetHints":{"allow":["GET"]}}],"collection":[{"href":"https:\/\/www.pekarna-pecjak.si\/en\/wp-json\/wp\/v2\/product"}],"about":[{"href":"https:\/\/www.pekarna-pecjak.si\/en\/wp-json\/wp\/v2\/types\/product"}],"wp:featuredmedia":[{"embeddable":true,"href":"https:\/\/www.pekarna-pecjak.si\/en\/wp-json\/wp\/v2\/media\/6910"}],"wp:attachment":[{"href":"https:\/\/www.pekarna-pecjak.si\/en\/wp-json\/wp\/v2\/media?parent=3234"}],"wp:term":[{"taxonomy":"product_brand","embeddable":true,"href":"https:\/\/www.pekarna-pecjak.si\/en\/wp-json\/wp\/v2\/product_brand?post=3234"},{"taxonomy":"product_cat","embeddable":true,"href":"https:\/\/www.pekarna-pecjak.si\/en\/wp-json\/wp\/v2\/product_cat?post=3234"},{"taxonomy":"product_tag","embeddable":true,"href":"https:\/\/www.pekarna-pecjak.si\/en\/wp-json\/wp\/v2\/product_tag?post=3234"}],"curies":[{"name":"wp","href":"https:\/\/api.w.org\/{rel}","templated":true}]}}