{"id":3256,"date":"2025-03-13T12:38:55","date_gmt":"2025-03-13T11:38:55","guid":{"rendered":"https:\/\/pekarna-pecjak.si\/trgovina\/jabolcna-pita-s-semeni-chia-brez-glutena\/"},"modified":"2026-03-25T12:23:37","modified_gmt":"2026-03-25T11:23:37","slug":"jabolcna-pita-s-semeni-chia-brez-glutena","status":"publish","type":"product","link":"https:\/\/www.pekarna-pecjak.si\/en\/trgovina\/jabolcna-pita-s-semeni-chia-brez-glutena\/","title":{"rendered":"Jabol\u010dna pita s semeni chia brez glutena"},"content":{"rendered":"<p>Pe\u010den zamrznjen bio pekovski izdelek brez glutena<\/p>\n","protected":false},"excerpt":{"rendered":"<p>Pita s katero se brez slabe vesti sladkate tudi tisti, ki ne u\u017eivate glutena.<\/p>\n","protected":false},"featured_media":6930,"template":"","meta":{"_acf_changed":false},"product_brand":[],"product_cat":[45],"product_tag":[],"class_list":{"0":"post-3256","1":"product","2":"type-product","3":"status-publish","4":"has-post-thumbnail","6":"product_cat-druge-blagovne-znamke","8":"first","9":"instock","10":"taxable","11":"shipping-taxable","12":"purchasable","13":"product-type-variable"},"acf":[],"yoast_head":"<!-- This site is optimized with the Yoast SEO plugin v27.2 - https:\/\/yoast.com\/product\/yoast-seo-wordpress\/ -->\n<title>Jabol\u010dna pita s semeni chia brez glutena - Pekarna Pe\u010djak<\/title>\n<meta name=\"description\" content=\"Brezglutenska jabol\u010dna pita s semeni chia za sladkanje brez skrbi.\" \/>\n<meta name=\"robots\" content=\"index, follow, max-snippet:-1, max-image-preview:large, max-video-preview:-1\" \/>\n<link rel=\"canonical\" href=\"https:\/\/www.pekarna-pecjak.si\/en\/trgovina\/jabolcna-pita-s-semeni-chia-brez-glutena\/\" \/>\n<meta property=\"og:locale\" content=\"en_US\" \/>\n<meta property=\"og:type\" content=\"article\" \/>\n<meta property=\"og:title\" content=\"Jabol\u010dna pita s semeni chia brez glutena - Pekarna Pe\u010djak\" \/>\n<meta property=\"og:description\" content=\"Brezglutenska jabol\u010dna pita s semeni chia za sladkanje brez skrbi.\" \/>\n<meta property=\"og:url\" content=\"https:\/\/www.pekarna-pecjak.si\/en\/trgovina\/jabolcna-pita-s-semeni-chia-brez-glutena\/\" \/>\n<meta property=\"og:site_name\" content=\"Pekarna Pe\u010djak\" \/>\n<meta property=\"article:modified_time\" content=\"2026-03-25T11:23:37+00:00\" \/>\n<meta property=\"og:image\" content=\"https:\/\/www.pekarna-pecjak.si\/wp-content\/uploads\/2025\/02\/pecjak-bio-jabolcna-pita-s-semeni-chia-brez-glutena_hero.png\" \/>\n\t<meta property=\"og:image:width\" content=\"1725\" \/>\n\t<meta property=\"og:image:height\" content=\"800\" \/>\n\t<meta property=\"og:image:type\" content=\"image\/png\" \/>\n<meta name=\"twitter:card\" content=\"summary_large_image\" \/>\n<script type=\"application\/ld+json\" class=\"yoast-schema-graph\">{\"@context\":\"https:\/\/schema.org\",\"@graph\":[{\"@type\":\"WebPage\",\"@id\":\"https:\/\/www.pekarna-pecjak.si\/en\/trgovina\/jabolcna-pita-s-semeni-chia-brez-glutena\/\",\"url\":\"https:\/\/www.pekarna-pecjak.si\/en\/trgovina\/jabolcna-pita-s-semeni-chia-brez-glutena\/\",\"name\":\"Jabol\u010dna pita s semeni chia brez glutena - Pekarna Pe\u010djak\",\"isPartOf\":{\"@id\":\"https:\/\/www.pekarna-pecjak.si\/en\/#website\"},\"primaryImageOfPage\":{\"@id\":\"https:\/\/www.pekarna-pecjak.si\/en\/trgovina\/jabolcna-pita-s-semeni-chia-brez-glutena\/#primaryimage\"},\"image\":{\"@id\":\"https:\/\/www.pekarna-pecjak.si\/en\/trgovina\/jabolcna-pita-s-semeni-chia-brez-glutena\/#primaryimage\"},\"thumbnailUrl\":\"https:\/\/www.pekarna-pecjak.si\/wp-content\/uploads\/2025\/02\/pecjak-bio-jabolcna-pita-s-semeni-chia-brez-glutena_hero.png\",\"datePublished\":\"2025-03-13T11:38:55+00:00\",\"dateModified\":\"2026-03-25T11:23:37+00:00\",\"description\":\"Brezglutenska jabol\u010dna pita s semeni chia za sladkanje brez skrbi.\",\"breadcrumb\":{\"@id\":\"https:\/\/www.pekarna-pecjak.si\/en\/trgovina\/jabolcna-pita-s-semeni-chia-brez-glutena\/#breadcrumb\"},\"inLanguage\":\"en-US\",\"potentialAction\":[{\"@type\":\"ReadAction\",\"target\":[\"https:\/\/www.pekarna-pecjak.si\/en\/trgovina\/jabolcna-pita-s-semeni-chia-brez-glutena\/\"]}]},{\"@type\":\"ImageObject\",\"inLanguage\":\"en-US\",\"@id\":\"https:\/\/www.pekarna-pecjak.si\/en\/trgovina\/jabolcna-pita-s-semeni-chia-brez-glutena\/#primaryimage\",\"url\":\"https:\/\/www.pekarna-pecjak.si\/wp-content\/uploads\/2025\/02\/pecjak-bio-jabolcna-pita-s-semeni-chia-brez-glutena_hero.png\",\"contentUrl\":\"https:\/\/www.pekarna-pecjak.si\/wp-content\/uploads\/2025\/02\/pecjak-bio-jabolcna-pita-s-semeni-chia-brez-glutena_hero.png\",\"width\":1725,\"height\":800,\"caption\":\"Jabol\u010dna pita s semeni chia brez glutena\"},{\"@type\":\"BreadcrumbList\",\"@id\":\"https:\/\/www.pekarna-pecjak.si\/en\/trgovina\/jabolcna-pita-s-semeni-chia-brez-glutena\/#breadcrumb\",\"itemListElement\":[{\"@type\":\"ListItem\",\"position\":1,\"name\":\"Home\",\"item\":\"https:\/\/www.pekarna-pecjak.si\/en\/\"},{\"@type\":\"ListItem\",\"position\":2,\"name\":\"Spletna trgovina\",\"item\":\"https:\/\/www.pekarna-pecjak.si\/trgovina\/\"},{\"@type\":\"ListItem\",\"position\":3,\"name\":\"Jabol\u010dna pita s semeni chia brez glutena\"}]},{\"@type\":\"WebSite\",\"@id\":\"https:\/\/www.pekarna-pecjak.si\/en\/#website\",\"url\":\"https:\/\/www.pekarna-pecjak.si\/en\/\",\"name\":\"Pekarna Pe\u010djak\",\"description\":\"\",\"potentialAction\":[{\"@type\":\"SearchAction\",\"target\":{\"@type\":\"EntryPoint\",\"urlTemplate\":\"https:\/\/www.pekarna-pecjak.si\/en\/?s={search_term_string}\"},\"query-input\":{\"@type\":\"PropertyValueSpecification\",\"valueRequired\":true,\"valueName\":\"search_term_string\"}}],\"inLanguage\":\"en-US\"}]}<\/script>\n<!-- \/ Yoast SEO plugin. -->","yoast_head_json":{"title":"Jabol\u010dna pita s semeni chia brez glutena - Pekarna Pe\u010djak","description":"Brezglutenska jabol\u010dna pita s semeni chia za sladkanje brez skrbi.","robots":{"index":"index","follow":"follow","max-snippet":"max-snippet:-1","max-image-preview":"max-image-preview:large","max-video-preview":"max-video-preview:-1"},"canonical":"https:\/\/www.pekarna-pecjak.si\/en\/trgovina\/jabolcna-pita-s-semeni-chia-brez-glutena\/","og_locale":"en_US","og_type":"article","og_title":"Jabol\u010dna pita s semeni chia brez glutena - Pekarna Pe\u010djak","og_description":"Brezglutenska jabol\u010dna pita s semeni chia za sladkanje brez skrbi.","og_url":"https:\/\/www.pekarna-pecjak.si\/en\/trgovina\/jabolcna-pita-s-semeni-chia-brez-glutena\/","og_site_name":"Pekarna Pe\u010djak","article_modified_time":"2026-03-25T11:23:37+00:00","og_image":[{"width":1725,"height":800,"url":"https:\/\/www.pekarna-pecjak.si\/wp-content\/uploads\/2025\/02\/pecjak-bio-jabolcna-pita-s-semeni-chia-brez-glutena_hero.png","type":"image\/png"}],"twitter_card":"summary_large_image","schema":{"@context":"https:\/\/schema.org","@graph":[{"@type":"WebPage","@id":"https:\/\/www.pekarna-pecjak.si\/en\/trgovina\/jabolcna-pita-s-semeni-chia-brez-glutena\/","url":"https:\/\/www.pekarna-pecjak.si\/en\/trgovina\/jabolcna-pita-s-semeni-chia-brez-glutena\/","name":"Jabol\u010dna pita s semeni chia brez glutena - Pekarna Pe\u010djak","isPartOf":{"@id":"https:\/\/www.pekarna-pecjak.si\/en\/#website"},"primaryImageOfPage":{"@id":"https:\/\/www.pekarna-pecjak.si\/en\/trgovina\/jabolcna-pita-s-semeni-chia-brez-glutena\/#primaryimage"},"image":{"@id":"https:\/\/www.pekarna-pecjak.si\/en\/trgovina\/jabolcna-pita-s-semeni-chia-brez-glutena\/#primaryimage"},"thumbnailUrl":"https:\/\/www.pekarna-pecjak.si\/wp-content\/uploads\/2025\/02\/pecjak-bio-jabolcna-pita-s-semeni-chia-brez-glutena_hero.png","datePublished":"2025-03-13T11:38:55+00:00","dateModified":"2026-03-25T11:23:37+00:00","description":"Brezglutenska jabol\u010dna pita s semeni chia za sladkanje brez skrbi.","breadcrumb":{"@id":"https:\/\/www.pekarna-pecjak.si\/en\/trgovina\/jabolcna-pita-s-semeni-chia-brez-glutena\/#breadcrumb"},"inLanguage":"en-US","potentialAction":[{"@type":"ReadAction","target":["https:\/\/www.pekarna-pecjak.si\/en\/trgovina\/jabolcna-pita-s-semeni-chia-brez-glutena\/"]}]},{"@type":"ImageObject","inLanguage":"en-US","@id":"https:\/\/www.pekarna-pecjak.si\/en\/trgovina\/jabolcna-pita-s-semeni-chia-brez-glutena\/#primaryimage","url":"https:\/\/www.pekarna-pecjak.si\/wp-content\/uploads\/2025\/02\/pecjak-bio-jabolcna-pita-s-semeni-chia-brez-glutena_hero.png","contentUrl":"https:\/\/www.pekarna-pecjak.si\/wp-content\/uploads\/2025\/02\/pecjak-bio-jabolcna-pita-s-semeni-chia-brez-glutena_hero.png","width":1725,"height":800,"caption":"Jabol\u010dna pita s semeni chia brez glutena"},{"@type":"BreadcrumbList","@id":"https:\/\/www.pekarna-pecjak.si\/en\/trgovina\/jabolcna-pita-s-semeni-chia-brez-glutena\/#breadcrumb","itemListElement":[{"@type":"ListItem","position":1,"name":"Home","item":"https:\/\/www.pekarna-pecjak.si\/en\/"},{"@type":"ListItem","position":2,"name":"Spletna trgovina","item":"https:\/\/www.pekarna-pecjak.si\/trgovina\/"},{"@type":"ListItem","position":3,"name":"Jabol\u010dna pita s semeni chia brez glutena"}]},{"@type":"WebSite","@id":"https:\/\/www.pekarna-pecjak.si\/en\/#website","url":"https:\/\/www.pekarna-pecjak.si\/en\/","name":"Pekarna Pe\u010djak","description":"","potentialAction":[{"@type":"SearchAction","target":{"@type":"EntryPoint","urlTemplate":"https:\/\/www.pekarna-pecjak.si\/en\/?s={search_term_string}"},"query-input":{"@type":"PropertyValueSpecification","valueRequired":true,"valueName":"search_term_string"}}],"inLanguage":"en-US"}]}},"_links":{"self":[{"href":"https:\/\/www.pekarna-pecjak.si\/en\/wp-json\/wp\/v2\/product\/3256","targetHints":{"allow":["GET"]}}],"collection":[{"href":"https:\/\/www.pekarna-pecjak.si\/en\/wp-json\/wp\/v2\/product"}],"about":[{"href":"https:\/\/www.pekarna-pecjak.si\/en\/wp-json\/wp\/v2\/types\/product"}],"wp:featuredmedia":[{"embeddable":true,"href":"https:\/\/www.pekarna-pecjak.si\/en\/wp-json\/wp\/v2\/media\/6930"}],"wp:attachment":[{"href":"https:\/\/www.pekarna-pecjak.si\/en\/wp-json\/wp\/v2\/media?parent=3256"}],"wp:term":[{"taxonomy":"product_brand","embeddable":true,"href":"https:\/\/www.pekarna-pecjak.si\/en\/wp-json\/wp\/v2\/product_brand?post=3256"},{"taxonomy":"product_cat","embeddable":true,"href":"https:\/\/www.pekarna-pecjak.si\/en\/wp-json\/wp\/v2\/product_cat?post=3256"},{"taxonomy":"product_tag","embeddable":true,"href":"https:\/\/www.pekarna-pecjak.si\/en\/wp-json\/wp\/v2\/product_tag?post=3256"}],"curies":[{"name":"wp","href":"https:\/\/api.w.org\/{rel}","templated":true}]}}