{"id":3375,"date":"2025-03-13T12:39:05","date_gmt":"2025-03-13T11:39:05","guid":{"rendered":"https:\/\/pekarna-pecjak.si\/trgovina\/burek-a-la-mesni\/"},"modified":"2026-04-20T09:12:37","modified_gmt":"2026-04-20T07:12:37","slug":"burek-a-la-mesni","status":"publish","type":"product","link":"https:\/\/www.pekarna-pecjak.si\/en\/trgovina\/burek-a-la-mesni\/","title":{"rendered":"Burek \u00e0 la mesni"},"content":{"rendered":"<p>Hitro zamrznjeni izdelek iz vle\u010denega testa z nadevom, ki ga je treba termi\u010dno obdelati po navodilih proizvajalca.<\/p>\n","protected":false},"excerpt":{"rendered":"<p>\u010ceprav je veganski, pripravljen na osnovi stro\u010dnic (grah), \u010debule in za\u010dimb,<br \/>\n struktura in okus nadeva spominjata na goveje meso.<br \/>\n Za vse, ki se \u017eelijo izogniti mesu (morda le za kratek \u010das).<\/p>\n","protected":false},"featured_media":6965,"template":"","meta":{"_acf_changed":false},"product_brand":[],"product_cat":[29],"product_tag":[],"class_list":{"0":"post-3375","1":"product","2":"type-product","3":"status-publish","4":"has-post-thumbnail","6":"product_cat-burek","8":"first","9":"instock","10":"taxable","11":"shipping-taxable","12":"purchasable","13":"product-type-variable"},"acf":[],"yoast_head":"<!-- This site is optimized with the Yoast SEO plugin v27.2 - https:\/\/yoast.com\/product\/yoast-seo-wordpress\/ -->\n<title>Burek \u00e0 la mesni - Pekarna Pe\u010djak<\/title>\n<meta name=\"description\" content=\"Prvi veganski burek na trgu ima okus in teksturo, ki res spominjata na pravo meso. A&#039;la mesni burek- 100% iz stro\u010dnic, zelenjave in za\u010dimb! Naro\u010di ga.\" \/>\n<meta name=\"robots\" content=\"index, follow, max-snippet:-1, max-image-preview:large, max-video-preview:-1\" \/>\n<link rel=\"canonical\" href=\"https:\/\/www.pekarna-pecjak.si\/en\/trgovina\/burek-a-la-mesni\/\" \/>\n<meta property=\"og:locale\" content=\"en_US\" \/>\n<meta property=\"og:type\" content=\"article\" \/>\n<meta property=\"og:title\" content=\"Burek \u00e0 la mesni - Pekarna Pe\u010djak\" \/>\n<meta property=\"og:description\" content=\"Prvi veganski burek na trgu ima okus in teksturo, ki res spominjata na pravo meso. A&#039;la mesni burek- 100% iz stro\u010dnic, zelenjave in za\u010dimb! Naro\u010di ga.\" \/>\n<meta property=\"og:url\" content=\"https:\/\/www.pekarna-pecjak.si\/en\/trgovina\/burek-a-la-mesni\/\" \/>\n<meta property=\"og:site_name\" content=\"Pekarna Pe\u010djak\" \/>\n<meta property=\"article:modified_time\" content=\"2026-04-20T07:12:37+00:00\" \/>\n<meta property=\"og:image\" content=\"https:\/\/www.pekarna-pecjak.si\/wp-content\/uploads\/2025\/02\/Pecjak-product-burek-a-la-mesni_hero.jpg\" \/>\n\t<meta property=\"og:image:width\" content=\"2560\" \/>\n\t<meta property=\"og:image:height\" content=\"1191\" \/>\n\t<meta property=\"og:image:type\" content=\"image\/jpeg\" \/>\n<meta name=\"twitter:card\" content=\"summary_large_image\" \/>\n<script type=\"application\/ld+json\" class=\"yoast-schema-graph\">{\"@context\":\"https:\/\/schema.org\",\"@graph\":[{\"@type\":\"WebPage\",\"@id\":\"https:\/\/www.pekarna-pecjak.si\/en\/trgovina\/burek-a-la-mesni\/\",\"url\":\"https:\/\/www.pekarna-pecjak.si\/en\/trgovina\/burek-a-la-mesni\/\",\"name\":\"Burek \u00e0 la mesni - Pekarna Pe\u010djak\",\"isPartOf\":{\"@id\":\"https:\/\/www.pekarna-pecjak.si\/en\/#website\"},\"primaryImageOfPage\":{\"@id\":\"https:\/\/www.pekarna-pecjak.si\/en\/trgovina\/burek-a-la-mesni\/#primaryimage\"},\"image\":{\"@id\":\"https:\/\/www.pekarna-pecjak.si\/en\/trgovina\/burek-a-la-mesni\/#primaryimage\"},\"thumbnailUrl\":\"https:\/\/www.pekarna-pecjak.si\/wp-content\/uploads\/2025\/02\/Pecjak-product-burek-a-la-mesni_hero.jpg\",\"datePublished\":\"2025-03-13T11:39:05+00:00\",\"dateModified\":\"2026-04-20T07:12:37+00:00\",\"description\":\"Prvi veganski burek na trgu ima okus in teksturo, ki res spominjata na pravo meso. A'la mesni burek- 100% iz stro\u010dnic, zelenjave in za\u010dimb! Naro\u010di ga.\",\"breadcrumb\":{\"@id\":\"https:\/\/www.pekarna-pecjak.si\/en\/trgovina\/burek-a-la-mesni\/#breadcrumb\"},\"inLanguage\":\"en-US\",\"potentialAction\":[{\"@type\":\"ReadAction\",\"target\":[\"https:\/\/www.pekarna-pecjak.si\/en\/trgovina\/burek-a-la-mesni\/\"]}]},{\"@type\":\"ImageObject\",\"inLanguage\":\"en-US\",\"@id\":\"https:\/\/www.pekarna-pecjak.si\/en\/trgovina\/burek-a-la-mesni\/#primaryimage\",\"url\":\"https:\/\/www.pekarna-pecjak.si\/wp-content\/uploads\/2025\/02\/Pecjak-product-burek-a-la-mesni_hero.jpg\",\"contentUrl\":\"https:\/\/www.pekarna-pecjak.si\/wp-content\/uploads\/2025\/02\/Pecjak-product-burek-a-la-mesni_hero.jpg\",\"width\":2560,\"height\":1191,\"caption\":\"Burek \u00e0 la mesni\"},{\"@type\":\"BreadcrumbList\",\"@id\":\"https:\/\/www.pekarna-pecjak.si\/en\/trgovina\/burek-a-la-mesni\/#breadcrumb\",\"itemListElement\":[{\"@type\":\"ListItem\",\"position\":1,\"name\":\"Home\",\"item\":\"https:\/\/www.pekarna-pecjak.si\/en\/\"},{\"@type\":\"ListItem\",\"position\":2,\"name\":\"Spletna trgovina\",\"item\":\"https:\/\/www.pekarna-pecjak.si\/trgovina\/\"},{\"@type\":\"ListItem\",\"position\":3,\"name\":\"Burek \u00e0 la mesni\"}]},{\"@type\":\"WebSite\",\"@id\":\"https:\/\/www.pekarna-pecjak.si\/en\/#website\",\"url\":\"https:\/\/www.pekarna-pecjak.si\/en\/\",\"name\":\"Pekarna Pe\u010djak\",\"description\":\"\",\"potentialAction\":[{\"@type\":\"SearchAction\",\"target\":{\"@type\":\"EntryPoint\",\"urlTemplate\":\"https:\/\/www.pekarna-pecjak.si\/en\/?s={search_term_string}\"},\"query-input\":{\"@type\":\"PropertyValueSpecification\",\"valueRequired\":true,\"valueName\":\"search_term_string\"}}],\"inLanguage\":\"en-US\"}]}<\/script>\n<!-- \/ Yoast SEO plugin. -->","yoast_head_json":{"title":"Burek \u00e0 la mesni - Pekarna Pe\u010djak","description":"Prvi veganski burek na trgu ima okus in teksturo, ki res spominjata na pravo meso. A'la mesni burek- 100% iz stro\u010dnic, zelenjave in za\u010dimb! Naro\u010di ga.","robots":{"index":"index","follow":"follow","max-snippet":"max-snippet:-1","max-image-preview":"max-image-preview:large","max-video-preview":"max-video-preview:-1"},"canonical":"https:\/\/www.pekarna-pecjak.si\/en\/trgovina\/burek-a-la-mesni\/","og_locale":"en_US","og_type":"article","og_title":"Burek \u00e0 la mesni - Pekarna Pe\u010djak","og_description":"Prvi veganski burek na trgu ima okus in teksturo, ki res spominjata na pravo meso. A'la mesni burek- 100% iz stro\u010dnic, zelenjave in za\u010dimb! Naro\u010di ga.","og_url":"https:\/\/www.pekarna-pecjak.si\/en\/trgovina\/burek-a-la-mesni\/","og_site_name":"Pekarna Pe\u010djak","article_modified_time":"2026-04-20T07:12:37+00:00","og_image":[{"width":2560,"height":1191,"url":"https:\/\/www.pekarna-pecjak.si\/wp-content\/uploads\/2025\/02\/Pecjak-product-burek-a-la-mesni_hero.jpg","type":"image\/jpeg"}],"twitter_card":"summary_large_image","schema":{"@context":"https:\/\/schema.org","@graph":[{"@type":"WebPage","@id":"https:\/\/www.pekarna-pecjak.si\/en\/trgovina\/burek-a-la-mesni\/","url":"https:\/\/www.pekarna-pecjak.si\/en\/trgovina\/burek-a-la-mesni\/","name":"Burek \u00e0 la mesni - Pekarna Pe\u010djak","isPartOf":{"@id":"https:\/\/www.pekarna-pecjak.si\/en\/#website"},"primaryImageOfPage":{"@id":"https:\/\/www.pekarna-pecjak.si\/en\/trgovina\/burek-a-la-mesni\/#primaryimage"},"image":{"@id":"https:\/\/www.pekarna-pecjak.si\/en\/trgovina\/burek-a-la-mesni\/#primaryimage"},"thumbnailUrl":"https:\/\/www.pekarna-pecjak.si\/wp-content\/uploads\/2025\/02\/Pecjak-product-burek-a-la-mesni_hero.jpg","datePublished":"2025-03-13T11:39:05+00:00","dateModified":"2026-04-20T07:12:37+00:00","description":"Prvi veganski burek na trgu ima okus in teksturo, ki res spominjata na pravo meso. A'la mesni burek- 100% iz stro\u010dnic, zelenjave in za\u010dimb! Naro\u010di ga.","breadcrumb":{"@id":"https:\/\/www.pekarna-pecjak.si\/en\/trgovina\/burek-a-la-mesni\/#breadcrumb"},"inLanguage":"en-US","potentialAction":[{"@type":"ReadAction","target":["https:\/\/www.pekarna-pecjak.si\/en\/trgovina\/burek-a-la-mesni\/"]}]},{"@type":"ImageObject","inLanguage":"en-US","@id":"https:\/\/www.pekarna-pecjak.si\/en\/trgovina\/burek-a-la-mesni\/#primaryimage","url":"https:\/\/www.pekarna-pecjak.si\/wp-content\/uploads\/2025\/02\/Pecjak-product-burek-a-la-mesni_hero.jpg","contentUrl":"https:\/\/www.pekarna-pecjak.si\/wp-content\/uploads\/2025\/02\/Pecjak-product-burek-a-la-mesni_hero.jpg","width":2560,"height":1191,"caption":"Burek \u00e0 la mesni"},{"@type":"BreadcrumbList","@id":"https:\/\/www.pekarna-pecjak.si\/en\/trgovina\/burek-a-la-mesni\/#breadcrumb","itemListElement":[{"@type":"ListItem","position":1,"name":"Home","item":"https:\/\/www.pekarna-pecjak.si\/en\/"},{"@type":"ListItem","position":2,"name":"Spletna trgovina","item":"https:\/\/www.pekarna-pecjak.si\/trgovina\/"},{"@type":"ListItem","position":3,"name":"Burek \u00e0 la mesni"}]},{"@type":"WebSite","@id":"https:\/\/www.pekarna-pecjak.si\/en\/#website","url":"https:\/\/www.pekarna-pecjak.si\/en\/","name":"Pekarna Pe\u010djak","description":"","potentialAction":[{"@type":"SearchAction","target":{"@type":"EntryPoint","urlTemplate":"https:\/\/www.pekarna-pecjak.si\/en\/?s={search_term_string}"},"query-input":{"@type":"PropertyValueSpecification","valueRequired":true,"valueName":"search_term_string"}}],"inLanguage":"en-US"}]}},"_links":{"self":[{"href":"https:\/\/www.pekarna-pecjak.si\/en\/wp-json\/wp\/v2\/product\/3375","targetHints":{"allow":["GET"]}}],"collection":[{"href":"https:\/\/www.pekarna-pecjak.si\/en\/wp-json\/wp\/v2\/product"}],"about":[{"href":"https:\/\/www.pekarna-pecjak.si\/en\/wp-json\/wp\/v2\/types\/product"}],"wp:featuredmedia":[{"embeddable":true,"href":"https:\/\/www.pekarna-pecjak.si\/en\/wp-json\/wp\/v2\/media\/6965"}],"wp:attachment":[{"href":"https:\/\/www.pekarna-pecjak.si\/en\/wp-json\/wp\/v2\/media?parent=3375"}],"wp:term":[{"taxonomy":"product_brand","embeddable":true,"href":"https:\/\/www.pekarna-pecjak.si\/en\/wp-json\/wp\/v2\/product_brand?post=3375"},{"taxonomy":"product_cat","embeddable":true,"href":"https:\/\/www.pekarna-pecjak.si\/en\/wp-json\/wp\/v2\/product_cat?post=3375"},{"taxonomy":"product_tag","embeddable":true,"href":"https:\/\/www.pekarna-pecjak.si\/en\/wp-json\/wp\/v2\/product_tag?post=3375"}],"curies":[{"name":"wp","href":"https:\/\/api.w.org\/{rel}","templated":true}]}}