{"id":3392,"date":"2025-03-13T12:39:15","date_gmt":"2025-03-13T11:39:15","guid":{"rendered":"https:\/\/pekarna-pecjak.si\/trgovina\/mini-masleni-francoski-rogljici-premium\/"},"modified":"2026-04-21T07:33:27","modified_gmt":"2026-04-21T05:33:27","slug":"mini-masleni-francoski-rogljici-premium","status":"publish","type":"product","link":"https:\/\/www.pekarna-pecjak.si\/en\/trgovina\/mini-masleni-francoski-rogljici-premium\/","title":{"rendered":"Mini masleni francoski roglji\u010di PREMIUM"},"content":{"rendered":"<p>Hitro zamrznjen izdelek iz kva\u0161eno listnatega testa, ki ga je potrebno termi\u010dno obdelati po navodilih proizvajalca.<\/p>\n","protected":false},"excerpt":{"rendered":"<p>Premium izdelek med maslenimi roglji\u010di, vsebuje znatnej\u0161o koli\u010dino masla, kar jim daje bogatej\u0161i okus. Vsebujejo kar 24% masla.<\/p>\n","protected":false},"featured_media":6988,"template":"","meta":{"_acf_changed":false},"product_brand":[],"product_cat":[30],"product_tag":[],"class_list":{"0":"post-3392","1":"product","2":"type-product","3":"status-publish","4":"has-post-thumbnail","6":"product_cat-rogljici","8":"first","9":"instock","10":"taxable","11":"shipping-taxable","12":"purchasable","13":"product-type-variable"},"acf":[],"yoast_head":"<!-- This site is optimized with the Yoast SEO plugin v27.2 - https:\/\/yoast.com\/product\/yoast-seo-wordpress\/ -->\n<title>Mini masleni francoski roglji\u010di PREMIUM - Pekarna Pe\u010djak<\/title>\n<meta name=\"description\" content=\"Premium mini masleni roglji\u010dek- vrhunski med maslenimi roglji\u010di. Vsebuje veliko koli\u010dino masla, karmu daje bogatej\u0161i okus. Vsebuje kar 24% masla.\" \/>\n<meta name=\"robots\" content=\"index, follow, max-snippet:-1, max-image-preview:large, max-video-preview:-1\" \/>\n<link rel=\"canonical\" href=\"https:\/\/www.pekarna-pecjak.si\/en\/trgovina\/mini-masleni-francoski-rogljici-premium\/\" \/>\n<meta property=\"og:locale\" content=\"en_US\" \/>\n<meta property=\"og:type\" content=\"article\" \/>\n<meta property=\"og:title\" content=\"Mini masleni francoski roglji\u010di PREMIUM - Pekarna Pe\u010djak\" \/>\n<meta property=\"og:description\" content=\"Premium mini masleni roglji\u010dek- vrhunski med maslenimi roglji\u010di. Vsebuje veliko koli\u010dino masla, karmu daje bogatej\u0161i okus. Vsebuje kar 24% masla.\" \/>\n<meta property=\"og:url\" content=\"https:\/\/www.pekarna-pecjak.si\/en\/trgovina\/mini-masleni-francoski-rogljici-premium\/\" \/>\n<meta property=\"og:site_name\" content=\"Pekarna Pe\u010djak\" \/>\n<meta property=\"article:modified_time\" content=\"2026-04-21T05:33:27+00:00\" \/>\n<meta property=\"og:image\" content=\"https:\/\/www.pekarna-pecjak.si\/wp-content\/uploads\/2025\/02\/Pecjak-produkt-mini-masleni-fr-rogljici-premium_hero.jpg\" \/>\n\t<meta property=\"og:image:width\" content=\"1725\" \/>\n\t<meta property=\"og:image:height\" content=\"800\" \/>\n\t<meta property=\"og:image:type\" content=\"image\/jpeg\" \/>\n<meta name=\"twitter:card\" content=\"summary_large_image\" \/>\n<script type=\"application\/ld+json\" class=\"yoast-schema-graph\">{\"@context\":\"https:\/\/schema.org\",\"@graph\":[{\"@type\":\"WebPage\",\"@id\":\"https:\/\/www.pekarna-pecjak.si\/en\/trgovina\/mini-masleni-francoski-rogljici-premium\/\",\"url\":\"https:\/\/www.pekarna-pecjak.si\/en\/trgovina\/mini-masleni-francoski-rogljici-premium\/\",\"name\":\"Mini masleni francoski roglji\u010di PREMIUM - Pekarna Pe\u010djak\",\"isPartOf\":{\"@id\":\"https:\/\/www.pekarna-pecjak.si\/en\/#website\"},\"primaryImageOfPage\":{\"@id\":\"https:\/\/www.pekarna-pecjak.si\/en\/trgovina\/mini-masleni-francoski-rogljici-premium\/#primaryimage\"},\"image\":{\"@id\":\"https:\/\/www.pekarna-pecjak.si\/en\/trgovina\/mini-masleni-francoski-rogljici-premium\/#primaryimage\"},\"thumbnailUrl\":\"https:\/\/www.pekarna-pecjak.si\/wp-content\/uploads\/2025\/02\/Pecjak-produkt-mini-masleni-fr-rogljici-premium_hero.jpg\",\"datePublished\":\"2025-03-13T11:39:15+00:00\",\"dateModified\":\"2026-04-21T05:33:27+00:00\",\"description\":\"Premium mini masleni roglji\u010dek- vrhunski med maslenimi roglji\u010di. Vsebuje veliko koli\u010dino masla, karmu daje bogatej\u0161i okus. Vsebuje kar 24% masla.\",\"breadcrumb\":{\"@id\":\"https:\/\/www.pekarna-pecjak.si\/en\/trgovina\/mini-masleni-francoski-rogljici-premium\/#breadcrumb\"},\"inLanguage\":\"en-US\",\"potentialAction\":[{\"@type\":\"ReadAction\",\"target\":[\"https:\/\/www.pekarna-pecjak.si\/en\/trgovina\/mini-masleni-francoski-rogljici-premium\/\"]}]},{\"@type\":\"ImageObject\",\"inLanguage\":\"en-US\",\"@id\":\"https:\/\/www.pekarna-pecjak.si\/en\/trgovina\/mini-masleni-francoski-rogljici-premium\/#primaryimage\",\"url\":\"https:\/\/www.pekarna-pecjak.si\/wp-content\/uploads\/2025\/02\/Pecjak-produkt-mini-masleni-fr-rogljici-premium_hero.jpg\",\"contentUrl\":\"https:\/\/www.pekarna-pecjak.si\/wp-content\/uploads\/2025\/02\/Pecjak-produkt-mini-masleni-fr-rogljici-premium_hero.jpg\",\"width\":1725,\"height\":800,\"caption\":\"Masleni francoski roglji\u010di PREMIUM\"},{\"@type\":\"BreadcrumbList\",\"@id\":\"https:\/\/www.pekarna-pecjak.si\/en\/trgovina\/mini-masleni-francoski-rogljici-premium\/#breadcrumb\",\"itemListElement\":[{\"@type\":\"ListItem\",\"position\":1,\"name\":\"Home\",\"item\":\"https:\/\/www.pekarna-pecjak.si\/en\/\"},{\"@type\":\"ListItem\",\"position\":2,\"name\":\"Spletna trgovina\",\"item\":\"https:\/\/www.pekarna-pecjak.si\/trgovina\/\"},{\"@type\":\"ListItem\",\"position\":3,\"name\":\"Mini masleni francoski roglji\u010di PREMIUM\"}]},{\"@type\":\"WebSite\",\"@id\":\"https:\/\/www.pekarna-pecjak.si\/en\/#website\",\"url\":\"https:\/\/www.pekarna-pecjak.si\/en\/\",\"name\":\"Pekarna Pe\u010djak\",\"description\":\"\",\"potentialAction\":[{\"@type\":\"SearchAction\",\"target\":{\"@type\":\"EntryPoint\",\"urlTemplate\":\"https:\/\/www.pekarna-pecjak.si\/en\/?s={search_term_string}\"},\"query-input\":{\"@type\":\"PropertyValueSpecification\",\"valueRequired\":true,\"valueName\":\"search_term_string\"}}],\"inLanguage\":\"en-US\"}]}<\/script>\n<!-- \/ Yoast SEO plugin. -->","yoast_head_json":{"title":"Mini masleni francoski roglji\u010di PREMIUM - Pekarna Pe\u010djak","description":"Premium mini masleni roglji\u010dek- vrhunski med maslenimi roglji\u010di. Vsebuje veliko koli\u010dino masla, karmu daje bogatej\u0161i okus. Vsebuje kar 24% masla.","robots":{"index":"index","follow":"follow","max-snippet":"max-snippet:-1","max-image-preview":"max-image-preview:large","max-video-preview":"max-video-preview:-1"},"canonical":"https:\/\/www.pekarna-pecjak.si\/en\/trgovina\/mini-masleni-francoski-rogljici-premium\/","og_locale":"en_US","og_type":"article","og_title":"Mini masleni francoski roglji\u010di PREMIUM - Pekarna Pe\u010djak","og_description":"Premium mini masleni roglji\u010dek- vrhunski med maslenimi roglji\u010di. Vsebuje veliko koli\u010dino masla, karmu daje bogatej\u0161i okus. Vsebuje kar 24% masla.","og_url":"https:\/\/www.pekarna-pecjak.si\/en\/trgovina\/mini-masleni-francoski-rogljici-premium\/","og_site_name":"Pekarna Pe\u010djak","article_modified_time":"2026-04-21T05:33:27+00:00","og_image":[{"width":1725,"height":800,"url":"https:\/\/www.pekarna-pecjak.si\/wp-content\/uploads\/2025\/02\/Pecjak-produkt-mini-masleni-fr-rogljici-premium_hero.jpg","type":"image\/jpeg"}],"twitter_card":"summary_large_image","schema":{"@context":"https:\/\/schema.org","@graph":[{"@type":"WebPage","@id":"https:\/\/www.pekarna-pecjak.si\/en\/trgovina\/mini-masleni-francoski-rogljici-premium\/","url":"https:\/\/www.pekarna-pecjak.si\/en\/trgovina\/mini-masleni-francoski-rogljici-premium\/","name":"Mini masleni francoski roglji\u010di PREMIUM - Pekarna Pe\u010djak","isPartOf":{"@id":"https:\/\/www.pekarna-pecjak.si\/en\/#website"},"primaryImageOfPage":{"@id":"https:\/\/www.pekarna-pecjak.si\/en\/trgovina\/mini-masleni-francoski-rogljici-premium\/#primaryimage"},"image":{"@id":"https:\/\/www.pekarna-pecjak.si\/en\/trgovina\/mini-masleni-francoski-rogljici-premium\/#primaryimage"},"thumbnailUrl":"https:\/\/www.pekarna-pecjak.si\/wp-content\/uploads\/2025\/02\/Pecjak-produkt-mini-masleni-fr-rogljici-premium_hero.jpg","datePublished":"2025-03-13T11:39:15+00:00","dateModified":"2026-04-21T05:33:27+00:00","description":"Premium mini masleni roglji\u010dek- vrhunski med maslenimi roglji\u010di. Vsebuje veliko koli\u010dino masla, karmu daje bogatej\u0161i okus. Vsebuje kar 24% masla.","breadcrumb":{"@id":"https:\/\/www.pekarna-pecjak.si\/en\/trgovina\/mini-masleni-francoski-rogljici-premium\/#breadcrumb"},"inLanguage":"en-US","potentialAction":[{"@type":"ReadAction","target":["https:\/\/www.pekarna-pecjak.si\/en\/trgovina\/mini-masleni-francoski-rogljici-premium\/"]}]},{"@type":"ImageObject","inLanguage":"en-US","@id":"https:\/\/www.pekarna-pecjak.si\/en\/trgovina\/mini-masleni-francoski-rogljici-premium\/#primaryimage","url":"https:\/\/www.pekarna-pecjak.si\/wp-content\/uploads\/2025\/02\/Pecjak-produkt-mini-masleni-fr-rogljici-premium_hero.jpg","contentUrl":"https:\/\/www.pekarna-pecjak.si\/wp-content\/uploads\/2025\/02\/Pecjak-produkt-mini-masleni-fr-rogljici-premium_hero.jpg","width":1725,"height":800,"caption":"Masleni francoski roglji\u010di PREMIUM"},{"@type":"BreadcrumbList","@id":"https:\/\/www.pekarna-pecjak.si\/en\/trgovina\/mini-masleni-francoski-rogljici-premium\/#breadcrumb","itemListElement":[{"@type":"ListItem","position":1,"name":"Home","item":"https:\/\/www.pekarna-pecjak.si\/en\/"},{"@type":"ListItem","position":2,"name":"Spletna trgovina","item":"https:\/\/www.pekarna-pecjak.si\/trgovina\/"},{"@type":"ListItem","position":3,"name":"Mini masleni francoski roglji\u010di PREMIUM"}]},{"@type":"WebSite","@id":"https:\/\/www.pekarna-pecjak.si\/en\/#website","url":"https:\/\/www.pekarna-pecjak.si\/en\/","name":"Pekarna Pe\u010djak","description":"","potentialAction":[{"@type":"SearchAction","target":{"@type":"EntryPoint","urlTemplate":"https:\/\/www.pekarna-pecjak.si\/en\/?s={search_term_string}"},"query-input":{"@type":"PropertyValueSpecification","valueRequired":true,"valueName":"search_term_string"}}],"inLanguage":"en-US"}]}},"_links":{"self":[{"href":"https:\/\/www.pekarna-pecjak.si\/en\/wp-json\/wp\/v2\/product\/3392","targetHints":{"allow":["GET"]}}],"collection":[{"href":"https:\/\/www.pekarna-pecjak.si\/en\/wp-json\/wp\/v2\/product"}],"about":[{"href":"https:\/\/www.pekarna-pecjak.si\/en\/wp-json\/wp\/v2\/types\/product"}],"wp:featuredmedia":[{"embeddable":true,"href":"https:\/\/www.pekarna-pecjak.si\/en\/wp-json\/wp\/v2\/media\/6988"}],"wp:attachment":[{"href":"https:\/\/www.pekarna-pecjak.si\/en\/wp-json\/wp\/v2\/media?parent=3392"}],"wp:term":[{"taxonomy":"product_brand","embeddable":true,"href":"https:\/\/www.pekarna-pecjak.si\/en\/wp-json\/wp\/v2\/product_brand?post=3392"},{"taxonomy":"product_cat","embeddable":true,"href":"https:\/\/www.pekarna-pecjak.si\/en\/wp-json\/wp\/v2\/product_cat?post=3392"},{"taxonomy":"product_tag","embeddable":true,"href":"https:\/\/www.pekarna-pecjak.si\/en\/wp-json\/wp\/v2\/product_tag?post=3392"}],"curies":[{"name":"wp","href":"https:\/\/api.w.org\/{rel}","templated":true}]}}