{"id":3413,"date":"2025-03-13T12:39:25","date_gmt":"2025-03-13T11:39:25","guid":{"rendered":"https:\/\/pekarna-pecjak.si\/trgovina\/skutni-zavitek-iz-vlecenega-testa-premium\/"},"modified":"2026-03-20T10:05:02","modified_gmt":"2026-03-20T09:05:02","slug":"skutni-zavitek-iz-vlecenega-testa-premium","status":"publish","type":"product","link":"https:\/\/www.pekarna-pecjak.si\/en\/trgovina\/skutni-zavitek-iz-vlecenega-testa-premium\/","title":{"rendered":"Skutni zavitek iz vle\u010denega testa PREMIUM"},"content":{"rendered":"<p>Pe\u010den hitro zamrznjen izdelek iz vle\u010denega testa z nadevom, ki je primeren za takoj\u0161nje u\u017eivanje po odtajanju.<\/p>\n","protected":false},"excerpt":{"rendered":"<p>Zavitek s kakovostnim nadevom iz sve\u017ee slovenske skute in kisle smetane, razrezan in pripravljen tako, da ga le \u0161e odtajate in postre\u017eete.<\/p>\n","protected":false},"featured_media":6776,"template":"","meta":{"_acf_changed":false},"product_brand":[],"product_cat":[33],"product_tag":[],"class_list":{"0":"post-3413","1":"product","2":"type-product","3":"status-publish","4":"has-post-thumbnail","6":"product_cat-zavitki-strudlji","8":"first","9":"instock","10":"taxable","11":"shipping-taxable","12":"purchasable","13":"product-type-variable"},"acf":[],"yoast_head":"<!-- This site is optimized with the Yoast SEO plugin v27.2 - https:\/\/yoast.com\/product\/yoast-seo-wordpress\/ -->\n<title>Skutni zavitek iz vle\u010denega testa PREMIUM - Pekarna Pe\u010djak<\/title>\n<meta name=\"description\" content=\"\u017de pe\u010den zamrznjen skutni zavitek iz vle\u010denega testa. Nadev iz 100% slovenske sve\u017ee skute. Primerno za vegetarijance. V spletni trgovini rinfuza 4,8 kg.\" \/>\n<meta name=\"robots\" content=\"index, follow, max-snippet:-1, max-image-preview:large, max-video-preview:-1\" \/>\n<link rel=\"canonical\" href=\"https:\/\/www.pekarna-pecjak.si\/en\/trgovina\/skutni-zavitek-iz-vlecenega-testa-premium\/\" \/>\n<meta property=\"og:locale\" content=\"en_US\" \/>\n<meta property=\"og:type\" content=\"article\" \/>\n<meta property=\"og:title\" content=\"Skutni zavitek iz vle\u010denega testa PREMIUM - Pekarna Pe\u010djak\" \/>\n<meta property=\"og:description\" content=\"\u017de pe\u010den zamrznjen skutni zavitek iz vle\u010denega testa. Nadev iz 100% slovenske sve\u017ee skute. Primerno za vegetarijance. V spletni trgovini rinfuza 4,8 kg.\" \/>\n<meta property=\"og:url\" content=\"https:\/\/www.pekarna-pecjak.si\/en\/trgovina\/skutni-zavitek-iz-vlecenega-testa-premium\/\" \/>\n<meta property=\"og:site_name\" content=\"Pekarna Pe\u010djak\" \/>\n<meta property=\"article:modified_time\" content=\"2026-03-20T09:05:02+00:00\" \/>\n<meta property=\"og:image\" content=\"https:\/\/www.pekarna-pecjak.si\/wp-content\/uploads\/2025\/02\/Pecjak-produkt-Skutni-zavitek-iz-vlecenega-testa_hero.jpg\" \/>\n\t<meta property=\"og:image:width\" content=\"1725\" \/>\n\t<meta property=\"og:image:height\" content=\"800\" \/>\n\t<meta property=\"og:image:type\" content=\"image\/jpeg\" \/>\n<meta name=\"twitter:card\" content=\"summary_large_image\" \/>\n<script type=\"application\/ld+json\" class=\"yoast-schema-graph\">{\"@context\":\"https:\/\/schema.org\",\"@graph\":[{\"@type\":\"WebPage\",\"@id\":\"https:\/\/www.pekarna-pecjak.si\/en\/trgovina\/skutni-zavitek-iz-vlecenega-testa-premium\/\",\"url\":\"https:\/\/www.pekarna-pecjak.si\/en\/trgovina\/skutni-zavitek-iz-vlecenega-testa-premium\/\",\"name\":\"Skutni zavitek iz vle\u010denega testa PREMIUM - Pekarna Pe\u010djak\",\"isPartOf\":{\"@id\":\"https:\/\/www.pekarna-pecjak.si\/en\/#website\"},\"primaryImageOfPage\":{\"@id\":\"https:\/\/www.pekarna-pecjak.si\/en\/trgovina\/skutni-zavitek-iz-vlecenega-testa-premium\/#primaryimage\"},\"image\":{\"@id\":\"https:\/\/www.pekarna-pecjak.si\/en\/trgovina\/skutni-zavitek-iz-vlecenega-testa-premium\/#primaryimage\"},\"thumbnailUrl\":\"https:\/\/www.pekarna-pecjak.si\/wp-content\/uploads\/2025\/02\/Pecjak-produkt-Skutni-zavitek-iz-vlecenega-testa_hero.jpg\",\"datePublished\":\"2025-03-13T11:39:25+00:00\",\"dateModified\":\"2026-03-20T09:05:02+00:00\",\"description\":\"\u017de pe\u010den zamrznjen skutni zavitek iz vle\u010denega testa. Nadev iz 100% slovenske sve\u017ee skute. Primerno za vegetarijance. V spletni trgovini rinfuza 4,8 kg.\",\"breadcrumb\":{\"@id\":\"https:\/\/www.pekarna-pecjak.si\/en\/trgovina\/skutni-zavitek-iz-vlecenega-testa-premium\/#breadcrumb\"},\"inLanguage\":\"en-US\",\"potentialAction\":[{\"@type\":\"ReadAction\",\"target\":[\"https:\/\/www.pekarna-pecjak.si\/en\/trgovina\/skutni-zavitek-iz-vlecenega-testa-premium\/\"]}]},{\"@type\":\"ImageObject\",\"inLanguage\":\"en-US\",\"@id\":\"https:\/\/www.pekarna-pecjak.si\/en\/trgovina\/skutni-zavitek-iz-vlecenega-testa-premium\/#primaryimage\",\"url\":\"https:\/\/www.pekarna-pecjak.si\/wp-content\/uploads\/2025\/02\/Pecjak-produkt-Skutni-zavitek-iz-vlecenega-testa_hero.jpg\",\"contentUrl\":\"https:\/\/www.pekarna-pecjak.si\/wp-content\/uploads\/2025\/02\/Pecjak-produkt-Skutni-zavitek-iz-vlecenega-testa_hero.jpg\",\"width\":1725,\"height\":800,\"caption\":\"Skutni zavitek iz vle\u010denega testa PREMIUM\"},{\"@type\":\"BreadcrumbList\",\"@id\":\"https:\/\/www.pekarna-pecjak.si\/en\/trgovina\/skutni-zavitek-iz-vlecenega-testa-premium\/#breadcrumb\",\"itemListElement\":[{\"@type\":\"ListItem\",\"position\":1,\"name\":\"Home\",\"item\":\"https:\/\/www.pekarna-pecjak.si\/en\/\"},{\"@type\":\"ListItem\",\"position\":2,\"name\":\"Spletna trgovina\",\"item\":\"https:\/\/www.pekarna-pecjak.si\/trgovina\/\"},{\"@type\":\"ListItem\",\"position\":3,\"name\":\"Skutni zavitek iz vle\u010denega testa PREMIUM\"}]},{\"@type\":\"WebSite\",\"@id\":\"https:\/\/www.pekarna-pecjak.si\/en\/#website\",\"url\":\"https:\/\/www.pekarna-pecjak.si\/en\/\",\"name\":\"Pekarna Pe\u010djak\",\"description\":\"\",\"potentialAction\":[{\"@type\":\"SearchAction\",\"target\":{\"@type\":\"EntryPoint\",\"urlTemplate\":\"https:\/\/www.pekarna-pecjak.si\/en\/?s={search_term_string}\"},\"query-input\":{\"@type\":\"PropertyValueSpecification\",\"valueRequired\":true,\"valueName\":\"search_term_string\"}}],\"inLanguage\":\"en-US\"}]}<\/script>\n<!-- \/ Yoast SEO plugin. -->","yoast_head_json":{"title":"Skutni zavitek iz vle\u010denega testa PREMIUM - Pekarna Pe\u010djak","description":"\u017de pe\u010den zamrznjen skutni zavitek iz vle\u010denega testa. Nadev iz 100% slovenske sve\u017ee skute. Primerno za vegetarijance. V spletni trgovini rinfuza 4,8 kg.","robots":{"index":"index","follow":"follow","max-snippet":"max-snippet:-1","max-image-preview":"max-image-preview:large","max-video-preview":"max-video-preview:-1"},"canonical":"https:\/\/www.pekarna-pecjak.si\/en\/trgovina\/skutni-zavitek-iz-vlecenega-testa-premium\/","og_locale":"en_US","og_type":"article","og_title":"Skutni zavitek iz vle\u010denega testa PREMIUM - Pekarna Pe\u010djak","og_description":"\u017de pe\u010den zamrznjen skutni zavitek iz vle\u010denega testa. Nadev iz 100% slovenske sve\u017ee skute. Primerno za vegetarijance. V spletni trgovini rinfuza 4,8 kg.","og_url":"https:\/\/www.pekarna-pecjak.si\/en\/trgovina\/skutni-zavitek-iz-vlecenega-testa-premium\/","og_site_name":"Pekarna Pe\u010djak","article_modified_time":"2026-03-20T09:05:02+00:00","og_image":[{"width":1725,"height":800,"url":"https:\/\/www.pekarna-pecjak.si\/wp-content\/uploads\/2025\/02\/Pecjak-produkt-Skutni-zavitek-iz-vlecenega-testa_hero.jpg","type":"image\/jpeg"}],"twitter_card":"summary_large_image","schema":{"@context":"https:\/\/schema.org","@graph":[{"@type":"WebPage","@id":"https:\/\/www.pekarna-pecjak.si\/en\/trgovina\/skutni-zavitek-iz-vlecenega-testa-premium\/","url":"https:\/\/www.pekarna-pecjak.si\/en\/trgovina\/skutni-zavitek-iz-vlecenega-testa-premium\/","name":"Skutni zavitek iz vle\u010denega testa PREMIUM - Pekarna Pe\u010djak","isPartOf":{"@id":"https:\/\/www.pekarna-pecjak.si\/en\/#website"},"primaryImageOfPage":{"@id":"https:\/\/www.pekarna-pecjak.si\/en\/trgovina\/skutni-zavitek-iz-vlecenega-testa-premium\/#primaryimage"},"image":{"@id":"https:\/\/www.pekarna-pecjak.si\/en\/trgovina\/skutni-zavitek-iz-vlecenega-testa-premium\/#primaryimage"},"thumbnailUrl":"https:\/\/www.pekarna-pecjak.si\/wp-content\/uploads\/2025\/02\/Pecjak-produkt-Skutni-zavitek-iz-vlecenega-testa_hero.jpg","datePublished":"2025-03-13T11:39:25+00:00","dateModified":"2026-03-20T09:05:02+00:00","description":"\u017de pe\u010den zamrznjen skutni zavitek iz vle\u010denega testa. Nadev iz 100% slovenske sve\u017ee skute. Primerno za vegetarijance. V spletni trgovini rinfuza 4,8 kg.","breadcrumb":{"@id":"https:\/\/www.pekarna-pecjak.si\/en\/trgovina\/skutni-zavitek-iz-vlecenega-testa-premium\/#breadcrumb"},"inLanguage":"en-US","potentialAction":[{"@type":"ReadAction","target":["https:\/\/www.pekarna-pecjak.si\/en\/trgovina\/skutni-zavitek-iz-vlecenega-testa-premium\/"]}]},{"@type":"ImageObject","inLanguage":"en-US","@id":"https:\/\/www.pekarna-pecjak.si\/en\/trgovina\/skutni-zavitek-iz-vlecenega-testa-premium\/#primaryimage","url":"https:\/\/www.pekarna-pecjak.si\/wp-content\/uploads\/2025\/02\/Pecjak-produkt-Skutni-zavitek-iz-vlecenega-testa_hero.jpg","contentUrl":"https:\/\/www.pekarna-pecjak.si\/wp-content\/uploads\/2025\/02\/Pecjak-produkt-Skutni-zavitek-iz-vlecenega-testa_hero.jpg","width":1725,"height":800,"caption":"Skutni zavitek iz vle\u010denega testa PREMIUM"},{"@type":"BreadcrumbList","@id":"https:\/\/www.pekarna-pecjak.si\/en\/trgovina\/skutni-zavitek-iz-vlecenega-testa-premium\/#breadcrumb","itemListElement":[{"@type":"ListItem","position":1,"name":"Home","item":"https:\/\/www.pekarna-pecjak.si\/en\/"},{"@type":"ListItem","position":2,"name":"Spletna trgovina","item":"https:\/\/www.pekarna-pecjak.si\/trgovina\/"},{"@type":"ListItem","position":3,"name":"Skutni zavitek iz vle\u010denega testa PREMIUM"}]},{"@type":"WebSite","@id":"https:\/\/www.pekarna-pecjak.si\/en\/#website","url":"https:\/\/www.pekarna-pecjak.si\/en\/","name":"Pekarna Pe\u010djak","description":"","potentialAction":[{"@type":"SearchAction","target":{"@type":"EntryPoint","urlTemplate":"https:\/\/www.pekarna-pecjak.si\/en\/?s={search_term_string}"},"query-input":{"@type":"PropertyValueSpecification","valueRequired":true,"valueName":"search_term_string"}}],"inLanguage":"en-US"}]}},"_links":{"self":[{"href":"https:\/\/www.pekarna-pecjak.si\/en\/wp-json\/wp\/v2\/product\/3413","targetHints":{"allow":["GET"]}}],"collection":[{"href":"https:\/\/www.pekarna-pecjak.si\/en\/wp-json\/wp\/v2\/product"}],"about":[{"href":"https:\/\/www.pekarna-pecjak.si\/en\/wp-json\/wp\/v2\/types\/product"}],"wp:featuredmedia":[{"embeddable":true,"href":"https:\/\/www.pekarna-pecjak.si\/en\/wp-json\/wp\/v2\/media\/6776"}],"wp:attachment":[{"href":"https:\/\/www.pekarna-pecjak.si\/en\/wp-json\/wp\/v2\/media?parent=3413"}],"wp:term":[{"taxonomy":"product_brand","embeddable":true,"href":"https:\/\/www.pekarna-pecjak.si\/en\/wp-json\/wp\/v2\/product_brand?post=3413"},{"taxonomy":"product_cat","embeddable":true,"href":"https:\/\/www.pekarna-pecjak.si\/en\/wp-json\/wp\/v2\/product_cat?post=3413"},{"taxonomy":"product_tag","embeddable":true,"href":"https:\/\/www.pekarna-pecjak.si\/en\/wp-json\/wp\/v2\/product_tag?post=3413"}],"curies":[{"name":"wp","href":"https:\/\/api.w.org\/{rel}","templated":true}]}}