{"id":8649,"date":"2025-03-13T12:39:47","date_gmt":"2025-03-13T11:39:47","guid":{"rendered":"https:\/\/pekarna-pecjak.si\/trgovina\/testo-za-pizzo\/"},"modified":"2026-03-20T09:10:25","modified_gmt":"2026-03-20T08:10:25","slug":"testo-za-pizzo","status":"publish","type":"product","link":"https:\/\/www.pekarna-pecjak.si\/en\/trgovina\/testo-za-pizzo\/","title":{"rendered":"Testo za pizzo"},"content":{"rendered":"<p>Hitro zamrznjeni izdelek iz kva\u0161enega testa, ki ga je treba termi\u010dno obdelati po navodilih proizvajalca.<\/p>\n","protected":false},"excerpt":{"rendered":"<p>Testo za pizze in druge kru\u0161ne izdelke je \u017ee razdeljeno na kose,<br \/>\nvi poskrbite le \u0161e za nadev ali ga oblikujete po svojih \u017eeljah.<br \/>\n&#x2714; primerno za: pizze, kruh, pekovsko pecivo, gluhe \u0161truklje<\/p>\n","protected":false},"featured_media":8650,"template":"","meta":{"_acf_changed":false},"product_brand":[],"product_cat":[39],"product_tag":[],"class_list":{"0":"post-8649","1":"product","2":"type-product","3":"status-publish","4":"has-post-thumbnail","6":"product_cat-testa","8":"first","9":"instock","10":"taxable","11":"shipping-taxable","12":"purchasable","13":"product-type-variable"},"acf":[],"yoast_head":"<!-- This site is optimized with the Yoast SEO plugin v27.2 - https:\/\/yoast.com\/product\/yoast-seo-wordpress\/ -->\n<title>Testo za pizzo - Pekarna Pe\u010djak<\/title>\n<meta name=\"description\" content=\"Pica je nedvomno kraljica. \u010ce ne znate ali nimate \u010dasa pripraviti testa, je tu \u017ee pripravljeno testo za pizze. Samo odtajate ga in dodate nadev. Primerno za: pizze, kruh, pekovsko pecivo, gluhe \u0161truklje\" \/>\n<meta name=\"robots\" content=\"index, follow, max-snippet:-1, max-image-preview:large, max-video-preview:-1\" \/>\n<link rel=\"canonical\" href=\"https:\/\/www.pekarna-pecjak.si\/en\/trgovina\/testo-za-pizzo\/\" \/>\n<meta property=\"og:locale\" content=\"en_US\" \/>\n<meta property=\"og:type\" content=\"article\" \/>\n<meta property=\"og:title\" content=\"Testo za pizzo - Pekarna Pe\u010djak\" \/>\n<meta property=\"og:description\" content=\"Pica je nedvomno kraljica. \u010ce ne znate ali nimate \u010dasa pripraviti testa, je tu \u017ee pripravljeno testo za pizze. Samo odtajate ga in dodate nadev. Primerno za: pizze, kruh, pekovsko pecivo, gluhe \u0161truklje\" \/>\n<meta property=\"og:url\" content=\"https:\/\/www.pekarna-pecjak.si\/en\/trgovina\/testo-za-pizzo\/\" \/>\n<meta property=\"og:site_name\" content=\"Pekarna Pe\u010djak\" \/>\n<meta property=\"article:modified_time\" content=\"2026-03-20T08:10:25+00:00\" \/>\n<meta property=\"og:image\" content=\"https:\/\/www.pekarna-pecjak.si\/wp-content\/uploads\/2025\/03\/Pecjak-produkt-Testo-za-pico_hero-2.jpg\" \/>\n\t<meta property=\"og:image:width\" content=\"1725\" \/>\n\t<meta property=\"og:image:height\" content=\"800\" \/>\n\t<meta property=\"og:image:type\" content=\"image\/jpeg\" \/>\n<meta name=\"twitter:card\" content=\"summary_large_image\" \/>\n<script type=\"application\/ld+json\" class=\"yoast-schema-graph\">{\"@context\":\"https:\/\/schema.org\",\"@graph\":[{\"@type\":\"WebPage\",\"@id\":\"https:\/\/www.pekarna-pecjak.si\/en\/trgovina\/testo-za-pizzo\/\",\"url\":\"https:\/\/www.pekarna-pecjak.si\/en\/trgovina\/testo-za-pizzo\/\",\"name\":\"Testo za pizzo - Pekarna Pe\u010djak\",\"isPartOf\":{\"@id\":\"https:\/\/www.pekarna-pecjak.si\/en\/#website\"},\"primaryImageOfPage\":{\"@id\":\"https:\/\/www.pekarna-pecjak.si\/en\/trgovina\/testo-za-pizzo\/#primaryimage\"},\"image\":{\"@id\":\"https:\/\/www.pekarna-pecjak.si\/en\/trgovina\/testo-za-pizzo\/#primaryimage\"},\"thumbnailUrl\":\"https:\/\/www.pekarna-pecjak.si\/wp-content\/uploads\/2025\/03\/Pecjak-produkt-Testo-za-pico_hero-2.jpg\",\"datePublished\":\"2025-03-13T11:39:47+00:00\",\"dateModified\":\"2026-03-20T08:10:25+00:00\",\"description\":\"Pica je nedvomno kraljica. \u010ce ne znate ali nimate \u010dasa pripraviti testa, je tu \u017ee pripravljeno testo za pizze. Samo odtajate ga in dodate nadev. Primerno za: pizze, kruh, pekovsko pecivo, gluhe \u0161truklje\",\"breadcrumb\":{\"@id\":\"https:\/\/www.pekarna-pecjak.si\/en\/trgovina\/testo-za-pizzo\/#breadcrumb\"},\"inLanguage\":\"en-US\",\"potentialAction\":[{\"@type\":\"ReadAction\",\"target\":[\"https:\/\/www.pekarna-pecjak.si\/en\/trgovina\/testo-za-pizzo\/\"]}]},{\"@type\":\"ImageObject\",\"inLanguage\":\"en-US\",\"@id\":\"https:\/\/www.pekarna-pecjak.si\/en\/trgovina\/testo-za-pizzo\/#primaryimage\",\"url\":\"https:\/\/www.pekarna-pecjak.si\/wp-content\/uploads\/2025\/03\/Pecjak-produkt-Testo-za-pico_hero-2.jpg\",\"contentUrl\":\"https:\/\/www.pekarna-pecjak.si\/wp-content\/uploads\/2025\/03\/Pecjak-produkt-Testo-za-pico_hero-2.jpg\",\"width\":1725,\"height\":800,\"caption\":\"Testo za pizzo\"},{\"@type\":\"BreadcrumbList\",\"@id\":\"https:\/\/www.pekarna-pecjak.si\/en\/trgovina\/testo-za-pizzo\/#breadcrumb\",\"itemListElement\":[{\"@type\":\"ListItem\",\"position\":1,\"name\":\"Home\",\"item\":\"https:\/\/www.pekarna-pecjak.si\/en\/\"},{\"@type\":\"ListItem\",\"position\":2,\"name\":\"Spletna trgovina\",\"item\":\"https:\/\/www.pekarna-pecjak.si\/trgovina\/\"},{\"@type\":\"ListItem\",\"position\":3,\"name\":\"Testo za pizzo\"}]},{\"@type\":\"WebSite\",\"@id\":\"https:\/\/www.pekarna-pecjak.si\/en\/#website\",\"url\":\"https:\/\/www.pekarna-pecjak.si\/en\/\",\"name\":\"Pekarna Pe\u010djak\",\"description\":\"\",\"potentialAction\":[{\"@type\":\"SearchAction\",\"target\":{\"@type\":\"EntryPoint\",\"urlTemplate\":\"https:\/\/www.pekarna-pecjak.si\/en\/?s={search_term_string}\"},\"query-input\":{\"@type\":\"PropertyValueSpecification\",\"valueRequired\":true,\"valueName\":\"search_term_string\"}}],\"inLanguage\":\"en-US\"}]}<\/script>\n<!-- \/ Yoast SEO plugin. -->","yoast_head_json":{"title":"Testo za pizzo - Pekarna Pe\u010djak","description":"Pica je nedvomno kraljica. \u010ce ne znate ali nimate \u010dasa pripraviti testa, je tu \u017ee pripravljeno testo za pizze. Samo odtajate ga in dodate nadev. Primerno za: pizze, kruh, pekovsko pecivo, gluhe \u0161truklje","robots":{"index":"index","follow":"follow","max-snippet":"max-snippet:-1","max-image-preview":"max-image-preview:large","max-video-preview":"max-video-preview:-1"},"canonical":"https:\/\/www.pekarna-pecjak.si\/en\/trgovina\/testo-za-pizzo\/","og_locale":"en_US","og_type":"article","og_title":"Testo za pizzo - Pekarna Pe\u010djak","og_description":"Pica je nedvomno kraljica. \u010ce ne znate ali nimate \u010dasa pripraviti testa, je tu \u017ee pripravljeno testo za pizze. Samo odtajate ga in dodate nadev. Primerno za: pizze, kruh, pekovsko pecivo, gluhe \u0161truklje","og_url":"https:\/\/www.pekarna-pecjak.si\/en\/trgovina\/testo-za-pizzo\/","og_site_name":"Pekarna Pe\u010djak","article_modified_time":"2026-03-20T08:10:25+00:00","og_image":[{"width":1725,"height":800,"url":"https:\/\/www.pekarna-pecjak.si\/wp-content\/uploads\/2025\/03\/Pecjak-produkt-Testo-za-pico_hero-2.jpg","type":"image\/jpeg"}],"twitter_card":"summary_large_image","schema":{"@context":"https:\/\/schema.org","@graph":[{"@type":"WebPage","@id":"https:\/\/www.pekarna-pecjak.si\/en\/trgovina\/testo-za-pizzo\/","url":"https:\/\/www.pekarna-pecjak.si\/en\/trgovina\/testo-za-pizzo\/","name":"Testo za pizzo - Pekarna Pe\u010djak","isPartOf":{"@id":"https:\/\/www.pekarna-pecjak.si\/en\/#website"},"primaryImageOfPage":{"@id":"https:\/\/www.pekarna-pecjak.si\/en\/trgovina\/testo-za-pizzo\/#primaryimage"},"image":{"@id":"https:\/\/www.pekarna-pecjak.si\/en\/trgovina\/testo-za-pizzo\/#primaryimage"},"thumbnailUrl":"https:\/\/www.pekarna-pecjak.si\/wp-content\/uploads\/2025\/03\/Pecjak-produkt-Testo-za-pico_hero-2.jpg","datePublished":"2025-03-13T11:39:47+00:00","dateModified":"2026-03-20T08:10:25+00:00","description":"Pica je nedvomno kraljica. \u010ce ne znate ali nimate \u010dasa pripraviti testa, je tu \u017ee pripravljeno testo za pizze. Samo odtajate ga in dodate nadev. Primerno za: pizze, kruh, pekovsko pecivo, gluhe \u0161truklje","breadcrumb":{"@id":"https:\/\/www.pekarna-pecjak.si\/en\/trgovina\/testo-za-pizzo\/#breadcrumb"},"inLanguage":"en-US","potentialAction":[{"@type":"ReadAction","target":["https:\/\/www.pekarna-pecjak.si\/en\/trgovina\/testo-za-pizzo\/"]}]},{"@type":"ImageObject","inLanguage":"en-US","@id":"https:\/\/www.pekarna-pecjak.si\/en\/trgovina\/testo-za-pizzo\/#primaryimage","url":"https:\/\/www.pekarna-pecjak.si\/wp-content\/uploads\/2025\/03\/Pecjak-produkt-Testo-za-pico_hero-2.jpg","contentUrl":"https:\/\/www.pekarna-pecjak.si\/wp-content\/uploads\/2025\/03\/Pecjak-produkt-Testo-za-pico_hero-2.jpg","width":1725,"height":800,"caption":"Testo za pizzo"},{"@type":"BreadcrumbList","@id":"https:\/\/www.pekarna-pecjak.si\/en\/trgovina\/testo-za-pizzo\/#breadcrumb","itemListElement":[{"@type":"ListItem","position":1,"name":"Home","item":"https:\/\/www.pekarna-pecjak.si\/en\/"},{"@type":"ListItem","position":2,"name":"Spletna trgovina","item":"https:\/\/www.pekarna-pecjak.si\/trgovina\/"},{"@type":"ListItem","position":3,"name":"Testo za pizzo"}]},{"@type":"WebSite","@id":"https:\/\/www.pekarna-pecjak.si\/en\/#website","url":"https:\/\/www.pekarna-pecjak.si\/en\/","name":"Pekarna Pe\u010djak","description":"","potentialAction":[{"@type":"SearchAction","target":{"@type":"EntryPoint","urlTemplate":"https:\/\/www.pekarna-pecjak.si\/en\/?s={search_term_string}"},"query-input":{"@type":"PropertyValueSpecification","valueRequired":true,"valueName":"search_term_string"}}],"inLanguage":"en-US"}]}},"_links":{"self":[{"href":"https:\/\/www.pekarna-pecjak.si\/en\/wp-json\/wp\/v2\/product\/8649","targetHints":{"allow":["GET"]}}],"collection":[{"href":"https:\/\/www.pekarna-pecjak.si\/en\/wp-json\/wp\/v2\/product"}],"about":[{"href":"https:\/\/www.pekarna-pecjak.si\/en\/wp-json\/wp\/v2\/types\/product"}],"wp:featuredmedia":[{"embeddable":true,"href":"https:\/\/www.pekarna-pecjak.si\/en\/wp-json\/wp\/v2\/media\/8650"}],"wp:attachment":[{"href":"https:\/\/www.pekarna-pecjak.si\/en\/wp-json\/wp\/v2\/media?parent=8649"}],"wp:term":[{"taxonomy":"product_brand","embeddable":true,"href":"https:\/\/www.pekarna-pecjak.si\/en\/wp-json\/wp\/v2\/product_brand?post=8649"},{"taxonomy":"product_cat","embeddable":true,"href":"https:\/\/www.pekarna-pecjak.si\/en\/wp-json\/wp\/v2\/product_cat?post=8649"},{"taxonomy":"product_tag","embeddable":true,"href":"https:\/\/www.pekarna-pecjak.si\/en\/wp-json\/wp\/v2\/product_tag?post=8649"}],"curies":[{"name":"wp","href":"https:\/\/api.w.org\/{rel}","templated":true}]}}